{"id":2394,"date":"2015-07-23T08:08:21","date_gmt":"2015-07-23T08:08:21","guid":{"rendered":"https:\/\/www.cortegrimani.com\/fr\/come-raggiungerci\/"},"modified":"2020-07-01T10:40:08","modified_gmt":"2020-07-01T10:40:08","slug":"comment-nous-rejoindre","status":"publish","type":"page","link":"https:\/\/www.cortegrimani.com\/fr\/comment-nous-rejoindre\/","title":{"rendered":"Comment nous rejoindre"},"content":{"rendered":"<div class=\"wpb-content-wrapper\">[vc_row][vc_column][vc_column_text]\n<h3>Comment nous rejoindre<\/h3>\n<p><strong>Residence Corte Grimani<\/strong><br \/>\nCorte Grimani, S.Marco 4402<br \/>\n30124 Venise, Italie<br \/>\nT\u00e9l. 0039.335.6956153<\/p>\n<p><iframe loading=\"lazy\" src=\"https:\/\/www.cortegrimani.com\/wp-content\/themes\/cromo\/mappa-2.htm\" width=\"100%\" height=\"550px\" frameborder=\"0\"><\/iframe><\/p>\n<h3>En voiture<\/h3>\n<p>Des p\u00e9ages des <b>autoroutes<\/b> <b>A4 <\/b>et<b> A27<\/b> prendre direction Venise. La voiture doit \u00eatre gar\u00e9e dans un des <b>parkings<\/b> de Piazzale Roma ou de l&rsquo;Isola del Tronchetto (\u00e0 la fin du Pont de la Libert\u00e9 \u00e0 droite) ou \u00e0 Mestre.<\/p>\n<p><strong>Residence Grimani <\/strong>: de Piazzale Roma et du Tronchetto, prenez le bateau \u00e0 vapeur n\u00b02 pour Rialto et descendez au Rialto. Ou bien prendre un taxi d&rsquo;eau qui vous am\u00e8ne directement \u00e0 l&rsquo;h\u00f4tel.<\/p>\n<p><strong>Appartements Ca\u2019 Nal<\/strong>\u00a0:\u00a0<a href=\"http:\/\/www.canalapartments.it\/fr\/contatti.html\" target=\"_blank\" rel=\"noopener noreferrer\">cliquez ici<\/a>.<\/p>\n<p><strong>Appartements Ca\u2019 Navagero\u00a0<\/strong>:\u00a0<a href=\"http:\/\/www.canavageroapartments.com\/fr\/contatti.html\" target=\"_blank\" rel=\"noopener noreferrer\">cliquez ici<\/a>.<\/p>\n<h3>En train<\/h3>\n<p><strong>Residence Grimani<\/strong> : De la Fondamenta en face de la gare ferroviaire Santa Lucia, prendre le bateau \u00e0 vapeur 1 ou 2 (Via Canal Grande) et descendre \u00e0 l&rsquo;arr\u00eat Rialto (15 minutes). Ou bien prendre un taxi d&rsquo;eau qui vous am\u00e8ne directement \u00e0 l&rsquo;h\u00f4tel.<\/p>\n<p><strong>Appartements Ca\u2019 Nal<\/strong>\u00a0:\u00a0<a href=\"http:\/\/www.canalapartments.it\/fr\/contatti.html\" target=\"_blank\" rel=\"noopener noreferrer\">cliquez ici<\/a>.<\/p>\n<p><strong>Appartements Ca\u2019 Navagero\u00a0<\/strong>:\u00a0<a href=\"http:\/\/www.canavageroapartments.com\/fr\/contatti.html\" target=\"_blank\" rel=\"noopener noreferrer\">cliquez ici<\/a>.<\/p>\n<h3>En avion<\/h3>\n<h6><strong>Depuis l\u2019a\u00e9roport de Venise<\/strong><\/h6>\n<p><strong>Residence Grimani<\/strong> : prendre la vedette de la ligne Alilaguna Arancio (orange), descendre \u00e0 l\u2019arr\u00eat Rialto et suivre les indications report\u00e9es au paragraphe suivant, ou bien prendre la ligne Alilaguna Blu (bleu) et descendre \u00e0 l\u2019arr\u00eat San Marco. De l&rsquo;A\u00e9roport de Venise, prendre le canot \u00e0 moteur des lignes Alilaguna et descendre \u00e0 l&rsquo;arr\u00eat Saint Marc (trajet 50 minutes environ). Parcourir ensuite Calle Vallaresso, \u00e0 la fin tourner \u00e0 gauche et tout de suite \u00e0 droite sur la Frezzeria, continuer tout droit jusqu&rsquo;\u00e0 croiser \u00e0 droite Calle Tron. A la fin tourner \u00e0 gauche sur Fondamenta Orseolo, aller tout droit, passer le Pont Goldoni et tourner \u00e0 gauche. Vous \u00eates arriv\u00e9s.<br \/>\nOu bien prendre la navette pour Venise &#8211; Piazzale Roma. Prendre le bateau \u00e0 vapeur 1 ou 2 (Via Canal Grande) et descendre \u00e0 l&rsquo;arr\u00eat Rialto (15 minutes).<br \/>\nOu bien prendre un taxi d&rsquo;eau qui vous am\u00e8ne directement \u00e0 l&rsquo;h\u00f4tel (30 minutes environ).<\/p>\n<p><strong>Appartements Ca\u2019 Nal<\/strong>\u00a0:\u00a0<a href=\"http:\/\/www.canalapartments.it\/fr\/contatti.html\" target=\"_blank\" rel=\"noopener noreferrer\">cliquez ici<\/a>.<\/p>\n<p><strong>Appartements Ca\u2019 Navagero\u00a0<\/strong>:\u00a0<a href=\"http:\/\/www.canavageroapartments.com\/fr\/contatti.html\" target=\"_blank\" rel=\"noopener noreferrer\">cliquez ici<\/a>.<\/p>\n<h6><strong>De l&rsquo;A\u00e9roport de Tr\u00e9vise<\/strong><\/h6>\n<p><strong>Residence Grimani<\/strong> : prendre la navette pour Venise Piazzale Roma, puis prendre le bateau \u00e0 vapeur 1 ou 2 (Via Canal Grande) et descendre \u00e0 l&rsquo;arr\u00eat Rialto (15 minutes).<\/p>\n<p><strong>Appartements Ca\u2019 Nal<\/strong>\u00a0:\u00a0<a href=\"http:\/\/www.canalapartments.it\/fr\/contatti.html\" target=\"_blank\" rel=\"noopener noreferrer\">cliquez ici<\/a>.<\/p>\n<p><strong>Appartements Ca\u2019 Navagero\u00a0<\/strong>:\u00a0<a href=\"http:\/\/www.canavageroapartments.com\/fr\/contatti.html\" target=\"_blank\" rel=\"noopener noreferrer\">cliquez ici<\/a>.<\/p>\n<h3>De l&rsquo;arr\u00eat Rialto \u00e0 la R\u00e9sidence<\/h3>\n<p><b>Vaporetto n. 1 et Alilaguna Arancio<\/b> | Prendre en face de vous Calle Bembo. A la fin de la rue tourner \u00e0 droite Calle del Teatro, puis \u00e0 gauche jusqu&rsquo;\u00e0 Campo San Luca. Prendre en face de vous Calle Goldoni. Continuer jusqu&rsquo;\u00e0 Ponte Goldoni. Une fois arriv\u00e9s au pont, \u00e0 droite il y a une banque, monter 4 marches, tourner \u00e0 droite et parcourir la passerelle de marbre sur l&rsquo;eau qui porte directement \u00e0 la R\u00e9sidence.<\/p>\n<p><b>Vaporetto n. 2<\/b> | Tourner \u00e0 droite le long du Canal Grande. Parcourez la Riva del Ferro en passant sous les arcades du palais sur le Canal Grande. Traverser le pont et prendre la premi\u00e8re rue \u00e0 gauche (Calle Bembo); \u00e0 la fin de la rue tourner \u00e0 droite Calle del Teatro, puis \u00e0 gauche jusqu&rsquo;\u00e0 Campo San Luca. Prendre en face de vous Calle Goldoni. Continuer jusqu&rsquo;\u00e0 Ponte Goldoni. Une fois arriv\u00e9s au pont, \u00e0 droite il y a une banque, monter 4 marches, tourner \u00e0 droite et parcourir la passerelle de marbre sur l&rsquo;eau qui porte directement \u00e0 la R\u00e9sidence.[\/vc_column_text][\/vc_column][\/vc_row][vc_row][vc_column][vc_raw_js]JTNDcCUyMGNsYXNzJTNEJTIyc3RhbXBhJTIyJTNFJTNDYSUyMGhyZWYlM0QlMjIlMjMlMjIlMjBvbmNsaWNrJTNEJTIyc2VsZi5wcmludCUyOCUyOSUzQnJldHVybiUyMGZhbHNlJTNCJTIyJTNFSW1wcmltZXIlM0MlMkZhJTNFJTNDJTJGcCUzRQ==[\/vc_raw_js][\/vc_column][\/vc_row]\n<\/p><\/div>","protected":false},"excerpt":{"rendered":"<p>[vc_row][vc_column][vc_column_text] Comment nous rejoindre Residence Corte Grimani Corte Grimani, S.Marco 4402 30124 Venise, Italie T\u00e9l. 0039.335.6956153 En voiture Des p\u00e9ages des autoroutes A4 et A27 prendre direction Venise. La voiture doit \u00eatre gar\u00e9e dans un des parkings de Piazzale Roma ou de l&rsquo;Isola del Tronchetto (\u00e0 la fin du Pont de la Libert\u00e9 \u00e0 droite) [&hellip;]<\/p>\n","protected":false},"author":36,"featured_media":0,"parent":0,"menu_order":0,"comment_status":"open","ping_status":"open","template":"page_landing.php","meta":{"_genesis_hide_title":false,"_genesis_hide_breadcrumbs":false,"_genesis_hide_singular_image":false,"_genesis_hide_footer_widgets":false,"_genesis_custom_body_class":"comeraggiungerci","_genesis_custom_post_class":"","_genesis_layout":"","footnotes":""},"class_list":{"0":"post-2394","1":"page","2":"type-page","3":"status-publish","5":"entry"},"yoast_head":"<!-- This site is optimized with the Yoast SEO plugin v25.7 - https:\/\/yoast.com\/wordpress\/plugins\/seo\/ -->\n<title>Comment nous rejoindre - Residence Corte Grimani<\/title>\n<meta name=\"description\" content=\"Comment nous rejoindre, Residence Corte Grimani:\" \/>\n<meta name=\"robots\" content=\"index, follow, max-snippet:-1, max-image-preview:large, max-video-preview:-1\" \/>\n<link rel=\"canonical\" href=\"https:\/\/www.cortegrimani.com\/fr\/comment-nous-rejoindre\/\" \/>\n<meta property=\"og:locale\" content=\"fr_FR\" \/>\n<meta property=\"og:type\" content=\"article\" \/>\n<meta property=\"og:title\" content=\"Comment nous rejoindre - Residence Corte Grimani\" \/>\n<meta property=\"og:description\" content=\"Comment nous rejoindre, Residence Corte Grimani:\" \/>\n<meta property=\"og:url\" content=\"https:\/\/www.cortegrimani.com\/fr\/comment-nous-rejoindre\/\" \/>\n<meta property=\"og:site_name\" content=\"Residence Corte Grimani\" \/>\n<meta property=\"article:modified_time\" content=\"2020-07-01T10:40:08+00:00\" \/>\n<meta name=\"twitter:label1\" content=\"Dur\u00e9e de lecture estim\u00e9e\" \/>\n\t<meta name=\"twitter:data1\" content=\"3 minutes\" \/>\n<script type=\"application\/ld+json\" class=\"yoast-schema-graph\">{\"@context\":\"https:\/\/schema.org\",\"@graph\":[{\"@type\":\"WebPage\",\"@id\":\"https:\/\/www.cortegrimani.com\/fr\/comment-nous-rejoindre\/\",\"url\":\"https:\/\/www.cortegrimani.com\/fr\/comment-nous-rejoindre\/\",\"name\":\"Comment nous rejoindre - Residence Corte Grimani\",\"isPartOf\":{\"@id\":\"https:\/\/www.cortegrimani.com\/fr\/#website\"},\"datePublished\":\"2015-07-23T08:08:21+00:00\",\"dateModified\":\"2020-07-01T10:40:08+00:00\",\"description\":\"Comment nous rejoindre, Residence Corte Grimani:\",\"breadcrumb\":{\"@id\":\"https:\/\/www.cortegrimani.com\/fr\/comment-nous-rejoindre\/#breadcrumb\"},\"inLanguage\":\"fr-FR\",\"potentialAction\":[{\"@type\":\"ReadAction\",\"target\":[\"https:\/\/www.cortegrimani.com\/fr\/comment-nous-rejoindre\/\"]}]},{\"@type\":\"BreadcrumbList\",\"@id\":\"https:\/\/www.cortegrimani.com\/fr\/comment-nous-rejoindre\/#breadcrumb\",\"itemListElement\":[{\"@type\":\"ListItem\",\"position\":1,\"name\":\"Home\",\"item\":\"https:\/\/www.cortegrimani.com\/fr\/\"},{\"@type\":\"ListItem\",\"position\":2,\"name\":\"Comment nous rejoindre\"}]},{\"@type\":\"WebSite\",\"@id\":\"https:\/\/www.cortegrimani.com\/fr\/#website\",\"url\":\"https:\/\/www.cortegrimani.com\/fr\/\",\"name\":\"Residence Corte Grimani\",\"description\":\"\",\"potentialAction\":[{\"@type\":\"SearchAction\",\"target\":{\"@type\":\"EntryPoint\",\"urlTemplate\":\"https:\/\/www.cortegrimani.com\/fr\/?s={search_term_string}\"},\"query-input\":{\"@type\":\"PropertyValueSpecification\",\"valueRequired\":true,\"valueName\":\"search_term_string\"}}],\"inLanguage\":\"fr-FR\"}]}<\/script>\n<!-- \/ Yoast SEO plugin. -->","yoast_head_json":{"title":"Comment nous rejoindre - Residence Corte Grimani","description":"Comment nous rejoindre, Residence Corte Grimani:","robots":{"index":"index","follow":"follow","max-snippet":"max-snippet:-1","max-image-preview":"max-image-preview:large","max-video-preview":"max-video-preview:-1"},"canonical":"https:\/\/www.cortegrimani.com\/fr\/comment-nous-rejoindre\/","og_locale":"fr_FR","og_type":"article","og_title":"Comment nous rejoindre - Residence Corte Grimani","og_description":"Comment nous rejoindre, Residence Corte Grimani:","og_url":"https:\/\/www.cortegrimani.com\/fr\/comment-nous-rejoindre\/","og_site_name":"Residence Corte Grimani","article_modified_time":"2020-07-01T10:40:08+00:00","twitter_misc":{"Dur\u00e9e de lecture estim\u00e9e":"3 minutes"},"schema":{"@context":"https:\/\/schema.org","@graph":[{"@type":"WebPage","@id":"https:\/\/www.cortegrimani.com\/fr\/comment-nous-rejoindre\/","url":"https:\/\/www.cortegrimani.com\/fr\/comment-nous-rejoindre\/","name":"Comment nous rejoindre - Residence Corte Grimani","isPartOf":{"@id":"https:\/\/www.cortegrimani.com\/fr\/#website"},"datePublished":"2015-07-23T08:08:21+00:00","dateModified":"2020-07-01T10:40:08+00:00","description":"Comment nous rejoindre, Residence Corte Grimani:","breadcrumb":{"@id":"https:\/\/www.cortegrimani.com\/fr\/comment-nous-rejoindre\/#breadcrumb"},"inLanguage":"fr-FR","potentialAction":[{"@type":"ReadAction","target":["https:\/\/www.cortegrimani.com\/fr\/comment-nous-rejoindre\/"]}]},{"@type":"BreadcrumbList","@id":"https:\/\/www.cortegrimani.com\/fr\/comment-nous-rejoindre\/#breadcrumb","itemListElement":[{"@type":"ListItem","position":1,"name":"Home","item":"https:\/\/www.cortegrimani.com\/fr\/"},{"@type":"ListItem","position":2,"name":"Comment nous rejoindre"}]},{"@type":"WebSite","@id":"https:\/\/www.cortegrimani.com\/fr\/#website","url":"https:\/\/www.cortegrimani.com\/fr\/","name":"Residence Corte Grimani","description":"","potentialAction":[{"@type":"SearchAction","target":{"@type":"EntryPoint","urlTemplate":"https:\/\/www.cortegrimani.com\/fr\/?s={search_term_string}"},"query-input":{"@type":"PropertyValueSpecification","valueRequired":true,"valueName":"search_term_string"}}],"inLanguage":"fr-FR"}]}},"publishpress_future_action":{"enabled":false,"date":"2026-05-05 12:26:28","action":"change-status","newStatus":"draft","terms":[],"taxonomy":"translation_priority","extraData":[]},"publishpress_future_workflow_manual_trigger":{"enabledWorkflows":[]},"_links":{"self":[{"href":"https:\/\/www.cortegrimani.com\/fr\/wp-json\/wp\/v2\/pages\/2394","targetHints":{"allow":["GET"]}}],"collection":[{"href":"https:\/\/www.cortegrimani.com\/fr\/wp-json\/wp\/v2\/pages"}],"about":[{"href":"https:\/\/www.cortegrimani.com\/fr\/wp-json\/wp\/v2\/types\/page"}],"author":[{"embeddable":true,"href":"https:\/\/www.cortegrimani.com\/fr\/wp-json\/wp\/v2\/users\/36"}],"replies":[{"embeddable":true,"href":"https:\/\/www.cortegrimani.com\/fr\/wp-json\/wp\/v2\/comments?post=2394"}],"version-history":[{"count":5,"href":"https:\/\/www.cortegrimani.com\/fr\/wp-json\/wp\/v2\/pages\/2394\/revisions"}],"predecessor-version":[{"id":3275,"href":"https:\/\/www.cortegrimani.com\/fr\/wp-json\/wp\/v2\/pages\/2394\/revisions\/3275"}],"wp:attachment":[{"href":"https:\/\/www.cortegrimani.com\/fr\/wp-json\/wp\/v2\/media?parent=2394"}],"curies":[{"name":"wp","href":"https:\/\/api.w.org\/{rel}","templated":true}]}}