{"id":2370,"date":"2015-07-23T08:07:57","date_gmt":"2015-07-23T08:07:57","guid":{"rendered":"https:\/\/www.cortegrimani.com\/fr\/posizione\/"},"modified":"2020-07-06T08:22:48","modified_gmt":"2020-07-06T08:22:48","slug":"situation","status":"publish","type":"page","link":"https:\/\/www.cortegrimani.com\/fr\/situation\/","title":{"rendered":"Situation"},"content":{"rendered":"<div class=\"wpb-content-wrapper\">[vc_row full_height=\u00a0\u00bbyes\u00a0\u00bb parallax=\u00a0\u00bbcontent-moving\u00a0\u00bb bg_type=\u00a0\u00bbimage\u00a0\u00bb parallax_style=\u00a0\u00bbvcpb-default\u00a0\u00bb bg_image_new=\u00a0\u00bbid^2062|url^https:\/\/www.cortegrimani.com\/wp-content\/uploads\/2015\/07\/dettaglio_basilica.jpg|caption^null|alt^null|title^dettaglio_basilica|description^null\u00a0\u00bb bg_image_repeat=\u00a0\u00bbno-repeat\u00a0\u00bb bg_img_attach=\u00a0\u00bbfixed\u00a0\u00bb parallax_content=\u00a0\u00bbparallax_content_value\u00a0\u00bb][vc_column][vc_column_text]\n<div class=\"payoff\">\n<h1>Appartements de charme entre San Marco et Rialto<\/h1>\n<\/div>\n[\/vc_column_text][\/vc_column][\/vc_row][vc_row el_class=\u00a0\u00bbsfumata\u00a0\u00bb][vc_column][vc_row_inner el_class=\u00a0\u00bbwrap\u00a0\u00bb][vc_column_inner][vc_empty_space height=\u00a0\u00bb50px\u00a0\u00bb][vc_column_text]\n<h2 style=\"text-align: center;\">Situation<\/h2>\n<p style=\"text-align: left;\">La R\u00e9sidence Corte Grimani vous offre des <strong>appartements de vacances modernes \u00e0 Venise<\/strong>, dont 15 sont situ\u00e9s dans la R\u00e9sidence entre Saint-Marc et Rialto, <span lang=\"fr\">5 autres dans un b\u00e2timent de la mercerie derri\u00e8re la Piazza San Marco et 3 dans un b\u00e2timent historique de la Riva degli Schiavoni non loin de la Biennale.<\/span><\/p>\n<p><img decoding=\"async\" src=\"https:\/\/www.cortegrimani.com\/wp-content\/uploads\/2013\/09\/fregio-bianco.png\" \/><\/p>\n<h3 style=\"text-align: center;\">Appartements Ca\u2019 Nal et Ca\u2019 Navagero<\/h3>\n<p class=\"testo_bianco_loc\">Les appartements <strong>Ca\u2019 Nal<\/strong> se trouvent dans un palais situ\u00e9 au c\u0153ur de <strong>Venise<\/strong>, dans le quartier des <strong>Mercerie<\/strong>, \u00e0 mi-chemin entre le <strong>Rialto<\/strong> et <strong>Saint-Marc<\/strong>, sur le <strong>Ponte dei Bareteri<\/strong> historique, tandis que les appartements <strong>Ca\u2019 Navagero<\/strong> surplombent la <strong>Riva degli Schiavoni<\/strong>, entre la place <strong>Saint-Marc<\/strong> et les jardins de la <strong>Biennale<\/strong>.<\/p>\n<h3 style=\"text-align: center;\">Appartements Residence Grimani<\/h3>\n<p class=\"testo_bianco_loc\">La R\u00e9sidence Corte Grimani se trouve dans une <b>position optimale<\/b>: dans un immeuble antique avec une cour priv\u00e9e tranquille, isol\u00e9 des va-et-vient touristiques tout en \u00e9tant en plein centre, \u00e0 <b>2 minutes<\/b> \u00e0 pied de <b>Place Saint Marc<\/b> et du <b>Pont de Rialto<\/b>, o\u00f9 s&rsquo;arr\u00eatent les principales lignes des bateaux \u00e0 vapeur provenant de Piazzale Roma (terminal des voitures) et de la Gare Ferroviaire. Rare privil\u00e8ge, la <b>porte d&rsquo;eau<\/b> sur le canal permet aux taxis d&rsquo;eau d&rsquo;arriver facilement jusqu&rsquo;\u00e0 l&rsquo;entr\u00e9e de la R\u00e9sidence.<\/p>\n<p><iframe loading=\"lazy\" class=\"googlemap\" src=\"https:\/\/www.cortegrimani.com\/wp-content\/themes\/cromo\/mappa-2.htm\" width=\"100%\" height=\"550px\" frameborder=\"0\"><\/iframe><\/p>\n<a href=\"https:\/\/www.cortegrimani.com\/fr\/comment-nous-rejoindre\/\" class=\"popup\" data-width=\"750\" data-height=\"600\" data-scrollbars=\"1\" alt=\"popup\">\n<p class=\"nascondimobile\">Imprimer la carte avec les indications pour nous rejoindre<\/p>\n<\/a>\n<p class=\"testo_bianco_loc\">A proximit\u00e9, en passant devant le <b>Bassin Orseolo<\/b> o\u00f9 se rassemblent les gondoliers, vous atteignez Place Saint Marc, o\u00f9 se trouvent les monuments et les mus\u00e9es les plus significatifs de Venise: <b>la Basilique de Saint Marc<\/b>, <b>le Palais des Doges<\/b>, <b>les Procuraties<\/b> avec le <b>Mus\u00e9e Correr<\/b> et la Biblioth\u00e8que Marciana. Quelques m\u00e8tres plus loin, vous atteignez le Pont de Rialto avec les boutiques caract\u00e9ristiques qui le traversent et le march\u00e9 pittoresque des fruits et l\u00e9gumes, aux pieds du pont.<\/p>\n<p class=\"testo_bianco_loc\">Le <b>Th\u00e9\u00e2tre La Fenice<\/b>, o\u00f9 se d\u00e9roulent l&rsquo;importante saison lyrique ainsi que les \u00e9v\u00e8nements du Festival de la Biennale Musique, est \u00e0 5 minutes.<\/p>\n<p class=\"testo_bianco_loc\">Pour visiter la <b>Biennale d&rsquo;Art<\/b> et celle d&rsquo;Architecture, avec une promenade panoramique d&rsquo;une demi-heure, vous arrivez aux Jardins, si\u00e8ge historique des expositions. Pour les amoureux de l&rsquo;art contemporain, nous vous signalons le Galerie d&rsquo;Art Moderne de <b>Ca\u2019 Pesaro<\/b>, que vous atteignez apr\u00e8s deux arr\u00eats de bateau \u00e0 vapeur en partant de Rialto, qui expose les chefs-d&rsquo;oeuvre de Klimt, Chagall, Kandinsky, Klee et Matisse.<\/p>\n<p class=\"testo_bianco_loc\">Pour ceux qui aiment la peinture v\u00e9nitienne du XIV\u00b0 au XVIII\u00b0 si\u00e8cle, la visite aux <b>Galeries de l&rsquo;Acad\u00e9mie<\/b> est indispensable, \u00e0 15 minutes \u00e0 pied, avec les chefs-d&rsquo;oeuvre de Carpaccio \u00e0 Bellino, de Giorgione au <b>Titien<\/b>, de Veronese \u00e0 Tintoretto.<\/p>\n<p class=\"testo_bianco_loc\">Le <b>shopping<\/b> le plus raffin\u00e9 se fait parmi les boutiques du verre, de l&rsquo;or et de la dentelle sur la Place Saint Marc, parmi celles du pr\u00eat-\u00e0-porter et des accessoires des stylistes internationaux Via XXII Marzo et aux Merceries. \u00e0 proximit\u00e9 de la R\u00e9sidence.<\/p>\n[\/vc_column_text][vc_empty_space height=\u00a0\u00bb50px\u00a0\u00bb][vc_media_grid element_width=\u00a0\u00bb3&Prime; item=\u00a0\u00bbmediaGrid_FadeInWithIcon\u00a0\u00bb grid_id=\u00a0\u00bbvc_gid:1594023636066-2d7eb772-51cf-0&Prime; include=\u00a0\u00bb2150,2149,2148,2151&Prime; css=\u00a0\u00bb.vc_custom_1523894459020{margin-top: 10px !important;}\u00a0\u00bb][vc_empty_space height=\u00a0\u00bb50px\u00a0\u00bb][\/vc_column_inner][\/vc_row_inner][\/vc_column][\/vc_row][vc_row full_height=\u00a0\u00bbyes\u00a0\u00bb columns_placement=\u00a0\u00bbtop\u00a0\u00bb parallax=\u00a0\u00bbcontent-moving\u00a0\u00bb bg_type=\u00a0\u00bbimage\u00a0\u00bb parallax_style=\u00a0\u00bbvcpb-vz-jquery\u00a0\u00bb bg_image_new=\u00a0\u00bbid^2061|url^https:\/\/www.cortegrimani.com\/wp-content\/uploads\/2015\/07\/Fotolia_69128043_L.jpg|caption^null|alt^null|title^Fotolia_69128043_L|description^null\u00a0\u00bb bg_image_repeat=\u00a0\u00bbno-repeat\u00a0\u00bb parallax_content=\u00a0\u00bbparallax_content_value\u00a0\u00bb el_class=\u00a0\u00bbservizi\u00a0\u00bb][vc_column][vc_column_text]\n<h2>Comment nous rejoindre<\/h2>\n[\/vc_column_text][\/vc_column][\/vc_row][vc_row el_class=\u00a0\u00bbwrap\u00a0\u00bb css=\u00a0\u00bb.vc_custom_1464276278126{margin-top: 50px !important;margin-bottom: 50px !important;}\u00a0\u00bb][vc_column width=\u00a0\u00bb1\/3&Prime;][vc_column_text]\n<h3>En voiture<\/h3>\n<p>Des p\u00e9ages des <b>autoroutes<\/b> <b>A4 <\/b>et<b> A27<\/b> prendre direction Venise. La voiture doit \u00eatre gar\u00e9e dans un des <b>parkings<\/b> de Piazzale Roma ou de l&rsquo;Isola del Tronchetto (\u00e0 la fin du Pont de la Libert\u00e9 \u00e0 droite) ou \u00e0 Mestre.<\/p>\n<p><strong>Residence Grimani <\/strong>: de Piazzale Roma et du Tronchetto, prenez le bateau \u00e0 vapeur n\u00b02 pour Rialto et descendez au Rialto. Ou bien prendre un taxi d&rsquo;eau qui vous am\u00e8ne directement \u00e0 l&rsquo;h\u00f4tel.<\/p>\n<p><strong>Appartements Ca&rsquo; Nal<\/strong> : <a href=\"http:\/\/www.canalapartments.it\/fr\/contatti.html\" target=\"_blank\" rel=\"noopener noreferrer\">cliquez ici<\/a>.<\/p>\n<p><strong>Appartements Ca&rsquo; Navagero <\/strong>: <a href=\"http:\/\/www.canavageroapartments.com\/fr\/contatti.html\" target=\"_blank\" rel=\"noopener noreferrer\">cliquez ici<\/a>.<\/p>\n<h3>En train<\/h3>\n<p><strong>Residence Grimani<\/strong> : De la Fondamenta en face de la gare ferroviaire Santa Lucia, prendre le bateau \u00e0 vapeur 1 ou 2 (Via Canal Grande) et descendre \u00e0 l&rsquo;arr\u00eat Rialto (15 minutes). Ou bien prendre un taxi d&rsquo;eau qui vous am\u00e8ne directement \u00e0 l&rsquo;h\u00f4tel.<\/p>\n<p><strong>Appartements Ca&rsquo; Nal<\/strong> : <a href=\"http:\/\/www.canalapartments.it\/fr\/contatti.html\" target=\"_blank\" rel=\"noopener noreferrer\">cliquez ici<\/a>.<\/p>\n<p><strong>Appartements Ca&rsquo; Navagero <\/strong>: <a href=\"http:\/\/www.canavageroapartments.com\/fr\/contatti.html\" target=\"_blank\" rel=\"noopener noreferrer\">cliquez ici<\/a>.<\/p>\n[\/vc_column_text][\/vc_column][vc_column width=\u00a0\u00bb1\/3&Prime;][vc_column_text]\n<h3>En avion<\/h3>\n<h6><strong>Depuis l\u2019a\u00e9roport de Venise<\/strong><\/h6>\n<p><strong>Residence Grimani<\/strong> : prendre la vedette de la ligne Alilaguna Arancio (orange), descendre \u00e0 l\u2019arr\u00eat Rialto et suivre les indications report\u00e9es au paragraphe suivant, ou bien prendre la ligne Alilaguna Blu (bleu) et descendre \u00e0 l\u2019arr\u00eat San Marco. De l&rsquo;A\u00e9roport de Venise, prendre le canot \u00e0 moteur des lignes Alilaguna et descendre \u00e0 l&rsquo;arr\u00eat Saint Marc (trajet 50 minutes environ). Parcourir ensuite Calle Vallaresso, \u00e0 la fin tourner \u00e0 gauche et tout de suite \u00e0 droite sur la Frezzeria, continuer tout droit jusqu&rsquo;\u00e0 croiser \u00e0 droite Calle Tron. A la fin tourner \u00e0 gauche sur Fondamenta Orseolo, aller tout droit, passer le Pont Goldoni et tourner \u00e0 gauche. Vous \u00eates arriv\u00e9s.<br \/>\nOu bien prendre la navette pour Venise &#8211; Piazzale Roma. Prendre le bateau \u00e0 vapeur 1 ou 2 (Via Canal Grande) et descendre \u00e0 l&rsquo;arr\u00eat Rialto (15 minutes).<br \/>\nOu bien prendre un taxi d&rsquo;eau qui vous am\u00e8ne directement \u00e0 l&rsquo;h\u00f4tel (30 minutes environ).<\/p>\n<p><strong>Appartements Ca&rsquo; Nal<\/strong> : <a href=\"http:\/\/www.canalapartments.it\/fr\/contatti.html\" target=\"_blank\" rel=\"noopener noreferrer\">cliquez ici<\/a>.<\/p>\n<p><strong>Appartements Ca&rsquo; Navagero <\/strong>: <a href=\"http:\/\/www.canavageroapartments.com\/fr\/contatti.html\" target=\"_blank\" rel=\"noopener noreferrer\">cliquez ici<\/a>.<\/p>\n<h6><strong>De l&rsquo;A\u00e9roport de Tr\u00e9vise<\/strong><\/h6>\n<p><strong>Residence Grimani<\/strong> : prendre la navette pour Venise Piazzale Roma, puis prendre le bateau \u00e0 vapeur 1 ou 2 (Via Canal Grande) et descendre \u00e0 l&rsquo;arr\u00eat Rialto (15 minutes).<\/p>\n<p><strong>Appartements Ca&rsquo; Nal<\/strong> : <a href=\"http:\/\/www.canalapartments.it\/fr\/contatti.html\" target=\"_blank\" rel=\"noopener noreferrer\">cliquez ici<\/a>.<\/p>\n<p><strong>Appartements Ca&rsquo; Navagero <\/strong>: <a href=\"http:\/\/www.canavageroapartments.com\/fr\/contatti.html\" target=\"_blank\" rel=\"noopener noreferrer\">cliquez ici<\/a>.<\/p>\n[\/vc_column_text][\/vc_column][vc_column width=\u00a0\u00bb1\/3&Prime;][vc_column_text]\n<h3>De l&rsquo;arr\u00eat Rialto \u00e0 la R\u00e9sidence<\/h3>\n<p><b>Vaporetto n. 1 et Alilaguna Arancio<\/b>\u00a0| Prendre en face de vous Calle Bembo. A la fin de la rue tourner \u00e0 droite Calle del Teatro, puis \u00e0 gauche jusqu&rsquo;\u00e0 Campo San Luca. Prendre en face de vous Calle Goldoni. Continuer jusqu&rsquo;\u00e0 Ponte Goldoni. Une fois arriv\u00e9s au pont, \u00e0 droite il y a une banque, monter 4 marches, tourner \u00e0 droite et parcourir la passerelle de marbre sur l&rsquo;eau qui porte directement \u00e0 la R\u00e9sidence.<\/p>\n<p><b>Vaporetto n. 2<\/b> | Tourner \u00e0 droite le long du Canal Grande. Parcourez la Riva del Ferro en passant sous les arcades du palais sur le Canal Grande. Traverser le pont et prendre la premi\u00e8re rue \u00e0 gauche (Calle Bembo); \u00e0 la fin de la rue tourner \u00e0 droite Calle del Teatro, puis \u00e0 gauche jusqu&rsquo;\u00e0 Campo San Luca. Prendre en face de vous Calle Goldoni. Continuer jusqu&rsquo;\u00e0 Ponte Goldoni. Une fois arriv\u00e9s au pont, \u00e0 droite il y a une banque, monter 4 marches, tourner \u00e0 droite et parcourir la passerelle de marbre sur l&rsquo;eau qui porte directement \u00e0 la R\u00e9sidence.[\/vc_column_text][\/vc_column][\/vc_row]\n<\/p><\/div>","protected":false},"excerpt":{"rendered":"<p>[vc_row full_height=\u00a0\u00bbyes\u00a0\u00bb parallax=\u00a0\u00bbcontent-moving\u00a0\u00bb bg_type=\u00a0\u00bbimage\u00a0\u00bb parallax_style=\u00a0\u00bbvcpb-default\u00a0\u00bb bg_image_new=\u00a0\u00bbid^2062|url^https:\/\/www.cortegrimani.com\/wp-content\/uploads\/2015\/07\/dettaglio_basilica.jpg|caption^null|alt^null|title^dettaglio_basilica|description^null\u00a0\u00bb bg_image_repeat=\u00a0\u00bbno-repeat\u00a0\u00bb bg_img_attach=\u00a0\u00bbfixed\u00a0\u00bb parallax_content=\u00a0\u00bbparallax_content_value\u00a0\u00bb][vc_column][vc_column_text] Appartements de charme entre San Marco et Rialto [\/vc_column_text][\/vc_column][\/vc_row][vc_row el_class=\u00a0\u00bbsfumata\u00a0\u00bb][vc_column][vc_row_inner el_class=\u00a0\u00bbwrap\u00a0\u00bb][vc_column_inner][vc_empty_space height=\u00a0\u00bb50px\u00a0\u00bb][vc_column_text] Situation La R\u00e9sidence Corte Grimani vous offre des appartements de vacances modernes \u00e0 Venise, dont 15 sont situ\u00e9s dans la R\u00e9sidence entre Saint-Marc et Rialto, 5 autres dans un b\u00e2timent de la mercerie derri\u00e8re [&hellip;]<\/p>\n","protected":false},"author":36,"featured_media":0,"parent":0,"menu_order":0,"comment_status":"open","ping_status":"open","template":"","meta":{"_genesis_hide_title":false,"_genesis_hide_breadcrumbs":false,"_genesis_hide_singular_image":false,"_genesis_hide_footer_widgets":false,"_genesis_custom_body_class":"interna payoff-interno posizione","_genesis_custom_post_class":"","_genesis_layout":"","footnotes":""},"class_list":{"0":"post-2370","1":"page","2":"type-page","3":"status-publish","5":"entry"},"yoast_head":"<!-- This site is optimized with the Yoast SEO plugin v25.7 - https:\/\/yoast.com\/wordpress\/plugins\/seo\/ -->\n<title>Situation - Residence Corte Grimani<\/title>\n<meta name=\"description\" content=\"Situation, Residence Corte Grimani:\" \/>\n<meta name=\"robots\" content=\"index, follow, max-snippet:-1, max-image-preview:large, max-video-preview:-1\" \/>\n<link rel=\"canonical\" href=\"https:\/\/www.cortegrimani.com\/fr\/situation\/\" \/>\n<meta property=\"og:locale\" content=\"fr_FR\" \/>\n<meta property=\"og:type\" content=\"article\" \/>\n<meta property=\"og:title\" content=\"Situation - Residence Corte Grimani\" \/>\n<meta property=\"og:description\" content=\"Situation, Residence Corte Grimani:\" \/>\n<meta property=\"og:url\" content=\"https:\/\/www.cortegrimani.com\/fr\/situation\/\" \/>\n<meta property=\"og:site_name\" content=\"Residence Corte Grimani\" \/>\n<meta property=\"article:modified_time\" content=\"2020-07-06T08:22:48+00:00\" \/>\n<meta property=\"og:image\" content=\"https:\/\/www.cortegrimani.com\/wp-content\/uploads\/2013\/09\/fregio-bianco.png\" \/>\n<meta name=\"twitter:label1\" content=\"Dur\u00e9e de lecture estim\u00e9e\" \/>\n\t<meta name=\"twitter:data1\" content=\"6 minutes\" \/>\n<script type=\"application\/ld+json\" class=\"yoast-schema-graph\">{\"@context\":\"https:\/\/schema.org\",\"@graph\":[{\"@type\":\"WebPage\",\"@id\":\"https:\/\/www.cortegrimani.com\/fr\/situation\/\",\"url\":\"https:\/\/www.cortegrimani.com\/fr\/situation\/\",\"name\":\"Situation - Residence Corte Grimani\",\"isPartOf\":{\"@id\":\"https:\/\/www.cortegrimani.com\/fr\/#website\"},\"primaryImageOfPage\":{\"@id\":\"https:\/\/www.cortegrimani.com\/fr\/situation\/#primaryimage\"},\"image\":{\"@id\":\"https:\/\/www.cortegrimani.com\/fr\/situation\/#primaryimage\"},\"thumbnailUrl\":\"https:\/\/www.cortegrimani.com\/wp-content\/uploads\/2013\/09\/fregio-bianco.png\",\"datePublished\":\"2015-07-23T08:07:57+00:00\",\"dateModified\":\"2020-07-06T08:22:48+00:00\",\"description\":\"Situation, Residence Corte Grimani:\",\"breadcrumb\":{\"@id\":\"https:\/\/www.cortegrimani.com\/fr\/situation\/#breadcrumb\"},\"inLanguage\":\"fr-FR\",\"potentialAction\":[{\"@type\":\"ReadAction\",\"target\":[\"https:\/\/www.cortegrimani.com\/fr\/situation\/\"]}]},{\"@type\":\"ImageObject\",\"inLanguage\":\"fr-FR\",\"@id\":\"https:\/\/www.cortegrimani.com\/fr\/situation\/#primaryimage\",\"url\":\"https:\/\/www.cortegrimani.com\/wp-content\/uploads\/2013\/09\/fregio-bianco.png\",\"contentUrl\":\"https:\/\/www.cortegrimani.com\/wp-content\/uploads\/2013\/09\/fregio-bianco.png\"},{\"@type\":\"BreadcrumbList\",\"@id\":\"https:\/\/www.cortegrimani.com\/fr\/situation\/#breadcrumb\",\"itemListElement\":[{\"@type\":\"ListItem\",\"position\":1,\"name\":\"Home\",\"item\":\"https:\/\/www.cortegrimani.com\/fr\/\"},{\"@type\":\"ListItem\",\"position\":2,\"name\":\"Situation\"}]},{\"@type\":\"WebSite\",\"@id\":\"https:\/\/www.cortegrimani.com\/fr\/#website\",\"url\":\"https:\/\/www.cortegrimani.com\/fr\/\",\"name\":\"Residence Corte Grimani\",\"description\":\"\",\"potentialAction\":[{\"@type\":\"SearchAction\",\"target\":{\"@type\":\"EntryPoint\",\"urlTemplate\":\"https:\/\/www.cortegrimani.com\/fr\/?s={search_term_string}\"},\"query-input\":{\"@type\":\"PropertyValueSpecification\",\"valueRequired\":true,\"valueName\":\"search_term_string\"}}],\"inLanguage\":\"fr-FR\"}]}<\/script>\n<!-- \/ Yoast SEO plugin. -->","yoast_head_json":{"title":"Situation - Residence Corte Grimani","description":"Situation, Residence Corte Grimani:","robots":{"index":"index","follow":"follow","max-snippet":"max-snippet:-1","max-image-preview":"max-image-preview:large","max-video-preview":"max-video-preview:-1"},"canonical":"https:\/\/www.cortegrimani.com\/fr\/situation\/","og_locale":"fr_FR","og_type":"article","og_title":"Situation - Residence Corte Grimani","og_description":"Situation, Residence Corte Grimani:","og_url":"https:\/\/www.cortegrimani.com\/fr\/situation\/","og_site_name":"Residence Corte Grimani","article_modified_time":"2020-07-06T08:22:48+00:00","og_image":[{"url":"https:\/\/www.cortegrimani.com\/wp-content\/uploads\/2013\/09\/fregio-bianco.png","type":"","width":"","height":""}],"twitter_misc":{"Dur\u00e9e de lecture estim\u00e9e":"6 minutes"},"schema":{"@context":"https:\/\/schema.org","@graph":[{"@type":"WebPage","@id":"https:\/\/www.cortegrimani.com\/fr\/situation\/","url":"https:\/\/www.cortegrimani.com\/fr\/situation\/","name":"Situation - Residence Corte Grimani","isPartOf":{"@id":"https:\/\/www.cortegrimani.com\/fr\/#website"},"primaryImageOfPage":{"@id":"https:\/\/www.cortegrimani.com\/fr\/situation\/#primaryimage"},"image":{"@id":"https:\/\/www.cortegrimani.com\/fr\/situation\/#primaryimage"},"thumbnailUrl":"https:\/\/www.cortegrimani.com\/wp-content\/uploads\/2013\/09\/fregio-bianco.png","datePublished":"2015-07-23T08:07:57+00:00","dateModified":"2020-07-06T08:22:48+00:00","description":"Situation, Residence Corte Grimani:","breadcrumb":{"@id":"https:\/\/www.cortegrimani.com\/fr\/situation\/#breadcrumb"},"inLanguage":"fr-FR","potentialAction":[{"@type":"ReadAction","target":["https:\/\/www.cortegrimani.com\/fr\/situation\/"]}]},{"@type":"ImageObject","inLanguage":"fr-FR","@id":"https:\/\/www.cortegrimani.com\/fr\/situation\/#primaryimage","url":"https:\/\/www.cortegrimani.com\/wp-content\/uploads\/2013\/09\/fregio-bianco.png","contentUrl":"https:\/\/www.cortegrimani.com\/wp-content\/uploads\/2013\/09\/fregio-bianco.png"},{"@type":"BreadcrumbList","@id":"https:\/\/www.cortegrimani.com\/fr\/situation\/#breadcrumb","itemListElement":[{"@type":"ListItem","position":1,"name":"Home","item":"https:\/\/www.cortegrimani.com\/fr\/"},{"@type":"ListItem","position":2,"name":"Situation"}]},{"@type":"WebSite","@id":"https:\/\/www.cortegrimani.com\/fr\/#website","url":"https:\/\/www.cortegrimani.com\/fr\/","name":"Residence Corte Grimani","description":"","potentialAction":[{"@type":"SearchAction","target":{"@type":"EntryPoint","urlTemplate":"https:\/\/www.cortegrimani.com\/fr\/?s={search_term_string}"},"query-input":{"@type":"PropertyValueSpecification","valueRequired":true,"valueName":"search_term_string"}}],"inLanguage":"fr-FR"}]}},"publishpress_future_action":{"enabled":false,"date":"2026-05-05 11:13:06","action":"change-status","newStatus":"draft","terms":[],"taxonomy":"translation_priority","extraData":[]},"publishpress_future_workflow_manual_trigger":{"enabledWorkflows":[]},"_links":{"self":[{"href":"https:\/\/www.cortegrimani.com\/fr\/wp-json\/wp\/v2\/pages\/2370","targetHints":{"allow":["GET"]}}],"collection":[{"href":"https:\/\/www.cortegrimani.com\/fr\/wp-json\/wp\/v2\/pages"}],"about":[{"href":"https:\/\/www.cortegrimani.com\/fr\/wp-json\/wp\/v2\/types\/page"}],"author":[{"embeddable":true,"href":"https:\/\/www.cortegrimani.com\/fr\/wp-json\/wp\/v2\/users\/36"}],"replies":[{"embeddable":true,"href":"https:\/\/www.cortegrimani.com\/fr\/wp-json\/wp\/v2\/comments?post=2370"}],"version-history":[{"count":14,"href":"https:\/\/www.cortegrimani.com\/fr\/wp-json\/wp\/v2\/pages\/2370\/revisions"}],"predecessor-version":[{"id":3509,"href":"https:\/\/www.cortegrimani.com\/fr\/wp-json\/wp\/v2\/pages\/2370\/revisions\/3509"}],"wp:attachment":[{"href":"https:\/\/www.cortegrimani.com\/fr\/wp-json\/wp\/v2\/media?parent=2370"}],"curies":[{"name":"wp","href":"https:\/\/api.w.org\/{rel}","templated":true}]}}