{"id":2419,"date":"2015-07-23T08:15:20","date_gmt":"2015-07-23T08:15:20","guid":{"rendered":"https:\/\/www.cortegrimani.com\/es\/appartamenti\/"},"modified":"2017-02-22T10:45:00","modified_gmt":"2017-02-22T10:45:00","slug":"apartamentos","status":"publish","type":"page","link":"https:\/\/www.cortegrimani.com\/es\/apartamentos\/","title":{"rendered":"Apartamentos"},"content":{"rendered":"<div class=\"wpb-content-wrapper\">[vc_row full_height=\u00bbyes\u00bb columns_placement=\u00bbtop\u00bb content_placement=\u00bbtop\u00bb parallax=\u00bbcontent-moving\u00bb bg_type=\u00bbimage\u00bb parallax_style=\u00bbvcpb-default\u00bb bg_image_new=\u00bbid^1994|url^https:\/\/www.cortegrimani.com\/wp-content\/uploads\/2015\/07\/bkg-appartamenti.jpg|caption^null|alt^null|title^bkg-appartamenti|description^null\u00bb bg_image_repeat=\u00bbno-repeat\u00bb bg_img_attach=\u00bbfixed\u00bb parallax_content=\u00bbparallax_content_value\u00bb][vc_column][vc_column_text]\n<div class=\"payoff\">\n<h2>Nos apartamentos<\/h2>\n<\/div>\n[\/vc_column_text][\/vc_column][\/vc_row][vc_row el_class=\u00bbwrap contenuto\u00bb][vc_column][vc_empty_space height=\u00bb50px\u00bb][vc_row_inner el_class=\u00bbwrap\u00bb][vc_column_inner width=\u00bb1\/2&#8243;][vc_column_text el_class=\u00bbwrap\u00bb]\n<h1>Apartamentos<\/h1>\n<p>Los <b>15<\/b> elegantes <b>apartamentos<\/b> del Residence, ideales para estancias breves y como soluciones aparathotel en Venecia, se hallan disponibles en las versiones classic y superior con el fin de satisfacer todas las necesidades de confort y espacio: todos ellos cuentan con <b>aire acondicionado<\/b>, caja fuerte, televisi\u00f3n por sat\u00e9lite, tel\u00e9fono, nevera, <b>lavadora, free WiFi Internet<\/b>. El ba\u00f1o tiene ba\u00f1era o ducha, <b>secador de pelo<\/b> y neceser.<\/p>\n<p>La estancia para <b>ni\u00f1os de hasta 5 a\u00f1os inclusive <\/b>es gratuita, junto con sus padres en un mismo apartamento.<br \/>\nTodos los apartamentos son para no fumadores.<br \/>\nNo se aceptan animales.[\/vc_column_text][\/vc_column_inner][vc_column_inner width=\u00bb1\/2&#8243;][vc_column_text el_class=\u00bbbox-offerte\u00bb]\n<h3>Ofertas especiales<\/h3>\n<div class=\"flexslider\" style=\"width:440px;\"><ul class=\"slides\"><li><a href=\"https:\/\/www.cortegrimani.com\/es\/offers\/advanced-booking\/\"><img loading=\"lazy\" decoding=\"async\" width=\"440\" height=\"250\" src=\"https:\/\/www.cortegrimani.com\/wp-content\/uploads\/2015\/07\/canalgrande_notte-440x250.jpg\" class=\"attachment-slider_medium_large size-slider_medium_large\" alt=\"\" \/><\/a><div class=\"flex-caption\"><div class=\"original-price price-all\"><\/div><div class=\"reducted-price price-all\"><\/div><div class=\"clear\"><\/div><div class=\"clear\"><\/div><div class=\"offer_title\"><a href=\"https:\/\/www.cortegrimani.com\/es\/offers\/advanced-booking\/\">Advanced booking<\/a><\/div><\/div><\/li><li><a href=\"https:\/\/www.cortegrimani.com\/es\/offers\/book-and-get-the-lowest-rate\/\"><img loading=\"lazy\" decoding=\"async\" width=\"440\" height=\"250\" src=\"https:\/\/www.cortegrimani.com\/wp-content\/uploads\/2013\/09\/sangiorgio_tramonto-440x250.jpg\" class=\"attachment-slider_medium_large size-slider_medium_large\" alt=\"\" \/><\/a><div class=\"flex-caption\"><div class=\"original-price price-all\"><\/div><div class=\"reducted-price price-all\"><\/div><div class=\"clear\"><\/div><div class=\"clear\"><\/div><div class=\"offer_title\"><a href=\"https:\/\/www.cortegrimani.com\/es\/offers\/book-and-get-the-lowest-rate\/\">Best Price Guarantee &#8211; Book and get the lowest rate!<\/a><\/div><\/div><\/li><\/ul><\/div>\n<\/p><p class=\"lista\"><a title=\"Offerte Speciali\" href=\"https:\/\/www.cortegrimani.com\/es\/ofertas-especiales\/\">Ir a la lista completa<\/a><\/p>\n[\/vc_column_text][\/vc_column_inner][\/vc_row_inner][vc_single_image image=\u00bb2055&#8243; img_size=\u00bbfull\u00bb alignment=\u00bbcenter\u00bb][vc_column_text el_class=\u00bbboxcomfort\u00bb]\n<h3>Comodidades<\/h3>\n<ul>\n<li><strong>Limpieza y orden diarios<\/strong> excepto la cocina (<em>cocina previa solicitud<\/em>)<\/li>\n<li><strong>Free WiFi<\/strong><\/li>\n<li>Ascensor<\/li>\n<li>Calefacci\u00f3n y aire acondicionado regulables<\/li>\n<li>Tel\u00e9fono<\/li>\n<li>Llamadas locales gratuitas<\/li>\n<li>Televisi\u00f3n por sat\u00e9lite<\/li>\n<li>Secador<\/li>\n<li>Cocina equipada<\/li>\n<li>Lavadora-secadora<\/li>\n<li>Plancha y tabla de planchar (uso gratuito previa solicitud)<\/li>\n<li>Lavavajillas<\/li>\n<li>Nevera<\/li>\n<li>Horno microondas<\/li>\n<li>Placas el\u00e9ctricas<\/li>\n<li>Sillita y cuna (uso gratuito previa solicitud)<\/li>\n<li>Custodia de equipaje<\/li>\n<li>Punto de acceso a Internet<\/li>\n<li>Vest\u00edbulo de entrada y sal\u00f3n<\/li>\n<\/ul>\n<h3>Quick info<\/h3>\n<ul>\n<li><strong>Recepci\u00f3n h24<\/strong><\/li>\n<li>Check in 15.00<\/li>\n<li>Check out 10.30<\/li>\n<\/ul>\n[\/vc_column_text][vc_empty_space height=\u00bb50px\u00bb][\/vc_column][\/vc_row][vc_row full_width=\u00bbstretch_row_content_no_spaces\u00bb full_height=\u00bbyes\u00bb columns_placement=\u00bbtop\u00bb content_placement=\u00bbtop\u00bb parallax=\u00bbcontent-moving\u00bb bg_type=\u00bbimage\u00bb parallax_style=\u00bbvcpb-vz-jquery\u00bb bg_image_new=\u00bbid^2001|url^https:\/\/www.cortegrimani.com\/wp-content\/uploads\/2015\/07\/DSCF3846xx-1.jpg|caption^null|alt^null|title^DSCF3846xx|description^null\u00bb bg_image_repeat=\u00bbno-repeat\u00bb parallax_content=\u00bbparallax_content_value\u00bb][vc_column][vc_column_text el_class=\u00bbservizi\u00bb]\n<h2>Superior<\/h2>\n[\/vc_column_text][\/vc_column][\/vc_row][vc_row el_class=\u00bbsfumata\u00bb][vc_column][vc_empty_space height=\u00bb50px\u00bb][vc_row_inner el_class=\u00bbwrap\u00bb][vc_column_inner width=\u00bb1\/2&#8243;][vc_column_text]<em>Para 2\/6 personas<\/em><br \/>\nElegantes <b><\/b>sala de estar con sof\u00e1 cama de matrimonio y cocina equipada, habitaciones amplias con dos camas individuales o una de matrimonio y un sof\u00e1 cama de matrimonio. Dos ba\u00f1os, uno con ba\u00f1era y otro con ducha.<br \/>\nTodos los apartamentos ofrecen unas vistas magn\u00edficas sobre un rinc\u00f3n y un canal t\u00edpicamente venecianos.[\/vc_column_text][vc_single_image image=\u00bb2055&#8243; img_size=\u00bbfull\u00bb alignment=\u00bbcenter\u00bb css=\u00bb.vc_custom_1463153609198{margin-top: 15px !important;margin-right: 15px !important;margin-bottom: 15px !important;margin-left: 15px !important;}\u00bb][vc_empty_space height=\u00bb15px\u00bb][vc_btn title=\u00bbReserva ahora!\u00bb style=\u00bbclassic\u00bb color=\u00bbprimary\u00bb size=\u00bblg\u00bb align=\u00bbleft\u00bb css_animation=\u00bbappear\u00bb link=\u00bburl:https%3A%2F%2Fbook.cortegrimani.com%2Faccommodation%2Flist%3FchannelId%3D67d6757d-d2f4-432c-ae53-8e668f128fcc%26culture%3Des||\u00bb el_class=\u00bbbottone\u00bb][vc_btn title=\u00bbReserva ahora!\u00bb style=\u00bbclassic\u00bb color=\u00bbprimary\u00bb size=\u00bblg\u00bb align=\u00bbcenter\u00bb css_animation=\u00bbappear\u00bb link=\u00bburl:https%3A%2F%2Fbook.cortegrimani.com%2Faccommodation%2Flist%3FchannelId%3D67d6757d-d2f4-432c-ae53-8e668f128fcc%26culture%3Des||\u00bb el_class=\u00bbbottone-mobile\u00bb][\/vc_column_inner][vc_column_inner width=\u00bb1\/2&#8243;][vc_media_grid element_width=\u00bb6&#8243; item=\u00bbmediaGrid_FadeInWithIcon\u00bb grid_id=\u00bbvc_gid:1487760197073-15bc2f6c-78a2-8&#8243; include=\u00bb1997,1998,1999,2000&#8243;][\/vc_column_inner][\/vc_row_inner][vc_empty_space height=\u00bb50px\u00bb][\/vc_column][\/vc_row][vc_row full_width=\u00bbstretch_row_content_no_spaces\u00bb full_height=\u00bbyes\u00bb columns_placement=\u00bbtop\u00bb content_placement=\u00bbtop\u00bb parallax=\u00bbcontent-moving\u00bb bg_type=\u00bbimage\u00bb parallax_style=\u00bbvcpb-vz-jquery\u00bb bg_image_new=\u00bbid^2002|url^https:\/\/www.cortegrimani.com\/wp-content\/uploads\/2015\/07\/DSCF3621XX.jpg|caption^null|alt^null|title^DSCF3621XX|description^null\u00bb bg_image_repeat=\u00bbno-repeat\u00bb parallax_content=\u00bbparallax_content_value\u00bb][vc_column][vc_column_text el_class=\u00bbservizi\u00bb]\n<h2>Classic con miras<\/h2>\n[\/vc_column_text][\/vc_column][\/vc_row][vc_row el_class=\u00bbsfumata\u00bb][vc_column][vc_empty_space height=\u00bb50px\u00bb][vc_row_inner el_class=\u00bbwrap\u00bb][vc_column_inner width=\u00bb1\/2&#8243;][vc_column_text]<em>Para 2\/5 personas<\/em><br \/>\nCon <b>magn\u00edficas vistas sobre los tejados de Venecia<\/b>, con sala de estar con sof\u00e1 cama de matrimonio y cocina equipada, habitaciones con camas individuales o de matrimonio, ba\u00f1o con ba\u00f1era. Algunos apartamentos disponen de una segunda habitaci\u00f3n individual.[\/vc_column_text][vc_single_image image=\u00bb2055&#8243; img_size=\u00bbfull\u00bb alignment=\u00bbcenter\u00bb css=\u00bb.vc_custom_1463153626537{margin-top: 15px !important;margin-right: 15px !important;margin-bottom: 15px !important;margin-left: 15px !important;}\u00bb][vc_empty_space height=\u00bb15px\u00bb][vc_btn title=\u00bbReserva ahora!\u00bb style=\u00bbclassic\u00bb color=\u00bbprimary\u00bb size=\u00bblg\u00bb align=\u00bbleft\u00bb css_animation=\u00bbappear\u00bb link=\u00bburl:https%3A%2F%2Fbook.cortegrimani.com%2Faccommodation%2Flist%3FchannelId%3D67d6757d-d2f4-432c-ae53-8e668f128fcc%26culture%3Des||\u00bb el_class=\u00bbbottone\u00bb][vc_btn title=\u00bbReserva ahora!\u00bb style=\u00bbclassic\u00bb color=\u00bbprimary\u00bb size=\u00bblg\u00bb align=\u00bbcenter\u00bb css_animation=\u00bbappear\u00bb link=\u00bburl:https%3A%2F%2Fbook.cortegrimani.com%2Faccommodation%2Flist%3FchannelId%3D67d6757d-d2f4-432c-ae53-8e668f128fcc%26culture%3Des||\u00bb el_class=\u00bbbottone-mobile\u00bb][\/vc_column_inner][vc_column_inner width=\u00bb1\/2&#8243;][vc_media_grid element_width=\u00bb6&#8243; item=\u00bbmediaGrid_FadeInWithIcon\u00bb grid_id=\u00bbvc_gid:1487760197082-e1d82617-83b3-4&#8243; include=\u00bb2004,2005,2006,2003&#8243;][\/vc_column_inner][\/vc_row_inner][vc_empty_space height=\u00bb50px\u00bb][\/vc_column][\/vc_row][vc_row full_width=\u00bbstretch_row_content_no_spaces\u00bb full_height=\u00bbyes\u00bb columns_placement=\u00bbtop\u00bb content_placement=\u00bbtop\u00bb parallax=\u00bbcontent-moving\u00bb bg_type=\u00bbimage\u00bb parallax_style=\u00bbvcpb-vz-jquery\u00bb bg_image_new=\u00bbid^2011|url^https:\/\/www.cortegrimani.com\/wp-content\/uploads\/2015\/07\/DSCF3703XX-1.jpg|caption^null|alt^null|title^DSCF3703XX|description^null\u00bb bg_image_repeat=\u00bbno-repeat\u00bb parallax_content=\u00bbparallax_content_value\u00bb][vc_column][vc_column_text el_class=\u00bbservizi\u00bb]\n<h2>Classic Standard<\/h2>\n[\/vc_column_text][\/vc_column][\/vc_row][vc_row el_class=\u00bbsfumata\u00bb][vc_column][vc_empty_space height=\u00bb50px\u00bb][vc_row_inner el_class=\u00bbwrap\u00bb][vc_column_inner width=\u00bb1\/2&#8243;][vc_column_text]<em>Para 2\/5 personas<\/em><br \/>\nExquisitos sala de estar con sof\u00e1 cama de matrimonio y cocina equipada, habitaciones con camas individuales o de matrimonio, ba\u00f1o con ba\u00f1era.. Algunos apartamentos tienen una segunda habitaci\u00f3n individual.[\/vc_column_text][vc_single_image image=\u00bb2055&#8243; img_size=\u00bbfull\u00bb alignment=\u00bbcenter\u00bb css=\u00bb.vc_custom_1463153642890{margin-top: 15px !important;margin-right: 15px !important;margin-bottom: 15px !important;margin-left: 15px !important;}\u00bb][vc_empty_space height=\u00bb15px\u00bb][vc_btn title=\u00bbReserva ahora!\u00bb style=\u00bbclassic\u00bb color=\u00bbprimary\u00bb size=\u00bblg\u00bb align=\u00bbleft\u00bb css_animation=\u00bbappear\u00bb link=\u00bburl:https%3A%2F%2Fbook.cortegrimani.com%2Faccommodation%2Flist%3FchannelId%3D67d6757d-d2f4-432c-ae53-8e668f128fcc%26culture%3Des||\u00bb el_class=\u00bbbottone\u00bb][vc_btn title=\u00bbReserva ahora!\u00bb style=\u00bbclassic\u00bb color=\u00bbprimary\u00bb size=\u00bblg\u00bb align=\u00bbcenter\u00bb css_animation=\u00bbappear\u00bb link=\u00bburl:https%3A%2F%2Fbook.cortegrimani.com%2Faccommodation%2Flist%3FchannelId%3D67d6757d-d2f4-432c-ae53-8e668f128fcc%26culture%3Des||\u00bb el_class=\u00bbbottone-mobile\u00bb][\/vc_column_inner][vc_column_inner width=\u00bb1\/2&#8243;][vc_media_grid element_width=\u00bb6&#8243; item=\u00bbmediaGrid_FadeInWithIcon\u00bb grid_id=\u00bbvc_gid:1487760197089-32e1a52b-dfdc-1&#8243; include=\u00bb2008,2009,2010,2007&#8243;][\/vc_column_inner][\/vc_row_inner][vc_empty_space height=\u00bb50px\u00bb][\/vc_column][\/vc_row]\n<\/div>","protected":false},"excerpt":{"rendered":"<p>[vc_row full_height=\u00bbyes\u00bb columns_placement=\u00bbtop\u00bb content_placement=\u00bbtop\u00bb parallax=\u00bbcontent-moving\u00bb bg_type=\u00bbimage\u00bb parallax_style=\u00bbvcpb-default\u00bb bg_image_new=\u00bbid^1994|url^https:\/\/www.cortegrimani.com\/wp-content\/uploads\/2015\/07\/bkg-appartamenti.jpg|caption^null|alt^null|title^bkg-appartamenti|description^null\u00bb bg_image_repeat=\u00bbno-repeat\u00bb bg_img_attach=\u00bbfixed\u00bb parallax_content=\u00bbparallax_content_value\u00bb][vc_column][vc_column_text] Nos apartamentos [\/vc_column_text][\/vc_column][\/vc_row][vc_row el_class=\u00bbwrap contenuto\u00bb][vc_column][vc_empty_space height=\u00bb50px\u00bb][vc_row_inner el_class=\u00bbwrap\u00bb][vc_column_inner width=\u00bb1\/2&#8243;][vc_column_text el_class=\u00bbwrap\u00bb] Apartamentos Los 15 elegantes apartamentos del Residence, ideales para estancias breves y como soluciones aparathotel en Venecia, se hallan disponibles en las versiones classic y superior con el fin de satisfacer todas las necesidades de [&hellip;]<\/p>\n","protected":false},"author":36,"featured_media":0,"parent":0,"menu_order":0,"comment_status":"open","ping_status":"open","template":"","meta":{"_genesis_hide_title":false,"_genesis_hide_breadcrumbs":false,"_genesis_hide_singular_image":false,"_genesis_hide_footer_widgets":false,"_genesis_custom_body_class":"interna payoff-interno camere","_genesis_custom_post_class":"","_genesis_layout":"","footnotes":""},"class_list":{"0":"post-2419","1":"page","2":"type-page","3":"status-publish","5":"entry"},"yoast_head":"<!-- This site is optimized with the Yoast SEO plugin v25.7 - https:\/\/yoast.com\/wordpress\/plugins\/seo\/ -->\n<title>Apartamentos - Residence Corte Grimani<\/title>\n<meta name=\"description\" content=\"Apartamentos, Residence Corte Grimani:\" \/>\n<meta name=\"robots\" content=\"index, follow, max-snippet:-1, max-image-preview:large, max-video-preview:-1\" \/>\n<link rel=\"canonical\" href=\"https:\/\/www.cortegrimani.com\/es\/apartamentos\/\" \/>\n<meta property=\"og:locale\" content=\"es_ES\" \/>\n<meta property=\"og:type\" content=\"article\" \/>\n<meta property=\"og:title\" content=\"Apartamentos - Residence Corte Grimani\" \/>\n<meta property=\"og:description\" content=\"Apartamentos, Residence Corte Grimani:\" \/>\n<meta property=\"og:url\" content=\"https:\/\/www.cortegrimani.com\/es\/apartamentos\/\" \/>\n<meta property=\"og:site_name\" content=\"Residence Corte Grimani\" \/>\n<meta property=\"article:modified_time\" content=\"2017-02-22T10:45:00+00:00\" \/>\n<meta name=\"twitter:label1\" content=\"Tiempo de lectura\" \/>\n\t<meta name=\"twitter:data1\" content=\"6 minutos\" \/>\n<script type=\"application\/ld+json\" class=\"yoast-schema-graph\">{\"@context\":\"https:\/\/schema.org\",\"@graph\":[{\"@type\":\"WebPage\",\"@id\":\"https:\/\/www.cortegrimani.com\/es\/apartamentos\/\",\"url\":\"https:\/\/www.cortegrimani.com\/es\/apartamentos\/\",\"name\":\"Apartamentos - Residence Corte Grimani\",\"isPartOf\":{\"@id\":\"https:\/\/www.cortegrimani.com\/es\/#website\"},\"datePublished\":\"2015-07-23T08:15:20+00:00\",\"dateModified\":\"2017-02-22T10:45:00+00:00\",\"description\":\"Apartamentos, Residence Corte Grimani:\",\"breadcrumb\":{\"@id\":\"https:\/\/www.cortegrimani.com\/es\/apartamentos\/#breadcrumb\"},\"inLanguage\":\"es\",\"potentialAction\":[{\"@type\":\"ReadAction\",\"target\":[\"https:\/\/www.cortegrimani.com\/es\/apartamentos\/\"]}]},{\"@type\":\"BreadcrumbList\",\"@id\":\"https:\/\/www.cortegrimani.com\/es\/apartamentos\/#breadcrumb\",\"itemListElement\":[{\"@type\":\"ListItem\",\"position\":1,\"name\":\"Home\",\"item\":\"https:\/\/www.cortegrimani.com\/es\/\"},{\"@type\":\"ListItem\",\"position\":2,\"name\":\"Apartamentos\"}]},{\"@type\":\"WebSite\",\"@id\":\"https:\/\/www.cortegrimani.com\/es\/#website\",\"url\":\"https:\/\/www.cortegrimani.com\/es\/\",\"name\":\"Residence Corte Grimani\",\"description\":\"\",\"potentialAction\":[{\"@type\":\"SearchAction\",\"target\":{\"@type\":\"EntryPoint\",\"urlTemplate\":\"https:\/\/www.cortegrimani.com\/es\/?s={search_term_string}\"},\"query-input\":{\"@type\":\"PropertyValueSpecification\",\"valueRequired\":true,\"valueName\":\"search_term_string\"}}],\"inLanguage\":\"es\"}]}<\/script>\n<!-- \/ Yoast SEO plugin. -->","yoast_head_json":{"title":"Apartamentos - Residence Corte Grimani","description":"Apartamentos, Residence Corte Grimani:","robots":{"index":"index","follow":"follow","max-snippet":"max-snippet:-1","max-image-preview":"max-image-preview:large","max-video-preview":"max-video-preview:-1"},"canonical":"https:\/\/www.cortegrimani.com\/es\/apartamentos\/","og_locale":"es_ES","og_type":"article","og_title":"Apartamentos - Residence Corte Grimani","og_description":"Apartamentos, Residence Corte Grimani:","og_url":"https:\/\/www.cortegrimani.com\/es\/apartamentos\/","og_site_name":"Residence Corte Grimani","article_modified_time":"2017-02-22T10:45:00+00:00","twitter_misc":{"Tiempo de lectura":"6 minutos"},"schema":{"@context":"https:\/\/schema.org","@graph":[{"@type":"WebPage","@id":"https:\/\/www.cortegrimani.com\/es\/apartamentos\/","url":"https:\/\/www.cortegrimani.com\/es\/apartamentos\/","name":"Apartamentos - Residence Corte Grimani","isPartOf":{"@id":"https:\/\/www.cortegrimani.com\/es\/#website"},"datePublished":"2015-07-23T08:15:20+00:00","dateModified":"2017-02-22T10:45:00+00:00","description":"Apartamentos, Residence Corte Grimani:","breadcrumb":{"@id":"https:\/\/www.cortegrimani.com\/es\/apartamentos\/#breadcrumb"},"inLanguage":"es","potentialAction":[{"@type":"ReadAction","target":["https:\/\/www.cortegrimani.com\/es\/apartamentos\/"]}]},{"@type":"BreadcrumbList","@id":"https:\/\/www.cortegrimani.com\/es\/apartamentos\/#breadcrumb","itemListElement":[{"@type":"ListItem","position":1,"name":"Home","item":"https:\/\/www.cortegrimani.com\/es\/"},{"@type":"ListItem","position":2,"name":"Apartamentos"}]},{"@type":"WebSite","@id":"https:\/\/www.cortegrimani.com\/es\/#website","url":"https:\/\/www.cortegrimani.com\/es\/","name":"Residence Corte Grimani","description":"","potentialAction":[{"@type":"SearchAction","target":{"@type":"EntryPoint","urlTemplate":"https:\/\/www.cortegrimani.com\/es\/?s={search_term_string}"},"query-input":{"@type":"PropertyValueSpecification","valueRequired":true,"valueName":"search_term_string"}}],"inLanguage":"es"}]}},"publishpress_future_action":{"enabled":false,"date":"2026-05-13 14:38:56","action":"change-status","newStatus":"draft","terms":[],"taxonomy":"translation_priority","extraData":[]},"publishpress_future_workflow_manual_trigger":{"enabledWorkflows":[]},"_links":{"self":[{"href":"https:\/\/www.cortegrimani.com\/es\/wp-json\/wp\/v2\/pages\/2419","targetHints":{"allow":["GET"]}}],"collection":[{"href":"https:\/\/www.cortegrimani.com\/es\/wp-json\/wp\/v2\/pages"}],"about":[{"href":"https:\/\/www.cortegrimani.com\/es\/wp-json\/wp\/v2\/types\/page"}],"author":[{"embeddable":true,"href":"https:\/\/www.cortegrimani.com\/es\/wp-json\/wp\/v2\/users\/36"}],"replies":[{"embeddable":true,"href":"https:\/\/www.cortegrimani.com\/es\/wp-json\/wp\/v2\/comments?post=2419"}],"version-history":[{"count":3,"href":"https:\/\/www.cortegrimani.com\/es\/wp-json\/wp\/v2\/pages\/2419\/revisions"}],"predecessor-version":[{"id":2921,"href":"https:\/\/www.cortegrimani.com\/es\/wp-json\/wp\/v2\/pages\/2419\/revisions\/2921"}],"wp:attachment":[{"href":"https:\/\/www.cortegrimani.com\/es\/wp-json\/wp\/v2\/media?parent=2419"}],"curies":[{"name":"wp","href":"https:\/\/api.w.org\/{rel}","templated":true}]}}