{"id":2398,"date":"2015-07-23T08:08:21","date_gmt":"2015-07-23T08:08:21","guid":{"rendered":"https:\/\/www.cortegrimani.com\/es\/come-raggiungerci\/"},"modified":"2020-07-01T10:38:06","modified_gmt":"2020-07-01T10:38:06","slug":"como-llegar","status":"publish","type":"page","link":"https:\/\/www.cortegrimani.com\/es\/como-llegar\/","title":{"rendered":"C\u00f3mo llegar"},"content":{"rendered":"<div class=\"wpb-content-wrapper\">[vc_row][vc_column][vc_column_text]\n<h3>C\u00f3mo llegar<\/h3>\n<p><strong>Residence Corte Grimani<\/strong><br \/>\nCorte Grimani, S.Marco 4402<br \/>\n30124 Venecia, Italia<br \/>\nTel. 0039.335.6956153<\/p>\n<p><iframe loading=\"lazy\" src=\"https:\/\/www.cortegrimani.com\/wp-content\/themes\/cromo\/mappa.htm\" width=\"100%\" height=\"550px\" frameborder=\"0\"><\/iframe><\/p>\n<h3>En coche<\/h3>\n<p>Desde los peajes de las <b>autopistas<\/b> <b>A4 <\/b>y <b>A27<\/b>, seguir en direcci\u00f3n Venecia. Estacionar el veh\u00edculo en uno de los <b>aparcamientos<\/b> de Piazzale Roma o de Isola del Tronchetto (al final del Ponte della Libert\u00e0, a la derecha), o en Mestre.<\/p>\n<p><strong>Residence Grimani<\/strong>: desde Piazzale Roma y desde el Tronchetto, tomar el vaporetto 2 hacia Rialto y bajar al final de la l\u00ednea. Como alternativa, tomar un taxi acu\u00e1tico que le lleve directamente hasta el hotel.<\/p>\n<p><strong>Apartamentos Ca\u2019 Nal<\/strong>:\u00a0<a href=\"http:\/\/www.canalapartments.it\/en\/contatti.html\" target=\"_blank\" rel=\"noopener noreferrer\">haga clic aqu\u00ed<\/a>.<\/p>\n<p><strong>Apartamentos Ca\u2019 Navagero<\/strong>:\u00a0<a href=\"http:\/\/www.canavageroapartments.com\/en\/contatti.html\" target=\"_blank\" rel=\"noopener noreferrer\">haga clic aqu\u00ed<\/a>.<\/p>\n<h3>En tren<\/h3>\n<p><strong>Residence Grimani<\/strong>: desde la Fondamenta que que se encuentra frente a la Estaci\u00f3n Ferroviaria Santa Lucia, tomar el vaporetto 1 o 2 (Via Canal Grande) y bajar en la parada Rialto (15 minutos). Como alternativa, tome un taxi acu\u00e1tico que le lleve directamente hasta el hotel.<\/p>\n<p><strong>Apartamentos Ca\u2019 Nal<\/strong>:\u00a0<a href=\"http:\/\/www.canalapartments.it\/en\/contatti.html\" target=\"_blank\" rel=\"noopener noreferrer\">haga clic aqu\u00ed<\/a>.<\/p>\n<p><strong>Apartamentos Ca\u2019 Navagero<\/strong>:\u00a0<a href=\"http:\/\/www.canavageroapartments.com\/en\/contatti.html\" target=\"_blank\" rel=\"noopener noreferrer\">haga clic aqu\u00ed<\/a>.<\/p>\n<h3>En avi\u00f3n<\/h3>\n<h6><strong>Desde el aeropuerto de Venecia<\/strong><\/h6>\n<p><strong>Residence Grimani<\/strong>: coge la lancha motora de la l\u00ednea Alilaguna Arancio, b\u00e1jate en Rialto y sigue las indicaciones del siguiente p\u00e1rrafo, o bien toma la l\u00ednea Alilaguna Blu y b\u00e1jate en la parada de San Marcos. Desde aqu\u00ed, recorrer la Calle Vallaresso, girar a la izquierda al final y en seguida a la derecha por Frezzeria, seguir todo recto y tomar a la derecha la Calle Tron. Al final, girar a la izquierda por Fondamenta Orseolo, seguir recto, atravesar el Ponte Goldoni y girar a la izquierda. Ya habr\u00e1 llegado.<br \/>\nComo alternativa, tome el minib\u00fas hacia Venecia &#8211; Piazzale Roma. Desde aqu\u00ed, el vaporetto 1 o 2 (Via Canal Grande), y bajar en la parada Rialto (15 minutos).<br \/>\nComo alternativa, tomar un taxi acu\u00e1tico que le lleve directamente al hotel (alrededor de 30 minutos).<\/p>\n<p><strong>Apartamentos Ca\u2019 Nal<\/strong>:\u00a0<a href=\"http:\/\/www.canalapartments.it\/en\/contatti.html\" target=\"_blank\" rel=\"noopener noreferrer\">haga clic aqu\u00ed<\/a>.<\/p>\n<p><strong>Apartamentos Ca\u2019 Navagero<\/strong>:\u00a0<a href=\"http:\/\/www.canavageroapartments.com\/en\/contatti.html\" target=\"_blank\" rel=\"noopener noreferrer\">haga clic aqu\u00ed<\/a>.<\/p>\n<h6><strong>Desde el aeropuerto de Treviso<\/strong><\/h6>\n<p><strong>Residence Grimani<\/strong>: tomar el minib\u00fas hacia Venecia Piazzale Roma, desde all\u00ed, el vaporetto 1 o 2 (Via Canal Grande), y bajar en la parada Rialto (15 minutos).<\/p>\n<p><strong>Apartamentos Ca\u2019 Nal<\/strong>:\u00a0<a href=\"http:\/\/www.canalapartments.it\/en\/contatti.html\" target=\"_blank\" rel=\"noopener noreferrer\">haga clic aqu\u00ed<\/a>.<\/p>\n<p><strong>Apartamentos Ca\u2019 Navagero<\/strong>:\u00a0<a href=\"http:\/\/www.canavageroapartments.com\/en\/contatti.html\" target=\"_blank\" rel=\"noopener noreferrer\">haga clic aqu\u00ed<\/a>.<\/p>\n<h3>Desde la parada de Rialto hasta el Residence<\/h3>\n<p><b>Vaporetto n. 1 y Alilaguna Arancio<\/b> | Tome la Calle Bembo frente a usted. Al final de la calle, girar a la derecha por Calle del Teatro y despu\u00e9s a la izquierda hasta llegar a Campo San Lucas. Desde all\u00ed, tome la calle Goldoni frente a usted. Continuar hasta el Ponte Goldoni. Una vez llegados al puente, ver\u00e1 un banco a la derecha. Suba cuatro escalones, gire a la derecha y recorra la pasarela de m\u00e1rmol sobre el agua, que lleva directamente hasta el Residence.<\/p>\n<p><b>Vaporetto n. 2<\/b> | Girar a la derecha en el Canal Grande. Recorrer la Riva del Ferro pasando por debajo del p\u00f3rtico del palacio sobre el Canal Grande. Atravesar el puente y tomar la primeera calle a la izquierda (Calle Bembo); al final de la calle, girar a la derecha por Calle del Teatro y despu\u00e9s a la izquierda hasta llegar a Campo San Luca. Desde all\u00ed, tome Calle Goldoni, frente a usted. Contin\u00fae hasta Ponte Goldoni. Una vez en el puente, ver\u00e1 un banco a la derecha. Suba cuatro escalones, gire a la derecha y recorra la pasarela de m\u00e1rmol sobre el agua, que lleva directamente hasta el Residence.[\/vc_column_text][\/vc_column][\/vc_row][vc_row][vc_column][vc_raw_js]JTNDcCUyMGNsYXNzJTNEJTIyc3RhbXBhJTIyJTNFJTNDYSUyMGhyZWYlM0QlMjIlMjMlMjIlMjBvbmNsaWNrJTNEJTIyc2VsZi5wcmludCUyOCUyOSUzQnJldHVybiUyMGZhbHNlJTNCJTIyJTNFSW1wcmltaXIlM0MlMkZhJTNFJTNDJTJGcCUzRQ==[\/vc_raw_js][\/vc_column][\/vc_row]\n<\/p><\/div>","protected":false},"excerpt":{"rendered":"<p>[vc_row][vc_column][vc_column_text] C\u00f3mo llegar Residence Corte Grimani Corte Grimani, S.Marco 4402 30124 Venecia, Italia Tel. 0039.335.6956153 En coche Desde los peajes de las autopistas A4 y A27, seguir en direcci\u00f3n Venecia. Estacionar el veh\u00edculo en uno de los aparcamientos de Piazzale Roma o de Isola del Tronchetto (al final del Ponte della Libert\u00e0, a la derecha), [&hellip;]<\/p>\n","protected":false},"author":36,"featured_media":0,"parent":0,"menu_order":0,"comment_status":"open","ping_status":"open","template":"page_landing.php","meta":{"_genesis_hide_title":false,"_genesis_hide_breadcrumbs":false,"_genesis_hide_singular_image":false,"_genesis_hide_footer_widgets":false,"_genesis_custom_body_class":"comeraggiungerci","_genesis_custom_post_class":"","_genesis_layout":"","footnotes":""},"class_list":{"0":"post-2398","1":"page","2":"type-page","3":"status-publish","5":"entry"},"yoast_head":"<!-- This site is optimized with the Yoast SEO plugin v25.7 - https:\/\/yoast.com\/wordpress\/plugins\/seo\/ -->\n<title>C\u00f3mo llegar - Residence Corte Grimani<\/title>\n<meta name=\"description\" content=\"C\u00f3mo llegar, Residence Corte Grimani:\" \/>\n<meta name=\"robots\" content=\"index, follow, max-snippet:-1, max-image-preview:large, max-video-preview:-1\" \/>\n<link rel=\"canonical\" href=\"https:\/\/www.cortegrimani.com\/es\/como-llegar\/\" \/>\n<meta property=\"og:locale\" content=\"es_ES\" \/>\n<meta property=\"og:type\" content=\"article\" \/>\n<meta property=\"og:title\" content=\"C\u00f3mo llegar - Residence Corte Grimani\" \/>\n<meta property=\"og:description\" content=\"C\u00f3mo llegar, Residence Corte Grimani:\" \/>\n<meta property=\"og:url\" content=\"https:\/\/www.cortegrimani.com\/es\/como-llegar\/\" \/>\n<meta property=\"og:site_name\" content=\"Residence Corte Grimani\" \/>\n<meta property=\"article:modified_time\" content=\"2020-07-01T10:38:06+00:00\" \/>\n<meta name=\"twitter:label1\" content=\"Tiempo de lectura\" \/>\n\t<meta name=\"twitter:data1\" content=\"3 minutos\" \/>\n<script type=\"application\/ld+json\" class=\"yoast-schema-graph\">{\"@context\":\"https:\/\/schema.org\",\"@graph\":[{\"@type\":\"WebPage\",\"@id\":\"https:\/\/www.cortegrimani.com\/es\/como-llegar\/\",\"url\":\"https:\/\/www.cortegrimani.com\/es\/como-llegar\/\",\"name\":\"C\u00f3mo llegar - Residence Corte Grimani\",\"isPartOf\":{\"@id\":\"https:\/\/www.cortegrimani.com\/es\/#website\"},\"datePublished\":\"2015-07-23T08:08:21+00:00\",\"dateModified\":\"2020-07-01T10:38:06+00:00\",\"description\":\"C\u00f3mo llegar, Residence Corte Grimani:\",\"breadcrumb\":{\"@id\":\"https:\/\/www.cortegrimani.com\/es\/como-llegar\/#breadcrumb\"},\"inLanguage\":\"es\",\"potentialAction\":[{\"@type\":\"ReadAction\",\"target\":[\"https:\/\/www.cortegrimani.com\/es\/como-llegar\/\"]}]},{\"@type\":\"BreadcrumbList\",\"@id\":\"https:\/\/www.cortegrimani.com\/es\/como-llegar\/#breadcrumb\",\"itemListElement\":[{\"@type\":\"ListItem\",\"position\":1,\"name\":\"Home\",\"item\":\"https:\/\/www.cortegrimani.com\/es\/\"},{\"@type\":\"ListItem\",\"position\":2,\"name\":\"C\u00f3mo llegar\"}]},{\"@type\":\"WebSite\",\"@id\":\"https:\/\/www.cortegrimani.com\/es\/#website\",\"url\":\"https:\/\/www.cortegrimani.com\/es\/\",\"name\":\"Residence Corte Grimani\",\"description\":\"\",\"potentialAction\":[{\"@type\":\"SearchAction\",\"target\":{\"@type\":\"EntryPoint\",\"urlTemplate\":\"https:\/\/www.cortegrimani.com\/es\/?s={search_term_string}\"},\"query-input\":{\"@type\":\"PropertyValueSpecification\",\"valueRequired\":true,\"valueName\":\"search_term_string\"}}],\"inLanguage\":\"es\"}]}<\/script>\n<!-- \/ Yoast SEO plugin. -->","yoast_head_json":{"title":"C\u00f3mo llegar - Residence Corte Grimani","description":"C\u00f3mo llegar, Residence Corte Grimani:","robots":{"index":"index","follow":"follow","max-snippet":"max-snippet:-1","max-image-preview":"max-image-preview:large","max-video-preview":"max-video-preview:-1"},"canonical":"https:\/\/www.cortegrimani.com\/es\/como-llegar\/","og_locale":"es_ES","og_type":"article","og_title":"C\u00f3mo llegar - Residence Corte Grimani","og_description":"C\u00f3mo llegar, Residence Corte Grimani:","og_url":"https:\/\/www.cortegrimani.com\/es\/como-llegar\/","og_site_name":"Residence Corte Grimani","article_modified_time":"2020-07-01T10:38:06+00:00","twitter_misc":{"Tiempo de lectura":"3 minutos"},"schema":{"@context":"https:\/\/schema.org","@graph":[{"@type":"WebPage","@id":"https:\/\/www.cortegrimani.com\/es\/como-llegar\/","url":"https:\/\/www.cortegrimani.com\/es\/como-llegar\/","name":"C\u00f3mo llegar - Residence Corte Grimani","isPartOf":{"@id":"https:\/\/www.cortegrimani.com\/es\/#website"},"datePublished":"2015-07-23T08:08:21+00:00","dateModified":"2020-07-01T10:38:06+00:00","description":"C\u00f3mo llegar, Residence Corte Grimani:","breadcrumb":{"@id":"https:\/\/www.cortegrimani.com\/es\/como-llegar\/#breadcrumb"},"inLanguage":"es","potentialAction":[{"@type":"ReadAction","target":["https:\/\/www.cortegrimani.com\/es\/como-llegar\/"]}]},{"@type":"BreadcrumbList","@id":"https:\/\/www.cortegrimani.com\/es\/como-llegar\/#breadcrumb","itemListElement":[{"@type":"ListItem","position":1,"name":"Home","item":"https:\/\/www.cortegrimani.com\/es\/"},{"@type":"ListItem","position":2,"name":"C\u00f3mo llegar"}]},{"@type":"WebSite","@id":"https:\/\/www.cortegrimani.com\/es\/#website","url":"https:\/\/www.cortegrimani.com\/es\/","name":"Residence Corte Grimani","description":"","potentialAction":[{"@type":"SearchAction","target":{"@type":"EntryPoint","urlTemplate":"https:\/\/www.cortegrimani.com\/es\/?s={search_term_string}"},"query-input":{"@type":"PropertyValueSpecification","valueRequired":true,"valueName":"search_term_string"}}],"inLanguage":"es"}]}},"publishpress_future_action":{"enabled":false,"date":"2026-04-11 01:32:25","action":"change-status","newStatus":"draft","terms":[],"taxonomy":"translation_priority","extraData":[]},"publishpress_future_workflow_manual_trigger":{"enabledWorkflows":[]},"_links":{"self":[{"href":"https:\/\/www.cortegrimani.com\/es\/wp-json\/wp\/v2\/pages\/2398","targetHints":{"allow":["GET"]}}],"collection":[{"href":"https:\/\/www.cortegrimani.com\/es\/wp-json\/wp\/v2\/pages"}],"about":[{"href":"https:\/\/www.cortegrimani.com\/es\/wp-json\/wp\/v2\/types\/page"}],"author":[{"embeddable":true,"href":"https:\/\/www.cortegrimani.com\/es\/wp-json\/wp\/v2\/users\/36"}],"replies":[{"embeddable":true,"href":"https:\/\/www.cortegrimani.com\/es\/wp-json\/wp\/v2\/comments?post=2398"}],"version-history":[{"count":5,"href":"https:\/\/www.cortegrimani.com\/es\/wp-json\/wp\/v2\/pages\/2398\/revisions"}],"predecessor-version":[{"id":3271,"href":"https:\/\/www.cortegrimani.com\/es\/wp-json\/wp\/v2\/pages\/2398\/revisions\/3271"}],"wp:attachment":[{"href":"https:\/\/www.cortegrimani.com\/es\/wp-json\/wp\/v2\/media?parent=2398"}],"curies":[{"name":"wp","href":"https:\/\/api.w.org\/{rel}","templated":true}]}}