{"id":2374,"date":"2015-07-23T08:07:57","date_gmt":"2015-07-23T08:07:57","guid":{"rendered":"https:\/\/www.cortegrimani.com\/es\/posizione\/"},"modified":"2020-07-06T08:26:58","modified_gmt":"2020-07-06T08:26:58","slug":"ubicacion","status":"publish","type":"page","link":"https:\/\/www.cortegrimani.com\/es\/ubicacion\/","title":{"rendered":"Ubicaci\u00f3n"},"content":{"rendered":"<div class=\"wpb-content-wrapper\">[vc_row full_height=\u00bbyes\u00bb parallax=\u00bbcontent-moving\u00bb bg_type=\u00bbimage\u00bb parallax_style=\u00bbvcpb-default\u00bb bg_image_new=\u00bbid^2062|url^https:\/\/www.cortegrimani.com\/wp-content\/uploads\/2015\/07\/dettaglio_basilica.jpg|caption^null|alt^null|title^dettaglio_basilica|description^null\u00bb bg_image_repeat=\u00bbno-repeat\u00bb bg_img_attach=\u00bbfixed\u00bb parallax_content=\u00bbparallax_content_value\u00bb][vc_column][vc_column_text]\n<div class=\"payoff\">\n<h1>Apartamentos de encanto entre San Marcos y Rialto<\/h1>\n<\/div>\n[\/vc_column_text][\/vc_column][\/vc_row][vc_row el_class=\u00bbsfumata\u00bb][vc_column][vc_row_inner el_class=\u00bbwrap\u00bb][vc_column_inner][vc_empty_space height=\u00bb50px\u00bb][vc_column_text]\n<h2 style=\"text-align: center;\">Ubicaci\u00f3n<\/h2>\n<p style=\"text-align: left;\">Residence Corte Grimani le ofrece <strong>apartamentos vacacionales<\/strong> modernos en la ciudad de Venecia. Quince de estos apartamentos se encuentran situados en la Residence, entre San Marco y Rialto y, otros dos, en un palacio junto a los Jardines de la Biennale.<\/p>\n<p><img decoding=\"async\" src=\"https:\/\/www.cortegrimani.com\/wp-content\/uploads\/2013\/09\/fregio-bianco.png\" \/><\/p>\n<h3 style=\"text-align: center;\">Apartamentos Ca&#8217;Nal y Ca&#8217;Navagero<\/h3>\n<p class=\"testo_bianco_loc\">Los apartamentos <strong>Ca&#8217;Nal<\/strong> se encuentran en un palacio en el hist\u00f3rico <strong>Puente de los Bareteri<\/strong>, en la zona de <strong>Mercerie<\/strong>, el coraz\u00f3n de <strong>Venecia<\/strong>, a medio camino entre <strong>Rialto<\/strong> y <strong>San Marcos<\/strong>, mientras que los de <strong>Ca&#8217;Navagero<\/strong> dominan la <strong>Riva degli Schiavoni<\/strong>, entre la <strong>Plaza de San Marcos<\/strong> y los <strong>Jardines de la Bienal<\/strong>.<\/p>\n<h3 style=\"text-align: center;\">Apartamentos Residence Grimani<\/h3>\n<p class=\"testo_bianco_loc\">El Residence Corte Grimani se encuentra en un <b>emplazamiento privilegiado<\/b>: en un antiguo edificio de un tranquilo patio particular, lejos del vaiv\u00e9n tur\u00edstico y no obstante en pleno centro, a <b>2 minutos<\/b> a pie de la <b>Plaza de San Marcos<\/b> y del <b>Puente de Rialto<\/b>, donde paran las principales l\u00edneas de los vaporettos procedentes de Piazzale Roma (terminal de autom\u00f3viles) y de la estaci\u00f3n ferroviaria. Un privilegio poco frecuente es <b>la puerta de agua<\/b> en el canal, que permite a los taxis acu\u00e1ticos llegar c\u00f3modamente a la entrada del Residence.<\/p>\n<p><iframe loading=\"lazy\" class=\"googlemap\" src=\"https:\/\/www.cortegrimani.com\/wp-content\/themes\/cromo\/mappa-2.htm\" width=\"100%\" height=\"550px\" frameborder=\"0\"><\/iframe><\/p>\n<a href=\"https:\/\/www.cortegrimani.com\/es\/como-llegar\/\" class=\"popup\" data-width=\"750\" data-height=\"600\" data-scrollbars=\"1\" alt=\"popup\">\n<p class=\"nascondimobile\">Imprimir el mapa con las indicaciones para llegar a nosotros<\/p>\n<\/a>\n<p class=\"testo_bianco_loc\">A pocos metros, pasando delante del pintoresco muelle de las g\u00f3ndolas, el <b>Bacino Orseolo<\/b>, se llega a la Plaza de San Marcos, donde se hallan los monumentos y los museos m\u00e1s significativos de Venecia: <b>la Bas\u00edlica de San Marcos<\/b>, <b>el Palacio Ducal<\/b>, <b>las Procuradur\u00edas<\/b> con el <b>Museo Correr<\/b> y la biblioteca Marciana. A la misma escasa distancia se encuentra Puente de Rialto, con los caracter\u00edsticos talleres que lo atraviesan y el pintoresco mercado frutas y verduras a sus pies.<\/p>\n<p class=\"testo_bianco_loc\">El <b>Teatro La Fenice<\/b>, donde se desarrollan una importante temporada l\u00edrica y los actos del Festival de la Bienal de M\u00fasica, se encuentra a 5 minutos.<\/p>\n<p class=\"testo_bianco_loc\">Para visitar la <b>Bienal de Arte<\/b> y la de Arquitectura, tras un paseo panor\u00e1mico de media hora, se llega a Giardini, sede hist\u00f3rica de las exposiciones. Para los amantes del arte contempor\u00e1neo, cabe destacar la Galer\u00eda de Arte Moderno <b>Ca&#8217; Pesaro<\/b>, que alberga obras maestras de Klimt, Chagall, Kandinsky, Klee o Matisse y que se encuentra a tan solo dos paradas de vaporetto desde Rialto.<\/p>\n<p class=\"testo_bianco_loc\">Los apasionados de la pintura veneciana de los siglos XIV al XVIII no pueden perderse la visita a las <b>Galer\u00edas del la Accademia<\/b>, a 15 minutos andando, cuyas salas alojan obras maestras, entre otros, de Carpaccio, Bellini, Giorgione, <b>Tiziano<\/b>, el Veron\u00e9s y Tintoretto.<\/p>\n<p class=\"testo_bianco_loc\">Las <b>compras<\/b> m\u00e1s refinadas se pueden hacer en las tiendas de vidrio, oro y encajes de la Plaza de San Marcos, o en las boutiques de ropa y accesorios de estilistas internacionales en la Via XXII Marzo y en las Mercer\u00edas, a dos pasos del Residence.<\/p>\n[\/vc_column_text][vc_empty_space height=\u00bb50px\u00bb][vc_media_grid element_width=\u00bb3&#8243; item=\u00bbmediaGrid_FadeInWithIcon\u00bb grid_id=\u00bbvc_gid:1594023901804-a92560d3-e139-9&#8243; include=\u00bb2150,2149,2148,2151&#8243; css=\u00bb.vc_custom_1523894413210{margin-top: 10px !important;}\u00bb][vc_empty_space height=\u00bb50px\u00bb][\/vc_column_inner][\/vc_row_inner][\/vc_column][\/vc_row][vc_row full_height=\u00bbyes\u00bb columns_placement=\u00bbtop\u00bb parallax=\u00bbcontent-moving\u00bb bg_type=\u00bbimage\u00bb parallax_style=\u00bbvcpb-vz-jquery\u00bb bg_image_new=\u00bbid^2061|url^https:\/\/www.cortegrimani.com\/wp-content\/uploads\/2015\/07\/Fotolia_69128043_L.jpg|caption^null|alt^null|title^Fotolia_69128043_L|description^null\u00bb bg_image_repeat=\u00bbno-repeat\u00bb parallax_content=\u00bbparallax_content_value\u00bb el_class=\u00bbservizi\u00bb][vc_column][vc_column_text]\n<h2>C\u00f3mo llegar<\/h2>\n[\/vc_column_text][\/vc_column][\/vc_row][vc_row el_class=\u00bbwrap\u00bb css=\u00bb.vc_custom_1464276278126{margin-top: 50px !important;margin-bottom: 50px !important;}\u00bb][vc_column width=\u00bb1\/3&#8243;][vc_column_text]\n<h3>En coche<\/h3>\n<p>Desde los peajes de las <b>autopistas<\/b> <b>A4 <\/b>y <b>A27<\/b>, seguir en direcci\u00f3n Venecia. Estacionar el veh\u00edculo en uno de los <b>aparcamientos<\/b> de Piazzale Roma o de Isola del Tronchetto (al final del Ponte della Libert\u00e0, a la derecha), o en Mestre.<\/p>\n<p><strong>Residence Grimani<\/strong>: desde Piazzale Roma y desde el Tronchetto, tomar el vaporetto 2 hacia Rialto y bajar al final de la l\u00ednea. Como alternativa, tomar un taxi acu\u00e1tico que le lleve directamente hasta el hotel.<\/p>\n<p><strong>Apartamentos Ca\u2019 Nal<\/strong>:\u00a0<a href=\"http:\/\/www.canalapartments.it\/en\/contatti.html\" target=\"_blank\" rel=\"noopener noreferrer\">haga clic aqu\u00ed<\/a>.<\/p>\n<p><strong>Apartamentos Ca\u2019 Navagero<\/strong>: <a href=\"http:\/\/www.canavageroapartments.com\/en\/contatti.html\" target=\"_blank\" rel=\"noopener noreferrer\">haga clic aqu\u00ed<\/a>.<\/p>\n<h3>En tren<\/h3>\n<p><strong>Residence Grimani<\/strong>: desde la Fondamenta que que se encuentra frente a la Estaci\u00f3n Ferroviaria Santa Lucia, tomar el vaporetto 1 o 2 (Via Canal Grande) y bajar en la parada Rialto (15 minutos). Como alternativa, tome un taxi acu\u00e1tico que le lleve directamente hasta el hotel.<\/p>\n<p><strong>Apartamentos Ca\u2019 Nal<\/strong>:\u00a0<a href=\"http:\/\/www.canalapartments.it\/en\/contatti.html\" target=\"_blank\" rel=\"noopener noreferrer\">haga clic aqu\u00ed<\/a>.<\/p>\n<p><strong>Apartamentos Ca\u2019 Navagero<\/strong>: <a href=\"http:\/\/www.canavageroapartments.com\/en\/contatti.html\" target=\"_blank\" rel=\"noopener noreferrer\">haga clic aqu\u00ed<\/a>.<\/p>\n[\/vc_column_text][\/vc_column][vc_column width=\u00bb1\/3&#8243;][vc_column_text]\n<h3>En avi\u00f3n<\/h3>\n<h6><strong>Desde el aeropuerto de Venecia<\/strong><\/h6>\n<p><strong>Residence Grimani<\/strong>: coge la lancha motora de la l\u00ednea Alilaguna Arancio, b\u00e1jate en Rialto y sigue las indicaciones del siguiente p\u00e1rrafo, o bien toma la l\u00ednea Alilaguna Blu y b\u00e1jate en la parada de San Marcos. Desde aqu\u00ed, recorrer la Calle Vallaresso, girar a la izquierda al final y en seguida a la derecha por Frezzeria, seguir todo recto y tomar a la derecha la Calle Tron. Al final, girar a la izquierda por Fondamenta Orseolo, seguir recto, atravesar el Ponte Goldoni y girar a la izquierda. Ya habr\u00e1 llegado.<br \/>\nComo alternativa, tome el minib\u00fas hacia Venecia &#8211; Piazzale Roma. Desde aqu\u00ed, el vaporetto 1 o 2 (Via Canal Grande), y bajar en la parada Rialto (15 minutos).<br \/>\nComo alternativa, tomar un taxi acu\u00e1tico que le lleve directamente al hotel (alrededor de 30 minutos).<\/p>\n<p><strong>Apartamentos Ca\u2019 Nal<\/strong>:\u00a0<a href=\"http:\/\/www.canalapartments.it\/en\/contatti.html\" target=\"_blank\" rel=\"noopener noreferrer\">haga clic aqu\u00ed<\/a>.<\/p>\n<p><strong>Apartamentos Ca\u2019 Navagero<\/strong>: <a href=\"http:\/\/www.canavageroapartments.com\/en\/contatti.html\" target=\"_blank\" rel=\"noopener noreferrer\">haga clic aqu\u00ed<\/a>.<\/p>\n<h6><strong>Desde el aeropuerto de Treviso<\/strong><\/h6>\n<p><strong>Residence Grimani<\/strong>: tomar el minib\u00fas hacia Venecia Piazzale Roma, desde all\u00ed, el vaporetto 1 o 2 (Via Canal Grande), y bajar en la parada Rialto (15 minutos).<\/p>\n<p><strong>Apartamentos Ca\u2019 Nal<\/strong>:\u00a0<a href=\"http:\/\/www.canalapartments.it\/en\/contatti.html\" target=\"_blank\" rel=\"noopener noreferrer\">haga clic aqu\u00ed<\/a>.<\/p>\n<p><strong>Apartamentos Ca\u2019 Navagero<\/strong>: <a href=\"http:\/\/www.canavageroapartments.com\/en\/contatti.html\" target=\"_blank\" rel=\"noopener noreferrer\">haga clic aqu\u00ed<\/a>.<\/p>\n[\/vc_column_text][\/vc_column][vc_column width=\u00bb1\/3&#8243;][vc_column_text]\n<h3>Desde la parada de Rialto hasta el Residence<\/h3>\n<p><b>Vaporetto n. 1 y Alilaguna Arancio<\/b>\u00a0| Tome la Calle Bembo frente a usted. Al final de la calle, girar a la derecha por Calle del Teatro y despu\u00e9s a la izquierda hasta llegar a Campo San Lucas. Desde all\u00ed, tome la calle Goldoni frente a usted. Continuar hasta el Ponte Goldoni. Una vez llegados al puente, ver\u00e1 un banco a la derecha. Suba cuatro escalones, gire a la derecha y recorra la pasarela de m\u00e1rmol sobre el agua, que lleva directamente hasta el Residence.<\/p>\n<p><b>Vaporetto n. 2<\/b> | Girar a la derecha en el Canal Grande. Recorrer la Riva del Ferro pasando por debajo del p\u00f3rtico del palacio sobre el Canal Grande. Atravesar el puente y tomar la primeera calle a la izquierda (Calle Bembo); al final de la calle, girar a la derecha por Calle del Teatro y despu\u00e9s a la izquierda hasta llegar a Campo San Luca. Desde all\u00ed, tome Calle Goldoni, frente a usted. Contin\u00fae hasta Ponte Goldoni. Una vez en el puente, ver\u00e1 un banco a la derecha. Suba cuatro escalones, gire a la derecha y recorra la pasarela de m\u00e1rmol sobre el agua, que lleva directamente hasta el Residence.[\/vc_column_text][\/vc_column][\/vc_row]\n<\/p><\/div>","protected":false},"excerpt":{"rendered":"<p>[vc_row full_height=\u00bbyes\u00bb parallax=\u00bbcontent-moving\u00bb bg_type=\u00bbimage\u00bb parallax_style=\u00bbvcpb-default\u00bb bg_image_new=\u00bbid^2062|url^https:\/\/www.cortegrimani.com\/wp-content\/uploads\/2015\/07\/dettaglio_basilica.jpg|caption^null|alt^null|title^dettaglio_basilica|description^null\u00bb bg_image_repeat=\u00bbno-repeat\u00bb bg_img_attach=\u00bbfixed\u00bb parallax_content=\u00bbparallax_content_value\u00bb][vc_column][vc_column_text] Apartamentos de encanto entre San Marcos y Rialto [\/vc_column_text][\/vc_column][\/vc_row][vc_row el_class=\u00bbsfumata\u00bb][vc_column][vc_row_inner el_class=\u00bbwrap\u00bb][vc_column_inner][vc_empty_space height=\u00bb50px\u00bb][vc_column_text] Ubicaci\u00f3n Residence Corte Grimani le ofrece apartamentos vacacionales modernos en la ciudad de Venecia. Quince de estos apartamentos se encuentran situados en la Residence, entre San Marco y Rialto y, otros dos, en un [&hellip;]<\/p>\n","protected":false},"author":36,"featured_media":0,"parent":0,"menu_order":0,"comment_status":"open","ping_status":"open","template":"","meta":{"_genesis_hide_title":false,"_genesis_hide_breadcrumbs":false,"_genesis_hide_singular_image":false,"_genesis_hide_footer_widgets":false,"_genesis_custom_body_class":"interna payoff-interno posizione","_genesis_custom_post_class":"","_genesis_layout":"","footnotes":""},"class_list":{"0":"post-2374","1":"page","2":"type-page","3":"status-publish","5":"entry"},"yoast_head":"<!-- This site is optimized with the Yoast SEO plugin v25.7 - https:\/\/yoast.com\/wordpress\/plugins\/seo\/ -->\n<title>Ubicaci\u00f3n - Residence Corte Grimani<\/title>\n<meta name=\"description\" content=\"Ubicaci\u00f3n, Residence Corte Grimani:\" \/>\n<meta name=\"robots\" content=\"index, follow, max-snippet:-1, max-image-preview:large, max-video-preview:-1\" \/>\n<link rel=\"canonical\" href=\"https:\/\/www.cortegrimani.com\/es\/ubicacion\/\" \/>\n<meta property=\"og:locale\" content=\"es_ES\" \/>\n<meta property=\"og:type\" content=\"article\" \/>\n<meta property=\"og:title\" content=\"Ubicaci\u00f3n - Residence Corte Grimani\" \/>\n<meta property=\"og:description\" content=\"Ubicaci\u00f3n, Residence Corte Grimani:\" \/>\n<meta property=\"og:url\" content=\"https:\/\/www.cortegrimani.com\/es\/ubicacion\/\" \/>\n<meta property=\"og:site_name\" content=\"Residence Corte Grimani\" \/>\n<meta property=\"article:modified_time\" content=\"2020-07-06T08:26:58+00:00\" \/>\n<meta property=\"og:image\" content=\"https:\/\/www.cortegrimani.com\/wp-content\/uploads\/2013\/09\/fregio-bianco.png\" \/>\n<meta name=\"twitter:label1\" content=\"Tiempo de lectura\" \/>\n\t<meta name=\"twitter:data1\" content=\"7 minutos\" \/>\n<script type=\"application\/ld+json\" class=\"yoast-schema-graph\">{\"@context\":\"https:\/\/schema.org\",\"@graph\":[{\"@type\":\"WebPage\",\"@id\":\"https:\/\/www.cortegrimani.com\/es\/ubicacion\/\",\"url\":\"https:\/\/www.cortegrimani.com\/es\/ubicacion\/\",\"name\":\"Ubicaci\u00f3n - Residence Corte Grimani\",\"isPartOf\":{\"@id\":\"https:\/\/www.cortegrimani.com\/es\/#website\"},\"primaryImageOfPage\":{\"@id\":\"https:\/\/www.cortegrimani.com\/es\/ubicacion\/#primaryimage\"},\"image\":{\"@id\":\"https:\/\/www.cortegrimani.com\/es\/ubicacion\/#primaryimage\"},\"thumbnailUrl\":\"https:\/\/www.cortegrimani.com\/wp-content\/uploads\/2013\/09\/fregio-bianco.png\",\"datePublished\":\"2015-07-23T08:07:57+00:00\",\"dateModified\":\"2020-07-06T08:26:58+00:00\",\"description\":\"Ubicaci\u00f3n, Residence Corte Grimani:\",\"breadcrumb\":{\"@id\":\"https:\/\/www.cortegrimani.com\/es\/ubicacion\/#breadcrumb\"},\"inLanguage\":\"es\",\"potentialAction\":[{\"@type\":\"ReadAction\",\"target\":[\"https:\/\/www.cortegrimani.com\/es\/ubicacion\/\"]}]},{\"@type\":\"ImageObject\",\"inLanguage\":\"es\",\"@id\":\"https:\/\/www.cortegrimani.com\/es\/ubicacion\/#primaryimage\",\"url\":\"https:\/\/www.cortegrimani.com\/wp-content\/uploads\/2013\/09\/fregio-bianco.png\",\"contentUrl\":\"https:\/\/www.cortegrimani.com\/wp-content\/uploads\/2013\/09\/fregio-bianco.png\"},{\"@type\":\"BreadcrumbList\",\"@id\":\"https:\/\/www.cortegrimani.com\/es\/ubicacion\/#breadcrumb\",\"itemListElement\":[{\"@type\":\"ListItem\",\"position\":1,\"name\":\"Home\",\"item\":\"https:\/\/www.cortegrimani.com\/es\/\"},{\"@type\":\"ListItem\",\"position\":2,\"name\":\"Ubicaci\u00f3n\"}]},{\"@type\":\"WebSite\",\"@id\":\"https:\/\/www.cortegrimani.com\/es\/#website\",\"url\":\"https:\/\/www.cortegrimani.com\/es\/\",\"name\":\"Residence Corte Grimani\",\"description\":\"\",\"potentialAction\":[{\"@type\":\"SearchAction\",\"target\":{\"@type\":\"EntryPoint\",\"urlTemplate\":\"https:\/\/www.cortegrimani.com\/es\/?s={search_term_string}\"},\"query-input\":{\"@type\":\"PropertyValueSpecification\",\"valueRequired\":true,\"valueName\":\"search_term_string\"}}],\"inLanguage\":\"es\"}]}<\/script>\n<!-- \/ Yoast SEO plugin. -->","yoast_head_json":{"title":"Ubicaci\u00f3n - Residence Corte Grimani","description":"Ubicaci\u00f3n, Residence Corte Grimani:","robots":{"index":"index","follow":"follow","max-snippet":"max-snippet:-1","max-image-preview":"max-image-preview:large","max-video-preview":"max-video-preview:-1"},"canonical":"https:\/\/www.cortegrimani.com\/es\/ubicacion\/","og_locale":"es_ES","og_type":"article","og_title":"Ubicaci\u00f3n - Residence Corte Grimani","og_description":"Ubicaci\u00f3n, Residence Corte Grimani:","og_url":"https:\/\/www.cortegrimani.com\/es\/ubicacion\/","og_site_name":"Residence Corte Grimani","article_modified_time":"2020-07-06T08:26:58+00:00","og_image":[{"url":"https:\/\/www.cortegrimani.com\/wp-content\/uploads\/2013\/09\/fregio-bianco.png","type":"","width":"","height":""}],"twitter_misc":{"Tiempo de lectura":"7 minutos"},"schema":{"@context":"https:\/\/schema.org","@graph":[{"@type":"WebPage","@id":"https:\/\/www.cortegrimani.com\/es\/ubicacion\/","url":"https:\/\/www.cortegrimani.com\/es\/ubicacion\/","name":"Ubicaci\u00f3n - Residence Corte Grimani","isPartOf":{"@id":"https:\/\/www.cortegrimani.com\/es\/#website"},"primaryImageOfPage":{"@id":"https:\/\/www.cortegrimani.com\/es\/ubicacion\/#primaryimage"},"image":{"@id":"https:\/\/www.cortegrimani.com\/es\/ubicacion\/#primaryimage"},"thumbnailUrl":"https:\/\/www.cortegrimani.com\/wp-content\/uploads\/2013\/09\/fregio-bianco.png","datePublished":"2015-07-23T08:07:57+00:00","dateModified":"2020-07-06T08:26:58+00:00","description":"Ubicaci\u00f3n, Residence Corte Grimani:","breadcrumb":{"@id":"https:\/\/www.cortegrimani.com\/es\/ubicacion\/#breadcrumb"},"inLanguage":"es","potentialAction":[{"@type":"ReadAction","target":["https:\/\/www.cortegrimani.com\/es\/ubicacion\/"]}]},{"@type":"ImageObject","inLanguage":"es","@id":"https:\/\/www.cortegrimani.com\/es\/ubicacion\/#primaryimage","url":"https:\/\/www.cortegrimani.com\/wp-content\/uploads\/2013\/09\/fregio-bianco.png","contentUrl":"https:\/\/www.cortegrimani.com\/wp-content\/uploads\/2013\/09\/fregio-bianco.png"},{"@type":"BreadcrumbList","@id":"https:\/\/www.cortegrimani.com\/es\/ubicacion\/#breadcrumb","itemListElement":[{"@type":"ListItem","position":1,"name":"Home","item":"https:\/\/www.cortegrimani.com\/es\/"},{"@type":"ListItem","position":2,"name":"Ubicaci\u00f3n"}]},{"@type":"WebSite","@id":"https:\/\/www.cortegrimani.com\/es\/#website","url":"https:\/\/www.cortegrimani.com\/es\/","name":"Residence Corte Grimani","description":"","potentialAction":[{"@type":"SearchAction","target":{"@type":"EntryPoint","urlTemplate":"https:\/\/www.cortegrimani.com\/es\/?s={search_term_string}"},"query-input":{"@type":"PropertyValueSpecification","valueRequired":true,"valueName":"search_term_string"}}],"inLanguage":"es"}]}},"publishpress_future_action":{"enabled":false,"date":"2026-04-10 23:57:23","action":"change-status","newStatus":"draft","terms":[],"taxonomy":"translation_priority","extraData":[]},"publishpress_future_workflow_manual_trigger":{"enabledWorkflows":[]},"_links":{"self":[{"href":"https:\/\/www.cortegrimani.com\/es\/wp-json\/wp\/v2\/pages\/2374","targetHints":{"allow":["GET"]}}],"collection":[{"href":"https:\/\/www.cortegrimani.com\/es\/wp-json\/wp\/v2\/pages"}],"about":[{"href":"https:\/\/www.cortegrimani.com\/es\/wp-json\/wp\/v2\/types\/page"}],"author":[{"embeddable":true,"href":"https:\/\/www.cortegrimani.com\/es\/wp-json\/wp\/v2\/users\/36"}],"replies":[{"embeddable":true,"href":"https:\/\/www.cortegrimani.com\/es\/wp-json\/wp\/v2\/comments?post=2374"}],"version-history":[{"count":10,"href":"https:\/\/www.cortegrimani.com\/es\/wp-json\/wp\/v2\/pages\/2374\/revisions"}],"predecessor-version":[{"id":3511,"href":"https:\/\/www.cortegrimani.com\/es\/wp-json\/wp\/v2\/pages\/2374\/revisions\/3511"}],"wp:attachment":[{"href":"https:\/\/www.cortegrimani.com\/es\/wp-json\/wp\/v2\/media?parent=2374"}],"curies":[{"name":"wp","href":"https:\/\/api.w.org\/{rel}","templated":true}]}}