{"id":2348,"date":"2013-09-03T14:20:11","date_gmt":"2013-09-03T14:20:11","guid":{"rendered":"https:\/\/www.cortegrimani.com\/es\/home\/"},"modified":"2025-09-05T13:45:15","modified_gmt":"2025-09-05T13:45:15","slug":"home","status":"publish","type":"page","link":"https:\/\/www.cortegrimani.com\/es\/","title":{"rendered":"Home"},"content":{"rendered":"<div class=\"wpb-content-wrapper\">[vc_row parallax_content=\u00bbparallax_content_value\u00bb][vc_column][vc_column_text el_class=\u00bbpayoff\u00bb]\n<h2>Residence Corte Grimani<\/h2>\n<p><img decoding=\"async\" src=\"https:\/\/www.cortegrimani.com\/wp-content\/uploads\/2013\/09\/fregio-bianco.png\" \/><\/p>\n<p class=\"txt-payoff\">Apartamentos de incanto en Venecia<\/p>\n[\/vc_column_text][\/vc_column][\/vc_row][vc_row full_height=\u00bbyes\u00bb content_placement=\u00bbmiddle\u00bb parallax=\u00bbcontent-moving\u00bb bg_type=\u00bbimage\u00bb parallax_style=\u00bbvcpb-default\u00bb bg_image_new=\u00bbid^2033|url^https:\/\/www.cortegrimani.com\/wp-content\/uploads\/2013\/09\/rialto_notte2.jpg|caption^null|alt^null|title^rialto_notte2|description^null\u00bb bg_image_repeat=\u00bbno-repeat\u00bb bg_img_attach=\u00bbfixed\u00bb parallax_content=\u00bbparallax_content_value\u00bb fadeout_row=\u00bbfadeout_row_value\u00bb el_class=\u00bbhp1&#8243;][vc_column][vc_row_inner el_class=\u00bbwrap\u00bb][vc_column_inner][vc_single_image image=\u00bb2046&#8243; img_size=\u00bbfull\u00bb alignment=\u00bbcenter\u00bb el_class=\u00bbornament-top\u00bb][vc_column_text el_class=\u00bbsfondo-home\u00bb]\n<h1>Apartamentos de vacaciones en Venecia<\/h1>\n<p>Vivir en Venecia como un veneciano, en un encantador apartamento con vistas sobre los tejados de la ciudad, a dos pasos de la Plaza de San Marcos y el Puente de Rialto. \u00bfEs tu sue\u00f1o? \u00a1En el Residence Corte Grimani lo puedes hacer realidad! Podr\u00e1 elegir si desea alojarse en la Residence, a unos pasos de la <strong>Plaza de San Marco<\/strong> y del <strong>Puente de Rialto<\/strong>, o en uno de nuestros <strong>apartamentos vacacionales<\/strong>, situados junto a los Jardines de la <strong>Biennale<\/strong>, en el pintoresco barrio de Castello.<\/p>\n<p>Para un fin de semana rom\u00e1ntico o unas vacaciones con toda la familia, los apartamentos del Residence Corte Grimani ofrecen ambientes totalmente renovados, est\u00e1n dotados de todas las comodidades y una atm\u00f3sfera fascinante y pueden albergar con todo confort hasta un m\u00e1ximo de 6 invitados.<\/p>\n<p>Reserva directamente en la web oficial, \u00a1tendr\u00e1s siempre mejores tarifas que en cualquier portal![\/vc_column_text][vc_single_image image=\u00bb2048&#8243; img_size=\u00bbfull\u00bb alignment=\u00bbcenter\u00bb el_class=\u00bbornament-bottom\u00bb][\/vc_column_inner][\/vc_row_inner][\/vc_column][\/vc_row][vc_row equal_height=\u00bbyes\u00bb content_placement=\u00bbmiddle\u00bb parallax_content=\u00bbparallax_content_value\u00bb][vc_column width=\u00bb1\/3&#8243; css=\u00bb.vc_custom_1463149983129{background-image: url(https:\/\/www.cortegrimani.com\/wp-content\/uploads\/2013\/09\/camere-box.jpg?id=2040) !important;background-position: center !important;background-repeat: no-repeat !important;background-size: cover !important;}\u00bb][vc_empty_space height=\u00bb100px\u00bb][vc_column_text]\n<div id=\"giallo\" class=\"bestprice\">\n<h3><span class=\"sans-serif\">Apartamentos<\/span><br \/>\nResidence Grimani<\/h3>\n<\/div>\n[\/vc_column_text][vc_single_image image=\u00bb2052&#8243; img_size=\u00bbfull\u00bb alignment=\u00bbcenter\u00bb css_animation=\u00bbappear\u00bb][vc_btn title=\u00bbDescubrir\u00bb style=\u00bbcustom\u00bb custom_background=\u00bb#ede0ae\u00bb custom_text=\u00bb#1f6ca0&#8243; size=\u00bblg\u00bb align=\u00bbcenter\u00bb css_animation=\u00bbappear\u00bb css=\u00bb.vc_custom_1465478513343{margin-top: 15px !important;margin-right: 15px !important;margin-bottom: 15px !important;margin-left: 15px !important;}\u00bb link=\u00bburl:http%3A%2F%2Fwww.cortegrimani.com%2Fes%2Fapartamentos%2F||\u00bb][vc_single_image image=\u00bb2052&#8243; img_size=\u00bbfull\u00bb alignment=\u00bbcenter\u00bb css_animation=\u00bbappear\u00bb][vc_empty_space height=\u00bb100px\u00bb][\/vc_column][vc_column width=\u00bb1\/3&#8243; css=\u00bb.vc_custom_1593601817885{background-image: url(https:\/\/www.cortegrimani.com\/wp-content\/uploads\/2020\/07\/canalapartments.jpg?id=3189) !important;background-position: center !important;background-repeat: no-repeat !important;background-size: cover !important;}\u00bb el_class=\u00bbsfondo-canal\u00bb][vc_empty_space height=\u00bb100px\u00bb][vc_column_text]\n<div id=\"blu\" class=\"bestprice\">\n<h3><span class=\"sans-serif\">Apartamentos<\/span><br \/>\nCa&#8217; Nal<\/h3>\n<\/div>\n[\/vc_column_text][vc_single_image image=\u00bb2052&#8243; img_size=\u00bbfull\u00bb alignment=\u00bbcenter\u00bb css_animation=\u00bbappear\u00bb][vc_btn title=\u00bbDescubrir\u00bb style=\u00bbcustom\u00bb custom_background=\u00bb#1f6ca0&#8243; custom_text=\u00bb#ffffff\u00bb size=\u00bblg\u00bb align=\u00bbcenter\u00bb css_animation=\u00bbappear\u00bb css=\u00bb.vc_custom_1593602034063{margin-top: 15px !important;margin-right: 15px !important;margin-bottom: 15px !important;margin-left: 15px !important;}\u00bb link=\u00bburl:http%3A%2F%2Fwww.canalapartments.it%2F||target:%20_blank|\u00bb][vc_single_image image=\u00bb2052&#8243; img_size=\u00bbfull\u00bb alignment=\u00bbcenter\u00bb css_animation=\u00bbappear\u00bb][vc_empty_space height=\u00bb100px\u00bb][\/vc_column][vc_column width=\u00bb1\/3&#8243; el_class=\u00bbsfondo-canavagero\u00bb css=\u00bb.vc_custom_1593601843504{background-image: url(https:\/\/www.cortegrimani.com\/wp-content\/uploads\/2020\/07\/canavageroapartments.jpg?id=3197) !important;background-position: center !important;background-repeat: no-repeat !important;background-size: cover !important;}\u00bb][vc_empty_space height=\u00bb100px\u00bb][vc_column_text]\n<div id=\"giallo\" class=\"bestprice\" style=\"text-shadow: 2px 2px 2px #333;\">\n<h3><span class=\"sans-serif\">Apartamentos<\/span><br \/>\nCa&#8217; Navagero<\/h3>\n<\/div>\n[\/vc_column_text][vc_single_image image=\u00bb2052&#8243; img_size=\u00bbfull\u00bb alignment=\u00bbcenter\u00bb css_animation=\u00bbappear\u00bb][vc_btn title=\u00bbDescubrir\u00bb style=\u00bbcustom\u00bb custom_background=\u00bb#ede0ae\u00bb custom_text=\u00bb#1f6ca0&#8243; size=\u00bblg\u00bb align=\u00bbcenter\u00bb css_animation=\u00bbappear\u00bb css=\u00bb.vc_custom_1593602058479{margin-top: 15px !important;margin-right: 15px !important;margin-bottom: 15px !important;margin-left: 15px !important;}\u00bb link=\u00bburl:http%3A%2F%2Fwww.canavageroapartments.com%2F||target:%20_blank|\u00bb][vc_single_image image=\u00bb2052&#8243; img_size=\u00bbfull\u00bb alignment=\u00bbcenter\u00bb css_animation=\u00bbappear\u00bb][vc_empty_space height=\u00bb100px\u00bb][\/vc_column][\/vc_row][vc_row bg_type=\u00bbimage\u00bb parallax_style=\u00bbvcpb-default\u00bb bg_image_repeat=\u00bbno-repeat\u00bb bg_img_attach=\u00bbfixed\u00bb parallax_content=\u00bbparallax_content_value\u00bb el_class=\u00bbsfumata\u00bb][vc_column][vc_column_text el_class=\u00bbbox-offerte\u00bb]\n<h3>Ofertas Especiales<\/h3>\n<\/p><p class=\"ornaments_divider\"><img decoding=\"async\" class=\"aligncenter\" src=\"https:\/\/www.cortegrimani.com\/wp-content\/uploads\/2013\/09\/fregio-bianco.png\" \/><\/p>\n<div class=\"gallery-view\"><div class=\"offer-package-4\"><div style=\"position:relative; margin-left:auto; margin-right:auto; overflow:hidden; width:px;\"><a href=\"https:\/\/www.cortegrimani.com\/es\/offers\/advanced-booking\/\"><img loading=\"lazy\" decoding=\"async\" width=\"210\" height=\"210\" src=\"https:\/\/www.cortegrimani.com\/wp-content\/uploads\/2015\/07\/canalgrande_notte-210x210.jpg\" class=\"size-thumbnail\" alt=\"\" srcset=\"https:\/\/www.cortegrimani.com\/wp-content\/uploads\/2015\/07\/canalgrande_notte-210x210.jpg 210w, https:\/\/www.cortegrimani.com\/wp-content\/uploads\/2015\/07\/canalgrande_notte-140x140.jpg 140w, https:\/\/www.cortegrimani.com\/wp-content\/uploads\/2015\/07\/canalgrande_notte-32x32.jpg 32w, https:\/\/www.cortegrimani.com\/wp-content\/uploads\/2015\/07\/canalgrande_notte-128x128.jpg 128w, https:\/\/www.cortegrimani.com\/wp-content\/uploads\/2015\/07\/canalgrande_notte-268x268.jpg 268w, https:\/\/www.cortegrimani.com\/wp-content\/uploads\/2015\/07\/canalgrande_notte-440x440.jpg 440w\" sizes=\"auto, (max-width: 210px) 100vw, 210px\" \/><\/a><div class=\"background-offer-gallery\"><img decoding=\"async\" src=\"\"\/><div class=\"highlight-text-gallery\"><a href=\"https:\/\/www.cortegrimani.com\/es\/offers\/advanced-booking\/\"><\/a><\/div><\/div><div class=\"background-tag-gallery\"><img decoding=\"async\" src=\"\"\/><\/div><\/div><div class=\"original-price\"><\/div><div class=\"reducted-price\"><\/div><div class=\"clear\"><\/div><div class=\"offer_title\"><a href=\"https:\/\/www.cortegrimani.com\/es\/offers\/advanced-booking\/\">Advanced booking<\/a><\/div><div class=\"package-gallery\"><div>Up to 10% off<\/div><div><\/div><div><\/div><div>All appartments<\/div><\/div><\/div><div class=\"offer-package-4\"><div style=\"position:relative; margin-left:auto; margin-right:auto; overflow:hidden; width:px;\"><a href=\"https:\/\/www.cortegrimani.com\/es\/offers\/book-and-get-the-lowest-rate\/\"><img loading=\"lazy\" decoding=\"async\" width=\"210\" height=\"210\" src=\"https:\/\/www.cortegrimani.com\/wp-content\/uploads\/2013\/09\/sangiorgio_tramonto-210x210.jpg\" class=\"size-thumbnail\" alt=\"\" srcset=\"https:\/\/www.cortegrimani.com\/wp-content\/uploads\/2013\/09\/sangiorgio_tramonto-210x210.jpg 210w, https:\/\/www.cortegrimani.com\/wp-content\/uploads\/2013\/09\/sangiorgio_tramonto-140x140.jpg 140w, https:\/\/www.cortegrimani.com\/wp-content\/uploads\/2013\/09\/sangiorgio_tramonto-32x32.jpg 32w, https:\/\/www.cortegrimani.com\/wp-content\/uploads\/2013\/09\/sangiorgio_tramonto-128x128.jpg 128w, https:\/\/www.cortegrimani.com\/wp-content\/uploads\/2013\/09\/sangiorgio_tramonto-268x268.jpg 268w, https:\/\/www.cortegrimani.com\/wp-content\/uploads\/2013\/09\/sangiorgio_tramonto-440x440.jpg 440w\" sizes=\"auto, (max-width: 210px) 100vw, 210px\" \/><\/a><div class=\"background-offer-gallery\"><img decoding=\"async\" src=\"\"\/><div class=\"highlight-text-gallery\"><a href=\"https:\/\/www.cortegrimani.com\/es\/offers\/book-and-get-the-lowest-rate\/\"><\/a><\/div><\/div><div class=\"background-tag-gallery\"><img decoding=\"async\" src=\"\"\/><\/div><\/div><div class=\"original-price\"><\/div><div class=\"reducted-price\"><\/div><div class=\"clear\"><\/div><div class=\"offer_title\"><a href=\"https:\/\/www.cortegrimani.com\/es\/offers\/book-and-get-the-lowest-rate\/\">Best Price Guarantee &#8211; Book and get the lowest rate!<\/a><\/div><div class=\"package-gallery\"><div>Exclusive discount<\/div><div><\/div><div><\/div><div><\/div><\/div><\/div><\/div>\n<p class=\"lista\"><a title=\"Offerte Speciali\" href=\"https:\/\/www.cortegrimani.com\/es\/ofertas-especiales\/\">Ir a la lista completa<\/a><\/p>\n[\/vc_column_text][\/vc_column][\/vc_row][vc_row][vc_column][vc_media_grid gap=\u00bb0&#8243; item=\u00bbmediaGrid_FadeInWithIcon\u00bb css=\u00bb\u00bb grid_id=\u00bbvc_gid:1757079900936-6bf8fab2-c50d-4&#8243; include=\u00bb1922,1923,1924&#8243;][\/vc_column][\/vc_row]\n<\/div>","protected":false},"excerpt":{"rendered":"<p>[vc_row parallax_content=\u00bbparallax_content_value\u00bb][vc_column][vc_column_text el_class=\u00bbpayoff\u00bb] Residence Corte Grimani Apartamentos de incanto en Venecia [\/vc_column_text][\/vc_column][\/vc_row][vc_row full_height=\u00bbyes\u00bb content_placement=\u00bbmiddle\u00bb parallax=\u00bbcontent-moving\u00bb bg_type=\u00bbimage\u00bb parallax_style=\u00bbvcpb-default\u00bb bg_image_new=\u00bbid^2033|url^https:\/\/www.cortegrimani.com\/wp-content\/uploads\/2013\/09\/rialto_notte2.jpg|caption^null|alt^null|title^rialto_notte2|description^null\u00bb bg_image_repeat=\u00bbno-repeat\u00bb bg_img_attach=\u00bbfixed\u00bb parallax_content=\u00bbparallax_content_value\u00bb fadeout_row=\u00bbfadeout_row_value\u00bb el_class=\u00bbhp1&#8243;][vc_column][vc_row_inner el_class=\u00bbwrap\u00bb][vc_column_inner][vc_single_image image=\u00bb2046&#8243; img_size=\u00bbfull\u00bb alignment=\u00bbcenter\u00bb el_class=\u00bbornament-top\u00bb][vc_column_text el_class=\u00bbsfondo-home\u00bb] Apartamentos de vacaciones en Venecia Vivir en Venecia como un veneciano, en un encantador apartamento con vistas sobre los tejados de la ciudad, a dos pasos [&hellip;]<\/p>\n","protected":false},"author":36,"featured_media":0,"parent":0,"menu_order":0,"comment_status":"open","ping_status":"open","template":"","meta":{"_genesis_hide_title":false,"_genesis_hide_breadcrumbs":false,"_genesis_hide_singular_image":false,"_genesis_hide_footer_widgets":false,"_genesis_custom_body_class":"","_genesis_custom_post_class":"","_genesis_layout":"","footnotes":""},"class_list":{"0":"post-2348","1":"page","2":"type-page","3":"status-publish","5":"entry"},"yoast_head":"<!-- This site is optimized with the Yoast SEO plugin v25.7 - https:\/\/yoast.com\/wordpress\/plugins\/seo\/ -->\n<title>Apartamentos de vacaciones en Venecia | Residence Corte Grimani Venecia Sitio Oficial | Apartamentos en Residencia de encanto San Marco Venecia<\/title>\n<meta name=\"description\" content=\"Residence Corte Grimani Venecia: Apartamentos de vacaciones en Venecia de alquiler en una impresionante residencia de encanto en la zona de San Marco de Venecia\" \/>\n<meta name=\"robots\" content=\"index, follow, max-snippet:-1, max-image-preview:large, max-video-preview:-1\" \/>\n<link rel=\"canonical\" href=\"https:\/\/www.cortegrimani.com\/es\/\" \/>\n<meta property=\"og:locale\" content=\"es_ES\" \/>\n<meta property=\"og:type\" content=\"article\" \/>\n<meta property=\"og:title\" content=\"Apartamentos de vacaciones en Venecia | Residence Corte Grimani Venecia Sitio Oficial | Apartamentos en Residencia de encanto San Marco Venecia\" \/>\n<meta property=\"og:description\" content=\"Residence Corte Grimani Venecia: Apartamentos de vacaciones en Venecia de alquiler en una impresionante residencia de encanto en la zona de San Marco de Venecia\" \/>\n<meta property=\"og:url\" content=\"https:\/\/www.cortegrimani.com\/es\/\" \/>\n<meta property=\"og:site_name\" content=\"Residence Corte Grimani\" \/>\n<meta property=\"article:modified_time\" content=\"2025-09-05T13:45:15+00:00\" \/>\n<meta property=\"og:image\" content=\"https:\/\/www.cortegrimani.com\/wp-content\/uploads\/2013\/09\/fregio-bianco.png\" \/>\n<meta name=\"twitter:label1\" content=\"Tiempo de lectura\" \/>\n\t<meta name=\"twitter:data1\" content=\"3 minutos\" \/>\n<script type=\"application\/ld+json\" class=\"yoast-schema-graph\">{\"@context\":\"https:\/\/schema.org\",\"@graph\":[{\"@type\":\"WebPage\",\"@id\":\"https:\/\/www.cortegrimani.com\/es\/\",\"url\":\"https:\/\/www.cortegrimani.com\/es\/\",\"name\":\"Apartamentos de vacaciones en Venecia | Residence Corte Grimani Venecia Sitio Oficial | Apartamentos en Residencia de encanto San Marco Venecia\",\"isPartOf\":{\"@id\":\"https:\/\/www.cortegrimani.com\/es\/#website\"},\"primaryImageOfPage\":{\"@id\":\"https:\/\/www.cortegrimani.com\/es\/#primaryimage\"},\"image\":{\"@id\":\"https:\/\/www.cortegrimani.com\/es\/#primaryimage\"},\"thumbnailUrl\":\"https:\/\/www.cortegrimani.com\/wp-content\/uploads\/2013\/09\/fregio-bianco.png\",\"datePublished\":\"2013-09-03T14:20:11+00:00\",\"dateModified\":\"2025-09-05T13:45:15+00:00\",\"description\":\"Residence Corte Grimani Venecia: Apartamentos de vacaciones en Venecia de alquiler en una impresionante residencia de encanto en la zona de San Marco de Venecia\",\"breadcrumb\":{\"@id\":\"https:\/\/www.cortegrimani.com\/es\/#breadcrumb\"},\"inLanguage\":\"es\",\"potentialAction\":[{\"@type\":\"ReadAction\",\"target\":[\"https:\/\/www.cortegrimani.com\/es\/\"]}]},{\"@type\":\"ImageObject\",\"inLanguage\":\"es\",\"@id\":\"https:\/\/www.cortegrimani.com\/es\/#primaryimage\",\"url\":\"https:\/\/www.cortegrimani.com\/wp-content\/uploads\/2013\/09\/fregio-bianco.png\",\"contentUrl\":\"https:\/\/www.cortegrimani.com\/wp-content\/uploads\/2013\/09\/fregio-bianco.png\"},{\"@type\":\"BreadcrumbList\",\"@id\":\"https:\/\/www.cortegrimani.com\/es\/#breadcrumb\",\"itemListElement\":[{\"@type\":\"ListItem\",\"position\":1,\"name\":\"Home\",\"item\":\"https:\/\/www.cortegrimani.com\/es\/\"},{\"@type\":\"ListItem\",\"position\":2,\"name\":\"Home\"}]},{\"@type\":\"WebSite\",\"@id\":\"https:\/\/www.cortegrimani.com\/es\/#website\",\"url\":\"https:\/\/www.cortegrimani.com\/es\/\",\"name\":\"Residence Corte Grimani\",\"description\":\"\",\"potentialAction\":[{\"@type\":\"SearchAction\",\"target\":{\"@type\":\"EntryPoint\",\"urlTemplate\":\"https:\/\/www.cortegrimani.com\/es\/?s={search_term_string}\"},\"query-input\":{\"@type\":\"PropertyValueSpecification\",\"valueRequired\":true,\"valueName\":\"search_term_string\"}}],\"inLanguage\":\"es\"}]}<\/script>\n<!-- \/ Yoast SEO plugin. -->","yoast_head_json":{"title":"Apartamentos de vacaciones en Venecia | Residence Corte Grimani Venecia Sitio Oficial | Apartamentos en Residencia de encanto San Marco Venecia","description":"Residence Corte Grimani Venecia: Apartamentos de vacaciones en Venecia de alquiler en una impresionante residencia de encanto en la zona de San Marco de Venecia","robots":{"index":"index","follow":"follow","max-snippet":"max-snippet:-1","max-image-preview":"max-image-preview:large","max-video-preview":"max-video-preview:-1"},"canonical":"https:\/\/www.cortegrimani.com\/es\/","og_locale":"es_ES","og_type":"article","og_title":"Apartamentos de vacaciones en Venecia | Residence Corte Grimani Venecia Sitio Oficial | Apartamentos en Residencia de encanto San Marco Venecia","og_description":"Residence Corte Grimani Venecia: Apartamentos de vacaciones en Venecia de alquiler en una impresionante residencia de encanto en la zona de San Marco de Venecia","og_url":"https:\/\/www.cortegrimani.com\/es\/","og_site_name":"Residence Corte Grimani","article_modified_time":"2025-09-05T13:45:15+00:00","og_image":[{"url":"https:\/\/www.cortegrimani.com\/wp-content\/uploads\/2013\/09\/fregio-bianco.png","type":"","width":"","height":""}],"twitter_misc":{"Tiempo de lectura":"3 minutos"},"schema":{"@context":"https:\/\/schema.org","@graph":[{"@type":"WebPage","@id":"https:\/\/www.cortegrimani.com\/es\/","url":"https:\/\/www.cortegrimani.com\/es\/","name":"Apartamentos de vacaciones en Venecia | Residence Corte Grimani Venecia Sitio Oficial | Apartamentos en Residencia de encanto San Marco Venecia","isPartOf":{"@id":"https:\/\/www.cortegrimani.com\/es\/#website"},"primaryImageOfPage":{"@id":"https:\/\/www.cortegrimani.com\/es\/#primaryimage"},"image":{"@id":"https:\/\/www.cortegrimani.com\/es\/#primaryimage"},"thumbnailUrl":"https:\/\/www.cortegrimani.com\/wp-content\/uploads\/2013\/09\/fregio-bianco.png","datePublished":"2013-09-03T14:20:11+00:00","dateModified":"2025-09-05T13:45:15+00:00","description":"Residence Corte Grimani Venecia: Apartamentos de vacaciones en Venecia de alquiler en una impresionante residencia de encanto en la zona de San Marco de Venecia","breadcrumb":{"@id":"https:\/\/www.cortegrimani.com\/es\/#breadcrumb"},"inLanguage":"es","potentialAction":[{"@type":"ReadAction","target":["https:\/\/www.cortegrimani.com\/es\/"]}]},{"@type":"ImageObject","inLanguage":"es","@id":"https:\/\/www.cortegrimani.com\/es\/#primaryimage","url":"https:\/\/www.cortegrimani.com\/wp-content\/uploads\/2013\/09\/fregio-bianco.png","contentUrl":"https:\/\/www.cortegrimani.com\/wp-content\/uploads\/2013\/09\/fregio-bianco.png"},{"@type":"BreadcrumbList","@id":"https:\/\/www.cortegrimani.com\/es\/#breadcrumb","itemListElement":[{"@type":"ListItem","position":1,"name":"Home","item":"https:\/\/www.cortegrimani.com\/es\/"},{"@type":"ListItem","position":2,"name":"Home"}]},{"@type":"WebSite","@id":"https:\/\/www.cortegrimani.com\/es\/#website","url":"https:\/\/www.cortegrimani.com\/es\/","name":"Residence Corte Grimani","description":"","potentialAction":[{"@type":"SearchAction","target":{"@type":"EntryPoint","urlTemplate":"https:\/\/www.cortegrimani.com\/es\/?s={search_term_string}"},"query-input":{"@type":"PropertyValueSpecification","valueRequired":true,"valueName":"search_term_string"}}],"inLanguage":"es"}]}},"publishpress_future_action":{"enabled":false,"date":"2026-04-10 22:13:30","action":"change-status","newStatus":"draft","terms":[],"taxonomy":"translation_priority","extraData":[]},"publishpress_future_workflow_manual_trigger":{"enabledWorkflows":[]},"_links":{"self":[{"href":"https:\/\/www.cortegrimani.com\/es\/wp-json\/wp\/v2\/pages\/2348","targetHints":{"allow":["GET"]}}],"collection":[{"href":"https:\/\/www.cortegrimani.com\/es\/wp-json\/wp\/v2\/pages"}],"about":[{"href":"https:\/\/www.cortegrimani.com\/es\/wp-json\/wp\/v2\/types\/page"}],"author":[{"embeddable":true,"href":"https:\/\/www.cortegrimani.com\/es\/wp-json\/wp\/v2\/users\/36"}],"replies":[{"embeddable":true,"href":"https:\/\/www.cortegrimani.com\/es\/wp-json\/wp\/v2\/comments?post=2348"}],"version-history":[{"count":9,"href":"https:\/\/www.cortegrimani.com\/es\/wp-json\/wp\/v2\/pages\/2348\/revisions"}],"predecessor-version":[{"id":3574,"href":"https:\/\/www.cortegrimani.com\/es\/wp-json\/wp\/v2\/pages\/2348\/revisions\/3574"}],"wp:attachment":[{"href":"https:\/\/www.cortegrimani.com\/es\/wp-json\/wp\/v2\/media?parent=2348"}],"curies":[{"name":"wp","href":"https:\/\/api.w.org\/{rel}","templated":true}]}}