{"id":2416,"date":"2015-07-23T08:15:20","date_gmt":"2015-07-23T08:15:20","guid":{"rendered":"https:\/\/www.cortegrimani.com\/de\/appartamenti\/"},"modified":"2017-02-22T12:00:45","modified_gmt":"2017-02-22T12:00:45","slug":"wohnungen","status":"publish","type":"page","link":"https:\/\/www.cortegrimani.com\/de\/wohnungen\/","title":{"rendered":"Wohnungen"},"content":{"rendered":"<div class=\"wpb-content-wrapper\">[vc_row full_height=&#8220;yes&#8220; columns_placement=&#8220;top&#8220; content_placement=&#8220;top&#8220; parallax=&#8220;content-moving&#8220; bg_type=&#8220;image&#8220; parallax_style=&#8220;vcpb-default&#8220; bg_image_new=&#8220;id^1994|url^https:\/\/www.cortegrimani.com\/wp-content\/uploads\/2015\/07\/bkg-appartamenti.jpg|caption^null|alt^null|title^bkg-appartamenti|description^null&#8220; bg_image_repeat=&#8220;no-repeat&#8220; bg_img_attach=&#8220;fixed&#8220; parallax_content=&#8220;parallax_content_value&#8220;][vc_column][vc_column_text]\n<div class=\"payoff\">\n<h2>Unsere Wohnungen<\/h2>\n<\/div>\n[\/vc_column_text][\/vc_column][\/vc_row][vc_row el_class=&#8220;wrap contenuto&#8220;][vc_column][vc_empty_space height=&#8220;50px&#8220;][vc_row_inner el_class=&#8220;wrap&#8220;][vc_column_inner width=&#8220;1\/2&#8243;][vc_column_text el_class=&#8220;wrap&#8220;]\n<h1>Wohnungen<\/h1>\n<p>Die <b>15<\/b> eleganten <b>Wohnungen<\/b> des Residence sind ideal f\u00fcr eine Kurzmiete und f\u00fcr die Wahl eines Aparthotels in Venedig und stehen in den Versionen Classic und Superior zur Verf\u00fcgung. Sie entsprechen s\u00e4mtlichen Anforderungen von Komfort und Gr\u00f6\u00dfe: jede Wohnung verf\u00fcgt \u00fcber <b>Klimaanlage<\/b>, Safe, Satelliten-TV, Telefon, K\u00fchlschrank, <b>Waschmaschine, free WiFi Internet-Zugang<\/b>. Die B\u00e4der sind entweder mit Badewanne oder Dusche sowie einem <b>Haartrockner<\/b> und einem Beauty-Set ausgestattet.<\/p>\n<p>Der Aufenthalt in der Wohnung mit den Eltern ist <b>f\u00fcr Kinder bis einschlie\u00dflich 5 Jahren kostenlos<\/b>.<br \/>\nS\u00e4mtliche Wohnungen sind f\u00fcr Nichtraucher bestimmt.<br \/>\nHaustiere werden nicht gestattet.[\/vc_column_text][\/vc_column_inner][vc_column_inner width=&#8220;1\/2&#8243;][vc_column_text el_class=&#8220;box-offerte&#8220;]\n<h3>Sonderangebote<\/h3>\n<div class=\"flexslider\" style=\"width:440px;\"><ul class=\"slides\"><li><a href=\"https:\/\/www.cortegrimani.com\/de\/offers\/advanced-booking\/\"><img loading=\"lazy\" decoding=\"async\" width=\"440\" height=\"250\" src=\"https:\/\/www.cortegrimani.com\/wp-content\/uploads\/2015\/07\/canalgrande_notte-440x250.jpg\" class=\"attachment-slider_medium_large size-slider_medium_large\" alt=\"\" \/><\/a><div class=\"flex-caption\"><div class=\"original-price price-all\"><\/div><div class=\"reducted-price price-all\"><\/div><div class=\"clear\"><\/div><div class=\"clear\"><\/div><div class=\"offer_title\"><a href=\"https:\/\/www.cortegrimani.com\/de\/offers\/advanced-booking\/\">Advanced booking<\/a><\/div><\/div><\/li><li><a href=\"https:\/\/www.cortegrimani.com\/de\/offers\/book-and-get-the-lowest-rate\/\"><img loading=\"lazy\" decoding=\"async\" width=\"440\" height=\"250\" src=\"https:\/\/www.cortegrimani.com\/wp-content\/uploads\/2013\/09\/sangiorgio_tramonto-440x250.jpg\" class=\"attachment-slider_medium_large size-slider_medium_large\" alt=\"\" \/><\/a><div class=\"flex-caption\"><div class=\"original-price price-all\"><\/div><div class=\"reducted-price price-all\"><\/div><div class=\"clear\"><\/div><div class=\"clear\"><\/div><div class=\"offer_title\"><a href=\"https:\/\/www.cortegrimani.com\/de\/offers\/book-and-get-the-lowest-rate\/\">Best Price Guarantee &#8211; Book and get the lowest rate!<\/a><\/div><\/div><\/li><\/ul><\/div>\n<\/p><p class=\"lista\"><a title=\"Offerte Speciali\" href=\"https:\/\/www.cortegrimani.com\/de\/angebote\/\">Zur vollst\u00e4ndigen Liste gehen<\/a><\/p>\n[\/vc_column_text][\/vc_column_inner][\/vc_row_inner][vc_single_image image=&#8220;2055&#8243; img_size=&#8220;full&#8220; alignment=&#8220;center&#8220;][vc_column_text el_class=&#8220;boxcomfort&#8220;]\n<h3>Komfort<\/h3>\n<ul>\n<li><strong>T\u00e4gliche Wohnungsreinigung<\/strong> ausschlie\u00dflich der Kochecke (<em>Reinigung der Kochecke nur auf Anfrage<\/em>)<\/li>\n<li><strong>Free WiFi<\/strong><\/li>\n<li>Aufzug<\/li>\n<li>Regulierbare Heizung und Klimaanlage<\/li>\n<li>Telefon<\/li>\n<li>Kostenlose Ortsgespr\u00e4che<\/li>\n<li>Satelliten-TV<\/li>\n<li>Haartrockner<\/li>\n<li>Voll ausgestattete K\u00fcche<\/li>\n<li>Waschtrockner<\/li>\n<li>B\u00fcgelbrett und B\u00fcgeleisen (auf Anfrage kostenlos)<\/li>\n<li>Sp\u00fclmaschine<\/li>\n<li>K\u00fchlschrank<\/li>\n<li>Mikrowellenherd<\/li>\n<li>Elektroplatten<\/li>\n<li>Kindersitz und Babybett (auf Anfrage kostenlos)<\/li>\n<li>Gep\u00e4ckaufbewahrung<\/li>\n<li>Internet point<\/li>\n<li>Hotelhalle und Wohnzimmer<\/li>\n<\/ul>\n<h3>Quick info<\/h3>\n<ul>\n<li><strong>Rezeption h24<\/strong><\/li>\n<li>Check in 15.00 Uhr<\/li>\n<li>Check out 10.30 Uhr<\/li>\n<\/ul>\n[\/vc_column_text][vc_empty_space height=&#8220;50px&#8220;][\/vc_column][\/vc_row][vc_row full_width=&#8220;stretch_row_content_no_spaces&#8220; full_height=&#8220;yes&#8220; columns_placement=&#8220;top&#8220; content_placement=&#8220;top&#8220; parallax=&#8220;content-moving&#8220; bg_type=&#8220;image&#8220; parallax_style=&#8220;vcpb-vz-jquery&#8220; bg_image_new=&#8220;id^2001|url^https:\/\/www.cortegrimani.com\/wp-content\/uploads\/2015\/07\/DSCF3846xx-1.jpg|caption^null|alt^null|title^DSCF3846xx|description^null&#8220; bg_image_repeat=&#8220;no-repeat&#8220; parallax_content=&#8220;parallax_content_value&#8220;][vc_column][vc_column_text el_class=&#8220;servizi&#8220;]\n<h2>Superior<\/h2>\n[\/vc_column_text][\/vc_column][\/vc_row][vc_row el_class=&#8220;sfumata&#8220;][vc_column][vc_empty_space height=&#8220;50px&#8220;][vc_row_inner el_class=&#8220;wrap&#8220;][vc_column_inner width=&#8220;1\/2&#8243;][vc_column_text]<em>F\u00fcr 2 \/ 6 Personen<\/em><br \/>\nBesonders raffiniert <b><\/b>Wohnzimmer mit Doppelbettcouch und voll ausgestattete Kochecke, gro\u00dfes Schlafzimmer mit zwei Einzelbetten oder einem Doppelbett sowie eine weitere Doppelbettcouch. Zwei B\u00e4der, von denen eines \u00fcber eine Dusche und eines \u00fcber eine Badewanne verf\u00fcgt.<br \/>\nS\u00e4mtliche Wohnungen haben einen bezaubernden Blick auf einen typischen Winkel der Stadt oder auf einen Kanal Venedigs.[\/vc_column_text][vc_single_image image=&#8220;2055&#8243; img_size=&#8220;full&#8220; alignment=&#8220;center&#8220; css=&#8220;.vc_custom_1463153609198{margin-top: 15px !important;margin-right: 15px !important;margin-bottom: 15px !important;margin-left: 15px !important;}&#8220;][vc_empty_space height=&#8220;15px&#8220;][vc_btn title=&#8220;Jetzt buchen!&#8220; style=&#8220;classic&#8220; color=&#8220;primary&#8220; size=&#8220;lg&#8220; align=&#8220;left&#8220; css_animation=&#8220;appear&#8220; link=&#8220;url:https%3A%2F%2Fbook.cortegrimani.com%2Faccommodation%2Flist%3FchannelId%3D67d6757d-d2f4-432c-ae53-8e668f128fcc%26culture%3Dde||&#8220; el_class=&#8220;bottone&#8220;][vc_btn title=&#8220;Jetzt buchen!&#8220; style=&#8220;classic&#8220; color=&#8220;primary&#8220; size=&#8220;lg&#8220; align=&#8220;center&#8220; css_animation=&#8220;appear&#8220; link=&#8220;url:https%3A%2F%2Fbook.cortegrimani.com%2Faccommodation%2Flist%3FchannelId%3D67d6757d-d2f4-432c-ae53-8e668f128fcc%26culture%3Dde||&#8220; el_class=&#8220;bottone-mobile&#8220;][\/vc_column_inner][vc_column_inner width=&#8220;1\/2&#8243;][vc_media_grid element_width=&#8220;6&#8243; item=&#8220;mediaGrid_FadeInWithIcon&#8220; grid_id=&#8220;vc_gid:1487764696771-eaf1619f-81be-9&#8243; include=&#8220;1997,1998,1999,2000&#8243;][\/vc_column_inner][\/vc_row_inner][vc_empty_space height=&#8220;50px&#8220;][\/vc_column][\/vc_row][vc_row full_width=&#8220;stretch_row_content_no_spaces&#8220; full_height=&#8220;yes&#8220; columns_placement=&#8220;top&#8220; content_placement=&#8220;top&#8220; parallax=&#8220;content-moving&#8220; bg_type=&#8220;image&#8220; parallax_style=&#8220;vcpb-vz-jquery&#8220; bg_image_new=&#8220;id^2002|url^https:\/\/www.cortegrimani.com\/wp-content\/uploads\/2015\/07\/DSCF3621XX.jpg|caption^null|alt^null|title^DSCF3621XX|description^null&#8220; bg_image_repeat=&#8220;no-repeat&#8220; parallax_content=&#8220;parallax_content_value&#8220;][vc_column][vc_column_text el_class=&#8220;servizi&#8220;]\n<h2>Classic mit Ausblick<\/h2>\n[\/vc_column_text][\/vc_column][\/vc_row][vc_row el_class=&#8220;sfumata&#8220;][vc_column][vc_empty_space height=&#8220;50px&#8220;][vc_row_inner el_class=&#8220;wrap&#8220;][vc_column_inner width=&#8220;1\/2&#8243;][vc_column_text]<em>F\u00fcr 2 \/ 5 Personen<\/em><br \/>\nMit <b>bezauberndem Blick auf die D\u00e4cher Venedigs<\/b>, bestehend aus Wohnzimmer mit Doppelbettcouch und voll ausgestatteter Kochecke, Schlafzimmer mit Einzelbetten oder Doppelbett, Bad mit Badewanne. Einige Wohnungen verf\u00fcgen \u00fcber ein weiteres Einzelzimmer.[\/vc_column_text][vc_single_image image=&#8220;2055&#8243; img_size=&#8220;full&#8220; alignment=&#8220;center&#8220; css=&#8220;.vc_custom_1463153626537{margin-top: 15px !important;margin-right: 15px !important;margin-bottom: 15px !important;margin-left: 15px !important;}&#8220;][vc_empty_space height=&#8220;15px&#8220;][vc_btn title=&#8220;Jetzt buchen!&#8220; style=&#8220;classic&#8220; color=&#8220;primary&#8220; size=&#8220;lg&#8220; align=&#8220;left&#8220; css_animation=&#8220;appear&#8220; link=&#8220;url:https%3A%2F%2Fbook.cortegrimani.com%2Faccommodation%2Flist%3FchannelId%3D67d6757d-d2f4-432c-ae53-8e668f128fcc%26culture%3Dde||&#8220; el_class=&#8220;bottone&#8220;][vc_btn title=&#8220;Jetzt buchen!&#8220; style=&#8220;classic&#8220; color=&#8220;primary&#8220; size=&#8220;lg&#8220; align=&#8220;center&#8220; css_animation=&#8220;appear&#8220; link=&#8220;url:https%3A%2F%2Fbook.cortegrimani.com%2Faccommodation%2Flist%3FchannelId%3D67d6757d-d2f4-432c-ae53-8e668f128fcc%26culture%3Dde||&#8220; el_class=&#8220;bottone-mobile&#8220;][\/vc_column_inner][vc_column_inner width=&#8220;1\/2&#8243;][vc_media_grid element_width=&#8220;6&#8243; item=&#8220;mediaGrid_FadeInWithIcon&#8220; grid_id=&#8220;vc_gid:1487764696778-51443666-b0c3-8&#8243; include=&#8220;2004,2005,2006,2003&#8243;][\/vc_column_inner][\/vc_row_inner][vc_empty_space height=&#8220;50px&#8220;][\/vc_column][\/vc_row][vc_row full_width=&#8220;stretch_row_content_no_spaces&#8220; full_height=&#8220;yes&#8220; columns_placement=&#8220;top&#8220; content_placement=&#8220;top&#8220; parallax=&#8220;content-moving&#8220; bg_type=&#8220;image&#8220; parallax_style=&#8220;vcpb-vz-jquery&#8220; bg_image_new=&#8220;id^2011|url^https:\/\/www.cortegrimani.com\/wp-content\/uploads\/2015\/07\/DSCF3703XX-1.jpg|caption^null|alt^null|title^DSCF3703XX|description^null&#8220; bg_image_repeat=&#8220;no-repeat&#8220; parallax_content=&#8220;parallax_content_value&#8220;][vc_column][vc_column_text el_class=&#8220;servizi&#8220;]\n<h2>Classic Standard<\/h2>\n[\/vc_column_text][\/vc_column][\/vc_row][vc_row el_class=&#8220;sfumata&#8220;][vc_column][vc_empty_space height=&#8220;50px&#8220;][vc_row_inner el_class=&#8220;wrap&#8220;][vc_column_inner width=&#8220;1\/2&#8243;][vc_column_text]<em>F\u00fcr 2 \/ 5 Personen<\/em><br \/>\nBesonders reizend: Wohnzimmer mit Doppelbettcouch und voll ausgestattete Kochecke, Schlafzimmer mit Einzelbetten oder Doppelbett, Bad mit Badewanne. Einige Wohnungen verf\u00fcgen \u00fcber ein weiteres Einzelzimmer.[\/vc_column_text][vc_single_image image=&#8220;2055&#8243; img_size=&#8220;full&#8220; alignment=&#8220;center&#8220; css=&#8220;.vc_custom_1463153642890{margin-top: 15px !important;margin-right: 15px !important;margin-bottom: 15px !important;margin-left: 15px !important;}&#8220;][vc_empty_space height=&#8220;15px&#8220;][vc_btn title=&#8220;Jetzt buchen!&#8220; style=&#8220;classic&#8220; color=&#8220;primary&#8220; size=&#8220;lg&#8220; align=&#8220;left&#8220; css_animation=&#8220;appear&#8220; link=&#8220;url:https%3A%2F%2Fbook.cortegrimani.com%2Faccommodation%2Flist%3FchannelId%3D67d6757d-d2f4-432c-ae53-8e668f128fcc%26culture%3Dde||&#8220; el_class=&#8220;bottone&#8220;][vc_btn title=&#8220;Jetzt buchen!&#8220; style=&#8220;classic&#8220; color=&#8220;primary&#8220; size=&#8220;lg&#8220; align=&#8220;center&#8220; css_animation=&#8220;appear&#8220; link=&#8220;url:https%3A%2F%2Fbook.cortegrimani.com%2Faccommodation%2Flist%3FchannelId%3D67d6757d-d2f4-432c-ae53-8e668f128fcc%26culture%3Dde||&#8220; el_class=&#8220;bottone-mobile&#8220;][\/vc_column_inner][vc_column_inner width=&#8220;1\/2&#8243;][vc_media_grid element_width=&#8220;6&#8243; item=&#8220;mediaGrid_FadeInWithIcon&#8220; grid_id=&#8220;vc_gid:1487764696785-d1b376a4-8f4e-0&#8243; include=&#8220;2008,2009,2010,2007&#8243;][\/vc_column_inner][\/vc_row_inner][vc_empty_space height=&#8220;50px&#8220;][\/vc_column][\/vc_row]\n<\/div>","protected":false},"excerpt":{"rendered":"<p>[vc_row full_height=&#8220;yes&#8220; columns_placement=&#8220;top&#8220; content_placement=&#8220;top&#8220; parallax=&#8220;content-moving&#8220; bg_type=&#8220;image&#8220; parallax_style=&#8220;vcpb-default&#8220; bg_image_new=&#8220;id^1994|url^https:\/\/www.cortegrimani.com\/wp-content\/uploads\/2015\/07\/bkg-appartamenti.jpg|caption^null|alt^null|title^bkg-appartamenti|description^null&#8220; bg_image_repeat=&#8220;no-repeat&#8220; bg_img_attach=&#8220;fixed&#8220; parallax_content=&#8220;parallax_content_value&#8220;][vc_column][vc_column_text] Unsere Wohnungen [\/vc_column_text][\/vc_column][\/vc_row][vc_row el_class=&#8220;wrap contenuto&#8220;][vc_column][vc_empty_space height=&#8220;50px&#8220;][vc_row_inner el_class=&#8220;wrap&#8220;][vc_column_inner width=&#8220;1\/2&#8243;][vc_column_text el_class=&#8220;wrap&#8220;] Wohnungen Die 15 eleganten Wohnungen des Residence sind ideal f\u00fcr eine Kurzmiete und f\u00fcr die Wahl eines Aparthotels in Venedig und stehen in den Versionen Classic und Superior zur Verf\u00fcgung. Sie entsprechen s\u00e4mtlichen Anforderungen von [&hellip;]<\/p>\n","protected":false},"author":36,"featured_media":0,"parent":0,"menu_order":0,"comment_status":"open","ping_status":"open","template":"","meta":{"_genesis_hide_title":false,"_genesis_hide_breadcrumbs":false,"_genesis_hide_singular_image":false,"_genesis_hide_footer_widgets":false,"_genesis_custom_body_class":"interna payoff-interno camere","_genesis_custom_post_class":"","_genesis_layout":"","footnotes":""},"class_list":{"0":"post-2416","1":"page","2":"type-page","3":"status-publish","5":"entry"},"yoast_head":"<!-- This site is optimized with the Yoast SEO plugin v25.7 - https:\/\/yoast.com\/wordpress\/plugins\/seo\/ -->\n<title>Wohnungen - Residence Corte Grimani<\/title>\n<meta name=\"description\" content=\"Wohnungen, Residence Corte Grimani:\" \/>\n<meta name=\"robots\" content=\"index, follow, max-snippet:-1, max-image-preview:large, max-video-preview:-1\" \/>\n<link rel=\"canonical\" href=\"https:\/\/www.cortegrimani.com\/de\/wohnungen\/\" \/>\n<meta property=\"og:locale\" content=\"de_DE\" \/>\n<meta property=\"og:type\" content=\"article\" \/>\n<meta property=\"og:title\" content=\"Wohnungen - Residence Corte Grimani\" \/>\n<meta property=\"og:description\" content=\"Wohnungen, Residence Corte Grimani:\" \/>\n<meta property=\"og:url\" content=\"https:\/\/www.cortegrimani.com\/de\/wohnungen\/\" \/>\n<meta property=\"og:site_name\" content=\"Residence Corte Grimani\" \/>\n<meta property=\"article:modified_time\" content=\"2017-02-22T12:00:45+00:00\" \/>\n<meta name=\"twitter:label1\" content=\"Gesch\u00e4tzte Lesezeit\" \/>\n\t<meta name=\"twitter:data1\" content=\"6\u00a0Minuten\" \/>\n<script type=\"application\/ld+json\" class=\"yoast-schema-graph\">{\"@context\":\"https:\/\/schema.org\",\"@graph\":[{\"@type\":\"WebPage\",\"@id\":\"https:\/\/www.cortegrimani.com\/de\/wohnungen\/\",\"url\":\"https:\/\/www.cortegrimani.com\/de\/wohnungen\/\",\"name\":\"Wohnungen - Residence Corte Grimani\",\"isPartOf\":{\"@id\":\"https:\/\/www.cortegrimani.com\/de\/#website\"},\"datePublished\":\"2015-07-23T08:15:20+00:00\",\"dateModified\":\"2017-02-22T12:00:45+00:00\",\"description\":\"Wohnungen, Residence Corte Grimani:\",\"breadcrumb\":{\"@id\":\"https:\/\/www.cortegrimani.com\/de\/wohnungen\/#breadcrumb\"},\"inLanguage\":\"de\",\"potentialAction\":[{\"@type\":\"ReadAction\",\"target\":[\"https:\/\/www.cortegrimani.com\/de\/wohnungen\/\"]}]},{\"@type\":\"BreadcrumbList\",\"@id\":\"https:\/\/www.cortegrimani.com\/de\/wohnungen\/#breadcrumb\",\"itemListElement\":[{\"@type\":\"ListItem\",\"position\":1,\"name\":\"Home\",\"item\":\"https:\/\/www.cortegrimani.com\/de\/\"},{\"@type\":\"ListItem\",\"position\":2,\"name\":\"Wohnungen\"}]},{\"@type\":\"WebSite\",\"@id\":\"https:\/\/www.cortegrimani.com\/de\/#website\",\"url\":\"https:\/\/www.cortegrimani.com\/de\/\",\"name\":\"Residence Corte Grimani\",\"description\":\"\",\"potentialAction\":[{\"@type\":\"SearchAction\",\"target\":{\"@type\":\"EntryPoint\",\"urlTemplate\":\"https:\/\/www.cortegrimani.com\/de\/?s={search_term_string}\"},\"query-input\":{\"@type\":\"PropertyValueSpecification\",\"valueRequired\":true,\"valueName\":\"search_term_string\"}}],\"inLanguage\":\"de\"}]}<\/script>\n<!-- \/ Yoast SEO plugin. -->","yoast_head_json":{"title":"Wohnungen - Residence Corte Grimani","description":"Wohnungen, Residence Corte Grimani:","robots":{"index":"index","follow":"follow","max-snippet":"max-snippet:-1","max-image-preview":"max-image-preview:large","max-video-preview":"max-video-preview:-1"},"canonical":"https:\/\/www.cortegrimani.com\/de\/wohnungen\/","og_locale":"de_DE","og_type":"article","og_title":"Wohnungen - Residence Corte Grimani","og_description":"Wohnungen, Residence Corte Grimani:","og_url":"https:\/\/www.cortegrimani.com\/de\/wohnungen\/","og_site_name":"Residence Corte Grimani","article_modified_time":"2017-02-22T12:00:45+00:00","twitter_misc":{"Gesch\u00e4tzte Lesezeit":"6\u00a0Minuten"},"schema":{"@context":"https:\/\/schema.org","@graph":[{"@type":"WebPage","@id":"https:\/\/www.cortegrimani.com\/de\/wohnungen\/","url":"https:\/\/www.cortegrimani.com\/de\/wohnungen\/","name":"Wohnungen - Residence Corte Grimani","isPartOf":{"@id":"https:\/\/www.cortegrimani.com\/de\/#website"},"datePublished":"2015-07-23T08:15:20+00:00","dateModified":"2017-02-22T12:00:45+00:00","description":"Wohnungen, Residence Corte Grimani:","breadcrumb":{"@id":"https:\/\/www.cortegrimani.com\/de\/wohnungen\/#breadcrumb"},"inLanguage":"de","potentialAction":[{"@type":"ReadAction","target":["https:\/\/www.cortegrimani.com\/de\/wohnungen\/"]}]},{"@type":"BreadcrumbList","@id":"https:\/\/www.cortegrimani.com\/de\/wohnungen\/#breadcrumb","itemListElement":[{"@type":"ListItem","position":1,"name":"Home","item":"https:\/\/www.cortegrimani.com\/de\/"},{"@type":"ListItem","position":2,"name":"Wohnungen"}]},{"@type":"WebSite","@id":"https:\/\/www.cortegrimani.com\/de\/#website","url":"https:\/\/www.cortegrimani.com\/de\/","name":"Residence Corte Grimani","description":"","potentialAction":[{"@type":"SearchAction","target":{"@type":"EntryPoint","urlTemplate":"https:\/\/www.cortegrimani.com\/de\/?s={search_term_string}"},"query-input":{"@type":"PropertyValueSpecification","valueRequired":true,"valueName":"search_term_string"}}],"inLanguage":"de"}]}},"publishpress_future_action":{"enabled":false,"date":"2026-04-10 22:09:38","action":"change-status","newStatus":"draft","terms":[],"taxonomy":"translation_priority","extraData":[]},"publishpress_future_workflow_manual_trigger":{"enabledWorkflows":[]},"_links":{"self":[{"href":"https:\/\/www.cortegrimani.com\/de\/wp-json\/wp\/v2\/pages\/2416","targetHints":{"allow":["GET"]}}],"collection":[{"href":"https:\/\/www.cortegrimani.com\/de\/wp-json\/wp\/v2\/pages"}],"about":[{"href":"https:\/\/www.cortegrimani.com\/de\/wp-json\/wp\/v2\/types\/page"}],"author":[{"embeddable":true,"href":"https:\/\/www.cortegrimani.com\/de\/wp-json\/wp\/v2\/users\/36"}],"replies":[{"embeddable":true,"href":"https:\/\/www.cortegrimani.com\/de\/wp-json\/wp\/v2\/comments?post=2416"}],"version-history":[{"count":3,"href":"https:\/\/www.cortegrimani.com\/de\/wp-json\/wp\/v2\/pages\/2416\/revisions"}],"predecessor-version":[{"id":2928,"href":"https:\/\/www.cortegrimani.com\/de\/wp-json\/wp\/v2\/pages\/2416\/revisions\/2928"}],"wp:attachment":[{"href":"https:\/\/www.cortegrimani.com\/de\/wp-json\/wp\/v2\/media?parent=2416"}],"curies":[{"name":"wp","href":"https:\/\/api.w.org\/{rel}","templated":true}]}}