{"id":2395,"date":"2015-07-23T08:08:21","date_gmt":"2015-07-23T08:08:21","guid":{"rendered":"https:\/\/www.cortegrimani.com\/de\/come-raggiungerci\/"},"modified":"2020-07-01T10:40:39","modified_gmt":"2020-07-01T10:40:39","slug":"wie-sie-uns-erreichen","status":"publish","type":"page","link":"https:\/\/www.cortegrimani.com\/de\/wie-sie-uns-erreichen\/","title":{"rendered":"Wie Sie uns erreichen"},"content":{"rendered":"<div class=\"wpb-content-wrapper\">[vc_row][vc_column][vc_column_text]\n<h3>Wie Sie uns erreichen<\/h3>\n<p><strong>Residence Corte Grimani<\/strong><br \/>\nCorte Grimani, S.Marco 4402<br \/>\n30124 Venedig, Italien<br \/>\nTel. 0039.335.6956153<\/p>\n<p><iframe loading=\"lazy\" src=\"https:\/\/www.cortegrimani.com\/wp-content\/themes\/cromo\/mappa-2.htm\" width=\"100%\" height=\"550px\" frameborder=\"0\"><\/iframe>0039.335.6956153<\/p>\n<h3>Mit dem Auto<\/h3>\n<p>Gleich hinter den Mautstellen der <b>Autobahnen<\/b> <b>A4 <\/b>und<b> A27<\/b> fahren Sie in Richtung Venedig. Das Auto parken Sie dann obligatorisch an einem der <b>Parkpl\u00e4tze<\/b> am Piazzale Roma oder an der Isola del Tronchetto (am Ende der Br\u00fccke Ponte della Libert\u00e0, rechts) oder bereits in Mestre.<\/p>\n<p><strong>Residence Grimani<\/strong>: am Piazzale Roma oder am Tronchetto nehmen Sie das Dampfboot 2 in Richtung Rialto und gehen in Rialto an Land. Sie k\u00f6nnen aber auch mit einem Taxiboot direkt vor dem Hotel vorfahren.<\/p>\n<p><strong>Ca\u2019 Nal Wohnungen<\/strong>:\u00a0<a href=\"http:\/\/www.canalapartments.it\/de\/contatti.html\" target=\"_blank\" rel=\"noopener noreferrer\">Klicken Sie hier<\/a>.<\/p>\n<p><strong>Ca\u2019 Navagero Wohnungen<\/strong>:\u00a0<a href=\"http:\/\/www.canavageroapartments.com\/de\/contatti.html\" target=\"_blank\" rel=\"noopener noreferrer\">Klicken Sie hier<\/a>.<\/p>\n<h3>Mit dem Zug<\/h3>\n<p><strong>Residence Grimani<\/strong>: an den Fondamenta vor dem Bahnhofsgeb\u00e4ude Santa Lucia nehmen Sie das Dampfboot 1 oder 2(Via Canal Grande) und gehen an der Anlegestelle Rialto (nach etwa 15 Minuten) an Land. Sie k\u00f6nnen aber auch mit einem Taxiboot direkt vor dem Hotel vorfahren.<\/p>\n<p><strong>Ca\u2019 Nal Wohnungen<\/strong>:\u00a0<a href=\"http:\/\/www.canalapartments.it\/de\/contatti.html\" target=\"_blank\" rel=\"noopener noreferrer\">Klicken Sie hier<\/a>.<\/p>\n<p><strong>Ca\u2019 Navagero Wohnungen<\/strong>:\u00a0<a href=\"http:\/\/www.canavageroapartments.com\/de\/contatti.html\" target=\"_blank\" rel=\"noopener noreferrer\">Klicken Sie hier<\/a>.<\/p>\n<h3>Vom Flughafen<\/h3>\n<h6><strong>Vom Flughafen Venedigs<\/strong><\/h6>\n<p><strong>Residence Grimani<\/strong>: das Schnellboot der Linie Alilaguna Arancio nehmen, bei Rialto aussteigen und den im nachfolgenden Abschnitt genannten Angaben folgen oder die Linie Alilaguna Blu bis zur Haltestelle San Marco nehmen. Von hier begeben Sie sich in die Calle Vallaresso, biegen an deren Ende erst links, dann rechts ab zur Frezzeria und von dort gehen Sie geradeaus weiter, bis Sie dann erneut rechts in die Calle Tron einbiegen. An deren Ende geht es erneut nach links in die Fondamenta Orseolo, dann weiter geradeaus, schlie\u00dflich \u00fcber die Br\u00fccke Ponte Goldoni und dann erneut links. Schon sind Sie angekommen.<br \/>\nOder Sie nehmen den Shuttleservice in Richtung Venedig \u2013 Piazzale Roma. Von hier nehmen Sie das Dampfboot 1 oder 2 (Via Canal Grande) und gehen an der Anlegestelle Rialto (nach etwa 15 Minuten)an Land.<br \/>\nSie k\u00f6nnen aber auch mit einem Taxiboot direkt vor dem Hotel vorfahren (das dauert etwa 30 Minuten).<\/p>\n<p><strong>Ca\u2019 Nal Wohnungen<\/strong>:\u00a0<a href=\"http:\/\/www.canalapartments.it\/de\/contatti.html\" target=\"_blank\" rel=\"noopener noreferrer\">Klicken Sie hier<\/a>.<\/p>\n<p><strong>Ca\u2019 Navagero Wohnungen<\/strong>:\u00a0<a href=\"http:\/\/www.canavageroapartments.com\/de\/contatti.html\" target=\"_blank\" rel=\"noopener noreferrer\">Klicken Sie hier<\/a>.<\/p>\n<h6><strong>Am Flughafen von Treviso<\/strong><\/h6>\n<p><strong>Residence Grimani<\/strong>: nehmen Sie den Shuttleservice in Richtung Venedig &#8211; Piazzale Roma und von dort das Dampfboot 1 oder 2 (Via Canal Grande), um dann an der Anlegestelle Rialto (nach etwa 15 Minuten) an Land zu gehen.<\/p>\n<p><strong>Ca\u2019 Nal Wohnungen<\/strong>:\u00a0<a href=\"http:\/\/www.canalapartments.it\/de\/contatti.html\" target=\"_blank\" rel=\"noopener noreferrer\">Klicken Sie hier<\/a>.<\/p>\n<p><strong>Ca\u2019 Navagero Wohnungen<\/strong>:\u00a0<a href=\"http:\/\/www.canavageroapartments.com\/de\/contatti.html\" target=\"_blank\" rel=\"noopener noreferrer\">Klicken Sie hier<\/a>.<\/p>\n<h3>Von der Anlegestelle Rialto bis zum Residence<\/h3>\n<p><b>Dampfboot n. 1 und Alilaguna Arancio<\/b> | Begeben Sie sich gleich in die vor Ihnen liegende Calle Bembo. An deren Ende angelangt biegen Sie rechts in die Calle del Teatro ein, dann gleich links, bis Sie den Platz Campo San Luca erreichen. Von hier begeben Sie sich in die vor Ihnen liegende Calle Goldoni. Sie gehen weiter bis zur Br\u00fccke Ponte Goldoni. An der Br\u00fccke angelangt, befindet sich zu Ihrer Rechten eine Bank, Sie steigen die vier Stufen empor, biegen dann rechts ab und begeben sich auf den Laufsteg aus Marmor \u00fcber dem Wasser, der Sie direkt zum Residence bringt.<\/p>\n<p><b>Dampfboot n. 2<\/b> | Biegen Sie nun rechts ab, dem Canal Grande entlang. Dann gehen Sie die Riva del Ferro entlang und unter dem Laubengang des Palasts am Canal Grande hindurch. Nun gehen Sie \u00fcber die Br\u00fccke und begeben sich links in die Calle Bembo, an deren Ende angelangt biegen Sie rechts in die Calle del Teatro ein und dann wieder links, bis Sie den Platz Campo San Luca erreichen. Von hier begeben Sie sich in die vor Ihnen liegende Calle Goldoni. Sie gehen weiter bis zur Br\u00fccke Ponte Goldoni. An der Br\u00fccke angelangt, befindet sich zu Ihrer Rechten eine Bank, Sie steigen die vier Stufen empor, biegen dann rechts ab und begeben sich auf den Laufsteg aus Marmor \u00fcber dem Wasser, der Sie direkt zum Residence bringt.[\/vc_column_text][\/vc_column][\/vc_row][vc_row][vc_column][vc_raw_js]JTNDcCUyMGNsYXNzJTNEJTIyc3RhbXBhJTIyJTNFJTNDYSUyMGhyZWYlM0QlMjIlMjMlMjIlMjBvbmNsaWNrJTNEJTIyc2VsZi5wcmludCUyOCUyOSUzQnJldHVybiUyMGZhbHNlJTNCJTIyJTNFRHJ1Y2tlbiUzQyUyRmElM0UlM0MlMkZwJTNF[\/vc_raw_js][\/vc_column][\/vc_row]\n<\/p><\/div>","protected":false},"excerpt":{"rendered":"<p>[vc_row][vc_column][vc_column_text] Wie Sie uns erreichen Residence Corte Grimani Corte Grimani, S.Marco 4402 30124 Venedig, Italien Tel. 0039.335.6956153 0039.335.6956153 Mit dem Auto Gleich hinter den Mautstellen der Autobahnen A4 und A27 fahren Sie in Richtung Venedig. Das Auto parken Sie dann obligatorisch an einem der Parkpl\u00e4tze am Piazzale Roma oder an der Isola del Tronchetto (am [&hellip;]<\/p>\n","protected":false},"author":36,"featured_media":0,"parent":0,"menu_order":0,"comment_status":"open","ping_status":"open","template":"page_landing.php","meta":{"_genesis_hide_title":false,"_genesis_hide_breadcrumbs":false,"_genesis_hide_singular_image":false,"_genesis_hide_footer_widgets":false,"_genesis_custom_body_class":"comeraggiungerci","_genesis_custom_post_class":"","_genesis_layout":"","footnotes":""},"class_list":{"0":"post-2395","1":"page","2":"type-page","3":"status-publish","5":"entry"},"yoast_head":"<!-- This site is optimized with the Yoast SEO plugin v25.7 - https:\/\/yoast.com\/wordpress\/plugins\/seo\/ -->\n<title>Wie Sie uns erreichen - Residence Corte Grimani<\/title>\n<meta name=\"description\" content=\"Wie Sie uns erreichen, Residence Corte Grimani:\" \/>\n<meta name=\"robots\" content=\"index, follow, max-snippet:-1, max-image-preview:large, max-video-preview:-1\" \/>\n<link rel=\"canonical\" href=\"https:\/\/www.cortegrimani.com\/de\/wie-sie-uns-erreichen\/\" \/>\n<meta property=\"og:locale\" content=\"de_DE\" \/>\n<meta property=\"og:type\" content=\"article\" \/>\n<meta property=\"og:title\" content=\"Wie Sie uns erreichen - Residence Corte Grimani\" \/>\n<meta property=\"og:description\" content=\"Wie Sie uns erreichen, Residence Corte Grimani:\" \/>\n<meta property=\"og:url\" content=\"https:\/\/www.cortegrimani.com\/de\/wie-sie-uns-erreichen\/\" \/>\n<meta property=\"og:site_name\" content=\"Residence Corte Grimani\" \/>\n<meta property=\"article:modified_time\" content=\"2020-07-01T10:40:39+00:00\" \/>\n<meta name=\"twitter:label1\" content=\"Gesch\u00e4tzte Lesezeit\" \/>\n\t<meta name=\"twitter:data1\" content=\"3\u00a0Minuten\" \/>\n<script type=\"application\/ld+json\" class=\"yoast-schema-graph\">{\"@context\":\"https:\/\/schema.org\",\"@graph\":[{\"@type\":\"WebPage\",\"@id\":\"https:\/\/www.cortegrimani.com\/de\/wie-sie-uns-erreichen\/\",\"url\":\"https:\/\/www.cortegrimani.com\/de\/wie-sie-uns-erreichen\/\",\"name\":\"Wie Sie uns erreichen - Residence Corte Grimani\",\"isPartOf\":{\"@id\":\"https:\/\/www.cortegrimani.com\/de\/#website\"},\"datePublished\":\"2015-07-23T08:08:21+00:00\",\"dateModified\":\"2020-07-01T10:40:39+00:00\",\"description\":\"Wie Sie uns erreichen, Residence Corte Grimani:\",\"breadcrumb\":{\"@id\":\"https:\/\/www.cortegrimani.com\/de\/wie-sie-uns-erreichen\/#breadcrumb\"},\"inLanguage\":\"de\",\"potentialAction\":[{\"@type\":\"ReadAction\",\"target\":[\"https:\/\/www.cortegrimani.com\/de\/wie-sie-uns-erreichen\/\"]}]},{\"@type\":\"BreadcrumbList\",\"@id\":\"https:\/\/www.cortegrimani.com\/de\/wie-sie-uns-erreichen\/#breadcrumb\",\"itemListElement\":[{\"@type\":\"ListItem\",\"position\":1,\"name\":\"Home\",\"item\":\"https:\/\/www.cortegrimani.com\/de\/\"},{\"@type\":\"ListItem\",\"position\":2,\"name\":\"Wie Sie uns erreichen\"}]},{\"@type\":\"WebSite\",\"@id\":\"https:\/\/www.cortegrimani.com\/de\/#website\",\"url\":\"https:\/\/www.cortegrimani.com\/de\/\",\"name\":\"Residence Corte Grimani\",\"description\":\"\",\"potentialAction\":[{\"@type\":\"SearchAction\",\"target\":{\"@type\":\"EntryPoint\",\"urlTemplate\":\"https:\/\/www.cortegrimani.com\/de\/?s={search_term_string}\"},\"query-input\":{\"@type\":\"PropertyValueSpecification\",\"valueRequired\":true,\"valueName\":\"search_term_string\"}}],\"inLanguage\":\"de\"}]}<\/script>\n<!-- \/ Yoast SEO plugin. -->","yoast_head_json":{"title":"Wie Sie uns erreichen - Residence Corte Grimani","description":"Wie Sie uns erreichen, Residence Corte Grimani:","robots":{"index":"index","follow":"follow","max-snippet":"max-snippet:-1","max-image-preview":"max-image-preview:large","max-video-preview":"max-video-preview:-1"},"canonical":"https:\/\/www.cortegrimani.com\/de\/wie-sie-uns-erreichen\/","og_locale":"de_DE","og_type":"article","og_title":"Wie Sie uns erreichen - Residence Corte Grimani","og_description":"Wie Sie uns erreichen, Residence Corte Grimani:","og_url":"https:\/\/www.cortegrimani.com\/de\/wie-sie-uns-erreichen\/","og_site_name":"Residence Corte Grimani","article_modified_time":"2020-07-01T10:40:39+00:00","twitter_misc":{"Gesch\u00e4tzte Lesezeit":"3\u00a0Minuten"},"schema":{"@context":"https:\/\/schema.org","@graph":[{"@type":"WebPage","@id":"https:\/\/www.cortegrimani.com\/de\/wie-sie-uns-erreichen\/","url":"https:\/\/www.cortegrimani.com\/de\/wie-sie-uns-erreichen\/","name":"Wie Sie uns erreichen - Residence Corte Grimani","isPartOf":{"@id":"https:\/\/www.cortegrimani.com\/de\/#website"},"datePublished":"2015-07-23T08:08:21+00:00","dateModified":"2020-07-01T10:40:39+00:00","description":"Wie Sie uns erreichen, Residence Corte Grimani:","breadcrumb":{"@id":"https:\/\/www.cortegrimani.com\/de\/wie-sie-uns-erreichen\/#breadcrumb"},"inLanguage":"de","potentialAction":[{"@type":"ReadAction","target":["https:\/\/www.cortegrimani.com\/de\/wie-sie-uns-erreichen\/"]}]},{"@type":"BreadcrumbList","@id":"https:\/\/www.cortegrimani.com\/de\/wie-sie-uns-erreichen\/#breadcrumb","itemListElement":[{"@type":"ListItem","position":1,"name":"Home","item":"https:\/\/www.cortegrimani.com\/de\/"},{"@type":"ListItem","position":2,"name":"Wie Sie uns erreichen"}]},{"@type":"WebSite","@id":"https:\/\/www.cortegrimani.com\/de\/#website","url":"https:\/\/www.cortegrimani.com\/de\/","name":"Residence Corte Grimani","description":"","potentialAction":[{"@type":"SearchAction","target":{"@type":"EntryPoint","urlTemplate":"https:\/\/www.cortegrimani.com\/de\/?s={search_term_string}"},"query-input":{"@type":"PropertyValueSpecification","valueRequired":true,"valueName":"search_term_string"}}],"inLanguage":"de"}]}},"publishpress_future_action":{"enabled":false,"date":"2026-05-05 11:06:58","action":"change-status","newStatus":"draft","terms":[],"taxonomy":"translation_priority","extraData":[]},"publishpress_future_workflow_manual_trigger":{"enabledWorkflows":[]},"_links":{"self":[{"href":"https:\/\/www.cortegrimani.com\/de\/wp-json\/wp\/v2\/pages\/2395","targetHints":{"allow":["GET"]}}],"collection":[{"href":"https:\/\/www.cortegrimani.com\/de\/wp-json\/wp\/v2\/pages"}],"about":[{"href":"https:\/\/www.cortegrimani.com\/de\/wp-json\/wp\/v2\/types\/page"}],"author":[{"embeddable":true,"href":"https:\/\/www.cortegrimani.com\/de\/wp-json\/wp\/v2\/users\/36"}],"replies":[{"embeddable":true,"href":"https:\/\/www.cortegrimani.com\/de\/wp-json\/wp\/v2\/comments?post=2395"}],"version-history":[{"count":7,"href":"https:\/\/www.cortegrimani.com\/de\/wp-json\/wp\/v2\/pages\/2395\/revisions"}],"predecessor-version":[{"id":3277,"href":"https:\/\/www.cortegrimani.com\/de\/wp-json\/wp\/v2\/pages\/2395\/revisions\/3277"}],"wp:attachment":[{"href":"https:\/\/www.cortegrimani.com\/de\/wp-json\/wp\/v2\/media?parent=2395"}],"curies":[{"name":"wp","href":"https:\/\/api.w.org\/{rel}","templated":true}]}}