{"id":2371,"date":"2015-07-23T08:07:57","date_gmt":"2015-07-23T08:07:57","guid":{"rendered":"https:\/\/www.cortegrimani.com\/de\/posizione\/"},"modified":"2020-07-06T08:25:15","modified_gmt":"2020-07-06T08:25:15","slug":"lage","status":"publish","type":"page","link":"https:\/\/www.cortegrimani.com\/de\/lage\/","title":{"rendered":"Lage"},"content":{"rendered":"<div class=\"wpb-content-wrapper\">[vc_row full_height=&#8220;yes&#8220; parallax=&#8220;content-moving&#8220; bg_type=&#8220;image&#8220; parallax_style=&#8220;vcpb-default&#8220; bg_image_new=&#8220;id^2062|url^https:\/\/www.cortegrimani.com\/wp-content\/uploads\/2015\/07\/dettaglio_basilica.jpg|caption^null|alt^null|title^dettaglio_basilica|description^null&#8220; bg_image_repeat=&#8220;no-repeat&#8220; bg_img_attach=&#8220;fixed&#8220; parallax_content=&#8220;parallax_content_value&#8220;][vc_column][vc_column_text]\n<div class=\"payoff\">\n<h1>Charmanten Wohnungen zwischen San Marco und Rialto<\/h1>\n<\/div>\n[\/vc_column_text][\/vc_column][\/vc_row][vc_row el_class=&#8220;sfumata&#8220;][vc_column][vc_row_inner el_class=&#8220;wrap&#8220;][vc_column_inner][vc_empty_space height=&#8220;50px&#8220;][vc_column_text]\n<h2 style=\"text-align: center;\">Lage<\/h2>\n<p style=\"text-align: left;\">Die Residence Corte Grimani bietet Ihnen moderne Ferienwohnungen in Venedig, von denen sich 15 im Apartmenthotel zwischen Markusplatz, <span lang=\"de\">weitere 5 in einem Geb\u00e4ude in der Kurzwarenhandlung hinter dem Markusplatz und 3 in einem historischen Geb\u00e4ude an der Riva degli Schiavoni unweit der Biennale<\/span><\/p>\n<p><img decoding=\"async\" src=\"https:\/\/www.cortegrimani.com\/wp-content\/uploads\/2013\/09\/fregio-bianco.png\" \/><\/p>\n<h3 style=\"text-align: center;\">Wohnungen Ca&#8216; Nal und Ca&#8216; Navagero<\/h3>\n<p class=\"testo_bianco_loc\">Die Wohnungen <strong>Ca&#8216; Nal<\/strong> befinden sich in einem Geb\u00e4ude im pulsierenden Herzen von <strong>Venedig<\/strong>, in den <strong>Marzarie<\/strong>, die sich auf halbem Weg zwischen <strong>Rialto<\/strong> und <strong>San Marco<\/strong> an der historischen <strong>Br\u00fccke Ponte dei Bareteri<\/strong> erstrecken, w\u00e4hrend sich das <strong>Ca&#8216; Navagero<\/strong> zwischen dem <strong>Markusplatz<\/strong> und den <strong>Biennale G\u00e4rten<\/strong> zur <strong>Riva degli Schiavoni<\/strong> hin \u00f6ffnet.<\/p>\n<h3 style=\"text-align: center;\">Wohnungen Residence Grimani<\/h3>\n<p class=\"testo_bianco_loc\">Das Residence Corte Grimani verf\u00fcgt \u00fcber eine besonders <b>vortreffliche Lage<\/b>: es befindet sich in einem alten Geb\u00e4ude mit einem ruhigen Innenhof, fernab vom hektischen Touristenrummel und dennoch mitten im Stadtzentrum und nur knappe <b>2 Minuten<\/b> zu Fu\u00df vom <b>Markusplatz<\/b> und von der <b>Rialto-Br\u00fccke<\/b> entfernt, an denen die wichtigsten, vom Piazzale Roma, dem Autoterminal und vom Bahnhof kommenden Dampfboote anlegen. Ein besonderes Privileg ist au\u00dferdem der <b>Wassereingang<\/b> \u00fcber den Kanal, der es erm\u00f6glicht, mit einem Wassertaxi direkt vor dem Residence anzulegen.<\/p>\n<p><iframe loading=\"lazy\" class=\"googlemap\" src=\"https:\/\/www.cortegrimani.com\/wp-content\/themes\/cromo\/mappa-2.htm\" width=\"100%\" height=\"550px\" frameborder=\"0\"><\/iframe><\/p>\n<a href=\"https:\/\/www.cortegrimani.com\/de\/wie-sie-uns-erreichen\/\" class=\"popup\" data-width=\"750\" data-height=\"600\" data-scrollbars=\"1\" alt=\"popup\">\n<p class=\"nascondimobile\">Drucken Sie die Karte mit der Wegbeschreibung zu erreichen uns<\/p>\n<\/a>\n<p class=\"testo_bianco_loc\">Am malerischen Stazio delle Gondole (Gondelhafen) am <b>Bacino Orseolo<\/b> vorbei, erreicht man nach wenigen Schritten zu Fu\u00df den Markusplatz mit den wichtigsten Sehensw\u00fcrdigkeiten und Museen Venedigs: <b>die Basilika von San Marco<\/b>, <b>den Dogenpalast<\/b>, <b>die Prokuratien<\/b> mit dem <b>Museum Correr<\/b> sowie die Biblioteca Marciana. Ebenso schnell erreicht man die Rialto-Br\u00fccke mit den charakteristischen L\u00e4den und dem malerischen Obst- und Gem\u00fcsemarkt zu F\u00fc\u00dfen der Br\u00fccke.<\/p>\n<p class=\"testo_bianco_loc\">Das <b>Opernhaus La Fenice<\/b>, in welchem sich die wichtige Opernsaison sowie die Veranstaltungen des Festivals der Musikbiennale abspielen, ist ebenfalls nur knappe 5 Minuten vom Residence entfernt.<\/p>\n<p class=\"testo_bianco_loc\">F\u00fcr einen Besuch der <b>Kunstbiennale<\/b> und der Architekturbiennale begibt man sich auf einem drei\u00dfig Minuten dauernden, idyllischen Spaziergang zu den Giardini, dem historischen Sitz der Ausstellungen. F\u00fcr Liebhaber der zeitgen\u00f6ssischen Kunst ist die Galerie f\u00fcr moderne Kunst <b>Ca\u2019 Pesaro<\/b>, die man von Rialto aus nach zwei Anlegestellen erreicht, ein absolutes Muss. Hier werden Meisterwerke von Klimt, Chagall, Kandinsky, Klee und Matisse verwahrt.<\/p>\n<p class=\"testo_bianco_loc\">Wer die venezianische Malerei zwischen dem 14.und 18. Jahrhundert bevorzugt, der darf einen Besuch in den eine Viertelstunde vom Residence entfernten <b>Gallerie dell&#8217;Accademia<\/b> mit den Meisterst\u00fccken von Carpaccio, Bellini, Giorgione oder <b>Tizian<\/b>, Veronese und Tintoretto absolut nicht vers\u00e4umen.<\/p>\n<p class=\"testo_bianco_loc\">Zu besonders raffiniertem <b>Shopping<\/b> laden hingegen die Boutiquen der Glasbl\u00e4serei, der Goldschmiede und der Spitzenherstellung am Markusplatz und die der Modebekleidung und der Accessoires der internationalen Modesch\u00f6pfer an der Via XXII Marzo und den Mercerie ein, die ebenfalls in unmittelbarer N\u00e4he des Residence liegen.<\/p>\n[\/vc_column_text][vc_empty_space height=&#8220;50px&#8220;][vc_media_grid element_width=&#8220;3&#8243; item=&#8220;mediaGrid_FadeInWithIcon&#8220; grid_id=&#8220;vc_gid:1594023757323-47cf6e35-2cba-10&#8243; include=&#8220;2150,2149,2148,2151&#8243; css=&#8220;.vc_custom_1523894436310{margin-top: 10px !important;}&#8220;][vc_empty_space height=&#8220;50px&#8220;][\/vc_column_inner][\/vc_row_inner][\/vc_column][\/vc_row][vc_row full_height=&#8220;yes&#8220; columns_placement=&#8220;top&#8220; parallax=&#8220;content-moving&#8220; bg_type=&#8220;image&#8220; parallax_style=&#8220;vcpb-vz-jquery&#8220; bg_image_new=&#8220;id^2061|url^https:\/\/www.cortegrimani.com\/wp-content\/uploads\/2015\/07\/Fotolia_69128043_L.jpg|caption^null|alt^null|title^Fotolia_69128043_L|description^null&#8220; bg_image_repeat=&#8220;no-repeat&#8220; parallax_content=&#8220;parallax_content_value&#8220; el_class=&#8220;servizi&#8220;][vc_column][vc_column_text]\n<h2>Wie Sie uns erreichen<\/h2>\n[\/vc_column_text][\/vc_column][\/vc_row][vc_row el_class=&#8220;wrap&#8220; css=&#8220;.vc_custom_1464276278126{margin-top: 50px !important;margin-bottom: 50px !important;}&#8220;][vc_column width=&#8220;1\/3&#8243;][vc_column_text]\n<h3>Mit dem Auto<\/h3>\n<p>Gleich hinter den Mautstellen der <b>Autobahnen<\/b> <b>A4 <\/b>und<b> A27<\/b> fahren Sie in Richtung Venedig. Das Auto parken Sie dann obligatorisch an einem der <b>Parkpl\u00e4tze<\/b> am Piazzale Roma oder an der Isola del Tronchetto (am Ende der Br\u00fccke Ponte della Libert\u00e0, rechts) oder bereits in Mestre.<\/p>\n<p><strong>Residence Grimani<\/strong>: am Piazzale Roma oder am Tronchetto nehmen Sie das Dampfboot 2 in Richtung Rialto und gehen in Rialto an Land. Sie k\u00f6nnen aber auch mit einem Taxiboot direkt vor dem Hotel vorfahren.<\/p>\n<p><strong>Ca\u2019 Nal Wohnungen<\/strong>:\u00a0<a href=\"http:\/\/www.canalapartments.it\/de\/contatti.html\" target=\"_blank\" rel=\"noopener noreferrer\">Klicken Sie hier<\/a>.<\/p>\n<p><strong>Ca\u2019 Navagero Wohnungen<\/strong>: <a href=\"http:\/\/www.canavageroapartments.com\/de\/contatti.html\" target=\"_blank\" rel=\"noopener noreferrer\">Klicken Sie hier<\/a>.<\/p>\n<h3>Mit dem Zug<\/h3>\n<p><strong>Residence Grimani<\/strong>: an den Fondamenta vor dem Bahnhofsgeb\u00e4ude Santa Lucia nehmen Sie das Dampfboot 1 oder 2(Via Canal Grande) und gehen an der Anlegestelle Rialto (nach etwa 15 Minuten) an Land. Sie k\u00f6nnen aber auch mit einem Taxiboot direkt vor dem Hotel vorfahren.<\/p>\n<p><strong>Ca\u2019 Nal Wohnungen<\/strong>:\u00a0<a href=\"http:\/\/www.canalapartments.it\/de\/contatti.html\" target=\"_blank\" rel=\"noopener noreferrer\">Klicken Sie hier<\/a>.<\/p>\n<p><strong>Ca\u2019 Navagero Wohnungen<\/strong>: <a href=\"http:\/\/www.canavageroapartments.com\/de\/contatti.html\" target=\"_blank\" rel=\"noopener noreferrer\">Klicken Sie hier<\/a>.<\/p>\n[\/vc_column_text][\/vc_column][vc_column width=&#8220;1\/3&#8243;][vc_column_text]\n<h3>Vom Flughafen<\/h3>\n<h6><strong>Vom Flughafen Venedigs<\/strong><\/h6>\n<p><strong>Residence Grimani<\/strong>: das Schnellboot der Linie Alilaguna Arancio nehmen, bei Rialto aussteigen und den im nachfolgenden Abschnitt genannten Angaben folgen oder die Linie Alilaguna Blu bis zur Haltestelle San Marco nehmen. Von hier begeben Sie sich in die Calle Vallaresso, biegen an deren Ende erst links, dann rechts ab zur Frezzeria und von dort gehen Sie geradeaus weiter, bis Sie dann erneut rechts in die Calle Tron einbiegen. An deren Ende geht es erneut nach links in die Fondamenta Orseolo, dann weiter geradeaus, schlie\u00dflich \u00fcber die Br\u00fccke Ponte Goldoni und dann erneut links. Schon sind Sie angekommen.<br \/>\nOder Sie nehmen den Shuttleservice in Richtung Venedig \u2013 Piazzale Roma. Von hier nehmen Sie das Dampfboot 1 oder 2 (Via Canal Grande) und gehen an der Anlegestelle Rialto (nach etwa 15 Minuten)an Land.<br \/>\nSie k\u00f6nnen aber auch mit einem Taxiboot direkt vor dem Hotel vorfahren (das dauert etwa 30 Minuten).<\/p>\n<p><strong>Ca\u2019 Nal Wohnungen<\/strong>:\u00a0<a href=\"http:\/\/www.canalapartments.it\/de\/contatti.html\" target=\"_blank\" rel=\"noopener noreferrer\">Klicken Sie hier<\/a>.<\/p>\n<p><strong>Ca\u2019 Navagero Wohnungen<\/strong>: <a href=\"http:\/\/www.canavageroapartments.com\/de\/contatti.html\" target=\"_blank\" rel=\"noopener noreferrer\">Klicken Sie hier<\/a>.<\/p>\n<h6><strong>Am Flughafen von Treviso<\/strong><\/h6>\n<p><strong>Residence Grimani<\/strong>: nehmen Sie den Shuttleservice in Richtung Venedig &#8211; Piazzale Roma und von dort das Dampfboot 1 oder 2 (Via Canal Grande), um dann an der Anlegestelle Rialto (nach etwa 15 Minuten) an Land zu gehen.<\/p>\n<p><strong>Ca\u2019 Nal Wohnungen<\/strong>:\u00a0<a href=\"http:\/\/www.canalapartments.it\/de\/contatti.html\" target=\"_blank\" rel=\"noopener noreferrer\">Klicken Sie hier<\/a>.<\/p>\n<p><strong>Ca\u2019 Navagero Wohnungen<\/strong>: <a href=\"http:\/\/www.canavageroapartments.com\/de\/contatti.html\" target=\"_blank\" rel=\"noopener noreferrer\">Klicken Sie hier<\/a>.<\/p>\n[\/vc_column_text][\/vc_column][vc_column width=&#8220;1\/3&#8243;][vc_column_text]\n<h3>Von der Anlegestelle Rialto bis zum Residence<\/h3>\n<p><b>Dampfboot n. 1 und Alilaguna Arancio<\/b>\u00a0| Begeben Sie sich gleich in die vor Ihnen liegende Calle Bembo. An deren Ende angelangt biegen Sie rechts in die Calle del Teatro ein, dann gleich links, bis Sie den Platz Campo San Luca erreichen. Von hier begeben Sie sich in die vor Ihnen liegende Calle Goldoni. Sie gehen weiter bis zur Br\u00fccke Ponte Goldoni. An der Br\u00fccke angelangt, befindet sich zu Ihrer Rechten eine Bank, Sie steigen die vier Stufen empor, biegen dann rechts ab und begeben sich auf den Laufsteg aus Marmor \u00fcber dem Wasser, der Sie direkt zum Residence bringt.<\/p>\n<p><b>Dampfboot n. 2<\/b> | Biegen Sie nun rechts ab, dem Canal Grande entlang. Dann gehen Sie die Riva del Ferro entlang und unter dem Laubengang des Palasts am Canal Grande hindurch. Nun gehen Sie \u00fcber die Br\u00fccke und begeben sich links in die Calle Bembo, an deren Ende angelangt biegen Sie rechts in die Calle del Teatro ein und dann wieder links, bis Sie den Platz Campo San Luca erreichen. Von hier begeben Sie sich in die vor Ihnen liegende Calle Goldoni. Sie gehen weiter bis zur Br\u00fccke Ponte Goldoni. An der Br\u00fccke angelangt, befindet sich zu Ihrer Rechten eine Bank, Sie steigen die vier Stufen empor, biegen dann rechts ab und begeben sich auf den Laufsteg aus Marmor \u00fcber dem Wasser, der Sie direkt zum Residence bringt.[\/vc_column_text][\/vc_column][\/vc_row]\n<\/p><\/div>","protected":false},"excerpt":{"rendered":"<p>[vc_row full_height=&#8220;yes&#8220; parallax=&#8220;content-moving&#8220; bg_type=&#8220;image&#8220; parallax_style=&#8220;vcpb-default&#8220; bg_image_new=&#8220;id^2062|url^https:\/\/www.cortegrimani.com\/wp-content\/uploads\/2015\/07\/dettaglio_basilica.jpg|caption^null|alt^null|title^dettaglio_basilica|description^null&#8220; bg_image_repeat=&#8220;no-repeat&#8220; bg_img_attach=&#8220;fixed&#8220; parallax_content=&#8220;parallax_content_value&#8220;][vc_column][vc_column_text] Charmanten Wohnungen zwischen San Marco und Rialto [\/vc_column_text][\/vc_column][\/vc_row][vc_row el_class=&#8220;sfumata&#8220;][vc_column][vc_row_inner el_class=&#8220;wrap&#8220;][vc_column_inner][vc_empty_space height=&#8220;50px&#8220;][vc_column_text] Lage Die Residence Corte Grimani bietet Ihnen moderne Ferienwohnungen in Venedig, von denen sich 15 im Apartmenthotel zwischen Markusplatz, weitere 5 in einem Geb\u00e4ude in der Kurzwarenhandlung hinter dem Markusplatz und 3 in einem historischen [&hellip;]<\/p>\n","protected":false},"author":36,"featured_media":0,"parent":0,"menu_order":0,"comment_status":"open","ping_status":"open","template":"","meta":{"_genesis_hide_title":false,"_genesis_hide_breadcrumbs":false,"_genesis_hide_singular_image":false,"_genesis_hide_footer_widgets":false,"_genesis_custom_body_class":"interna payoff-interno posizione","_genesis_custom_post_class":"","_genesis_layout":"","footnotes":""},"class_list":{"0":"post-2371","1":"page","2":"type-page","3":"status-publish","5":"entry"},"yoast_head":"<!-- This site is optimized with the Yoast SEO plugin v25.7 - https:\/\/yoast.com\/wordpress\/plugins\/seo\/ -->\n<title>Lage - Residence Corte Grimani<\/title>\n<meta name=\"description\" content=\"Lage, Residence Corte Grimani:\" \/>\n<meta name=\"robots\" content=\"index, follow, max-snippet:-1, max-image-preview:large, max-video-preview:-1\" \/>\n<link rel=\"canonical\" href=\"https:\/\/www.cortegrimani.com\/de\/lage\/\" \/>\n<meta property=\"og:locale\" content=\"de_DE\" \/>\n<meta property=\"og:type\" content=\"article\" \/>\n<meta property=\"og:title\" content=\"Lage - Residence Corte Grimani\" \/>\n<meta property=\"og:description\" content=\"Lage, Residence Corte Grimani:\" \/>\n<meta property=\"og:url\" content=\"https:\/\/www.cortegrimani.com\/de\/lage\/\" \/>\n<meta property=\"og:site_name\" content=\"Residence Corte Grimani\" \/>\n<meta property=\"article:modified_time\" content=\"2020-07-06T08:25:15+00:00\" \/>\n<meta property=\"og:image\" content=\"https:\/\/www.cortegrimani.com\/wp-content\/uploads\/2013\/09\/fregio-bianco.png\" \/>\n<meta name=\"twitter:label1\" content=\"Gesch\u00e4tzte Lesezeit\" \/>\n\t<meta name=\"twitter:data1\" content=\"7\u00a0Minuten\" \/>\n<script type=\"application\/ld+json\" class=\"yoast-schema-graph\">{\"@context\":\"https:\/\/schema.org\",\"@graph\":[{\"@type\":\"WebPage\",\"@id\":\"https:\/\/www.cortegrimani.com\/de\/lage\/\",\"url\":\"https:\/\/www.cortegrimani.com\/de\/lage\/\",\"name\":\"Lage - Residence Corte Grimani\",\"isPartOf\":{\"@id\":\"https:\/\/www.cortegrimani.com\/de\/#website\"},\"primaryImageOfPage\":{\"@id\":\"https:\/\/www.cortegrimani.com\/de\/lage\/#primaryimage\"},\"image\":{\"@id\":\"https:\/\/www.cortegrimani.com\/de\/lage\/#primaryimage\"},\"thumbnailUrl\":\"https:\/\/www.cortegrimani.com\/wp-content\/uploads\/2013\/09\/fregio-bianco.png\",\"datePublished\":\"2015-07-23T08:07:57+00:00\",\"dateModified\":\"2020-07-06T08:25:15+00:00\",\"description\":\"Lage, Residence Corte Grimani:\",\"breadcrumb\":{\"@id\":\"https:\/\/www.cortegrimani.com\/de\/lage\/#breadcrumb\"},\"inLanguage\":\"de\",\"potentialAction\":[{\"@type\":\"ReadAction\",\"target\":[\"https:\/\/www.cortegrimani.com\/de\/lage\/\"]}]},{\"@type\":\"ImageObject\",\"inLanguage\":\"de\",\"@id\":\"https:\/\/www.cortegrimani.com\/de\/lage\/#primaryimage\",\"url\":\"https:\/\/www.cortegrimani.com\/wp-content\/uploads\/2013\/09\/fregio-bianco.png\",\"contentUrl\":\"https:\/\/www.cortegrimani.com\/wp-content\/uploads\/2013\/09\/fregio-bianco.png\"},{\"@type\":\"BreadcrumbList\",\"@id\":\"https:\/\/www.cortegrimani.com\/de\/lage\/#breadcrumb\",\"itemListElement\":[{\"@type\":\"ListItem\",\"position\":1,\"name\":\"Home\",\"item\":\"https:\/\/www.cortegrimani.com\/de\/\"},{\"@type\":\"ListItem\",\"position\":2,\"name\":\"Lage\"}]},{\"@type\":\"WebSite\",\"@id\":\"https:\/\/www.cortegrimani.com\/de\/#website\",\"url\":\"https:\/\/www.cortegrimani.com\/de\/\",\"name\":\"Residence Corte Grimani\",\"description\":\"\",\"potentialAction\":[{\"@type\":\"SearchAction\",\"target\":{\"@type\":\"EntryPoint\",\"urlTemplate\":\"https:\/\/www.cortegrimani.com\/de\/?s={search_term_string}\"},\"query-input\":{\"@type\":\"PropertyValueSpecification\",\"valueRequired\":true,\"valueName\":\"search_term_string\"}}],\"inLanguage\":\"de\"}]}<\/script>\n<!-- \/ Yoast SEO plugin. -->","yoast_head_json":{"title":"Lage - Residence Corte Grimani","description":"Lage, Residence Corte Grimani:","robots":{"index":"index","follow":"follow","max-snippet":"max-snippet:-1","max-image-preview":"max-image-preview:large","max-video-preview":"max-video-preview:-1"},"canonical":"https:\/\/www.cortegrimani.com\/de\/lage\/","og_locale":"de_DE","og_type":"article","og_title":"Lage - Residence Corte Grimani","og_description":"Lage, Residence Corte Grimani:","og_url":"https:\/\/www.cortegrimani.com\/de\/lage\/","og_site_name":"Residence Corte Grimani","article_modified_time":"2020-07-06T08:25:15+00:00","og_image":[{"url":"https:\/\/www.cortegrimani.com\/wp-content\/uploads\/2013\/09\/fregio-bianco.png","type":"","width":"","height":""}],"twitter_misc":{"Gesch\u00e4tzte Lesezeit":"7\u00a0Minuten"},"schema":{"@context":"https:\/\/schema.org","@graph":[{"@type":"WebPage","@id":"https:\/\/www.cortegrimani.com\/de\/lage\/","url":"https:\/\/www.cortegrimani.com\/de\/lage\/","name":"Lage - Residence Corte Grimani","isPartOf":{"@id":"https:\/\/www.cortegrimani.com\/de\/#website"},"primaryImageOfPage":{"@id":"https:\/\/www.cortegrimani.com\/de\/lage\/#primaryimage"},"image":{"@id":"https:\/\/www.cortegrimani.com\/de\/lage\/#primaryimage"},"thumbnailUrl":"https:\/\/www.cortegrimani.com\/wp-content\/uploads\/2013\/09\/fregio-bianco.png","datePublished":"2015-07-23T08:07:57+00:00","dateModified":"2020-07-06T08:25:15+00:00","description":"Lage, Residence Corte Grimani:","breadcrumb":{"@id":"https:\/\/www.cortegrimani.com\/de\/lage\/#breadcrumb"},"inLanguage":"de","potentialAction":[{"@type":"ReadAction","target":["https:\/\/www.cortegrimani.com\/de\/lage\/"]}]},{"@type":"ImageObject","inLanguage":"de","@id":"https:\/\/www.cortegrimani.com\/de\/lage\/#primaryimage","url":"https:\/\/www.cortegrimani.com\/wp-content\/uploads\/2013\/09\/fregio-bianco.png","contentUrl":"https:\/\/www.cortegrimani.com\/wp-content\/uploads\/2013\/09\/fregio-bianco.png"},{"@type":"BreadcrumbList","@id":"https:\/\/www.cortegrimani.com\/de\/lage\/#breadcrumb","itemListElement":[{"@type":"ListItem","position":1,"name":"Home","item":"https:\/\/www.cortegrimani.com\/de\/"},{"@type":"ListItem","position":2,"name":"Lage"}]},{"@type":"WebSite","@id":"https:\/\/www.cortegrimani.com\/de\/#website","url":"https:\/\/www.cortegrimani.com\/de\/","name":"Residence Corte Grimani","description":"","potentialAction":[{"@type":"SearchAction","target":{"@type":"EntryPoint","urlTemplate":"https:\/\/www.cortegrimani.com\/de\/?s={search_term_string}"},"query-input":{"@type":"PropertyValueSpecification","valueRequired":true,"valueName":"search_term_string"}}],"inLanguage":"de"}]}},"publishpress_future_action":{"enabled":false,"date":"2026-05-05 09:57:22","action":"change-status","newStatus":"draft","terms":[],"taxonomy":"translation_priority","extraData":[]},"publishpress_future_workflow_manual_trigger":{"enabledWorkflows":[]},"_links":{"self":[{"href":"https:\/\/www.cortegrimani.com\/de\/wp-json\/wp\/v2\/pages\/2371","targetHints":{"allow":["GET"]}}],"collection":[{"href":"https:\/\/www.cortegrimani.com\/de\/wp-json\/wp\/v2\/pages"}],"about":[{"href":"https:\/\/www.cortegrimani.com\/de\/wp-json\/wp\/v2\/types\/page"}],"author":[{"embeddable":true,"href":"https:\/\/www.cortegrimani.com\/de\/wp-json\/wp\/v2\/users\/36"}],"replies":[{"embeddable":true,"href":"https:\/\/www.cortegrimani.com\/de\/wp-json\/wp\/v2\/comments?post=2371"}],"version-history":[{"count":13,"href":"https:\/\/www.cortegrimani.com\/de\/wp-json\/wp\/v2\/pages\/2371\/revisions"}],"predecessor-version":[{"id":3510,"href":"https:\/\/www.cortegrimani.com\/de\/wp-json\/wp\/v2\/pages\/2371\/revisions\/3510"}],"wp:attachment":[{"href":"https:\/\/www.cortegrimani.com\/de\/wp-json\/wp\/v2\/media?parent=2371"}],"curies":[{"name":"wp","href":"https:\/\/api.w.org\/{rel}","templated":true}]}}