{"id":2345,"date":"2013-09-03T14:20:11","date_gmt":"2013-09-03T14:20:11","guid":{"rendered":"https:\/\/www.cortegrimani.com\/de\/home\/"},"modified":"2025-09-05T13:44:52","modified_gmt":"2025-09-05T13:44:52","slug":"home","status":"publish","type":"page","link":"https:\/\/www.cortegrimani.com\/de\/","title":{"rendered":"Home"},"content":{"rendered":"<div class=\"wpb-content-wrapper\">[vc_row parallax_content=&#8220;parallax_content_value&#8220;][vc_column][vc_column_text el_class=&#8220;payoff&#8220;]\n<h2>Residence Corte Grimani<\/h2>\n<p><img decoding=\"async\" src=\"https:\/\/www.cortegrimani.com\/wp-content\/uploads\/2013\/09\/fregio-bianco.png\" \/><\/p>\n<p class=\"txt-payoff\">Wohnungen den Charme in Venedig<\/p>\n[\/vc_column_text][\/vc_column][\/vc_row][vc_row full_height=&#8220;yes&#8220; content_placement=&#8220;middle&#8220; parallax=&#8220;content-moving&#8220; bg_type=&#8220;image&#8220; parallax_style=&#8220;vcpb-default&#8220; bg_image_new=&#8220;id^2033|url^https:\/\/www.cortegrimani.com\/wp-content\/uploads\/2013\/09\/rialto_notte2.jpg|caption^null|alt^null|title^rialto_notte2|description^null&#8220; bg_image_repeat=&#8220;no-repeat&#8220; bg_img_attach=&#8220;fixed&#8220; parallax_content=&#8220;parallax_content_value&#8220; fadeout_row=&#8220;fadeout_row_value&#8220; el_class=&#8220;hp1&#8243;][vc_column][vc_row_inner el_class=&#8220;wrap&#8220;][vc_column_inner][vc_single_image image=&#8220;2046&#8243; img_size=&#8220;full&#8220; alignment=&#8220;center&#8220; el_class=&#8220;ornament-top&#8220;][vc_column_text el_class=&#8220;sfondo-home&#8220;]\n<h1>Ferienwohnungen in Venedig<\/h1>\n<p>In Venedig zu leben wie ein Venezianer, in einem entz\u00fcckenden Apartment mit Blick auf die D\u00e4cher, wenige Schritte von Piazza San Marco und von der Rialtobr\u00fccke. Ist das Ihr Traum? Im Residence Corte Grimani k\u00f6nnen Sie ihn verwirklichen! Entscheiden Sie sich f\u00fcr ein Apartmenthotel nur unweit vom <strong>Markusplatz<\/strong> und der <strong>Rialtobr\u00fccke<\/strong> entfernt oder f\u00fcr eine <strong>Ferienwohnung <span style=\"color: #000000;\"><a style=\"color: #000000;\" href=\"http:\/\/www.canalapartments.it\/de\/index.html\" target=\"_blank\" rel=\"noopener noreferrer\">&#8222;C\u00e0 Nal&#8220;<\/a><\/span><\/strong> oder <span style=\"color: #000000;\"><strong><a style=\"color: #000000;\" href=\"http:\/\/www.canavageroapartments.com\/de\/index.html\" target=\"_blank\" rel=\"noopener noreferrer\">&#8222;C\u00e0 Navagero&#8220;<\/a><\/strong><\/span>.<\/p>\n<p>F\u00fcr ein romantisches Wochenende oder einen Urlaub mit der ganzen Familie bieten die Apartments des Residence Corte Grimani komplette restrukturierte R\u00e4umlichkeiten, die mit jeglichem Komfort ausgestattet sind, \u00fcber eine charmante Atmosph\u00e4re verf\u00fcgen und bequem bis zu sechs G\u00e4ste behergergen k\u00f6nnen.<\/p>\n<p>Buchen Sie direkt auf der offiziellen Webseite, Sie werden immer die Bestpreisgarantie haben![\/vc_column_text][vc_single_image image=&#8220;2048&#8243; img_size=&#8220;full&#8220; alignment=&#8220;center&#8220; el_class=&#8220;ornament-bottom&#8220;][\/vc_column_inner][\/vc_row_inner][\/vc_column][\/vc_row][vc_row equal_height=&#8220;yes&#8220; content_placement=&#8220;middle&#8220; parallax_content=&#8220;parallax_content_value&#8220;][vc_column width=&#8220;1\/3&#8243; css=&#8220;.vc_custom_1463149983129{background-image: url(https:\/\/www.cortegrimani.com\/wp-content\/uploads\/2013\/09\/camere-box.jpg?id=2040) !important;background-position: center !important;background-repeat: no-repeat !important;background-size: cover !important;}&#8220;][vc_empty_space height=&#8220;100px&#8220;][vc_column_text]\n<div id=\"giallo\" class=\"bestprice\">\n<h3><span class=\"sans-serif\">Wohnungen<\/span><br \/>\nResidence Grimani<\/h3>\n<\/div>\n[\/vc_column_text][vc_single_image image=&#8220;2052&#8243; img_size=&#8220;full&#8220; alignment=&#8220;center&#8220; css_animation=&#8220;appear&#8220;][vc_btn title=&#8220;Entdecken&#8220; style=&#8220;custom&#8220; custom_background=&#8220;#ede0ae&#8220; custom_text=&#8220;#1f6ca0&#8243; size=&#8220;lg&#8220; align=&#8220;center&#8220; css_animation=&#8220;appear&#8220; css=&#8220;.vc_custom_1465478716642{margin-top: 15px !important;margin-right: 15px !important;margin-bottom: 15px !important;margin-left: 15px !important;}&#8220; link=&#8220;url:http%3A%2F%2Fwww.cortegrimani.com%2Fde%2Fwohnungen%2F||&#8220;][vc_single_image image=&#8220;2052&#8243; img_size=&#8220;full&#8220; alignment=&#8220;center&#8220; css_animation=&#8220;appear&#8220;][vc_empty_space height=&#8220;100px&#8220;][\/vc_column][vc_column width=&#8220;1\/3&#8243; css=&#8220;.vc_custom_1593600527887{background-image: url(https:\/\/www.cortegrimani.com\/wp-content\/uploads\/2020\/07\/canalapartments.jpg?id=3186) !important;background-position: center !important;background-repeat: no-repeat !important;background-size: cover !important;}&#8220; el_class=&#8220;sfondo-canal&#8220;][vc_empty_space height=&#8220;100px&#8220;][vc_column_text]\n<div id=\"blu\" class=\"bestprice\">\n<h3><span class=\"sans-serif\">Wohnungen<\/span><br \/>\nCa&#8216; Nal<\/h3>\n<\/div>\n[\/vc_column_text][vc_single_image image=&#8220;2052&#8243; img_size=&#8220;full&#8220; alignment=&#8220;center&#8220; css_animation=&#8220;appear&#8220;][vc_btn title=&#8220;Entdecken&#8220; style=&#8220;custom&#8220; custom_background=&#8220;#1f6ca0&#8243; custom_text=&#8220;#ffffff&#8220; size=&#8220;lg&#8220; align=&#8220;center&#8220; css_animation=&#8220;appear&#8220; css=&#8220;.vc_custom_1593600653964{margin-top: 15px !important;margin-right: 15px !important;margin-bottom: 15px !important;margin-left: 15px !important;}&#8220; link=&#8220;url:http%3A%2F%2Fwww.canalapartments.it%2F||target:%20_blank|&#8220;][vc_single_image image=&#8220;2052&#8243; img_size=&#8220;full&#8220; alignment=&#8220;center&#8220; css_animation=&#8220;appear&#8220;][vc_empty_space height=&#8220;100px&#8220;][\/vc_column][vc_column width=&#8220;1\/3&#8243; el_class=&#8220;sfondo-canavagero&#8220; css=&#8220;.vc_custom_1593600511875{background-image: url(https:\/\/www.cortegrimani.com\/wp-content\/uploads\/2020\/07\/canavageroapartments.jpg?id=3194) !important;background-position: center !important;background-repeat: no-repeat !important;background-size: cover !important;}&#8220;][vc_empty_space height=&#8220;100px&#8220;][vc_column_text]\n<div id=\"giallo\" class=\"bestprice\" style=\"text-shadow: 2px 2px 2px #333;\">\n<h3><span class=\"sans-serif\">Wohnungen<\/span><br \/>\nCa&#8216; Navagero<\/h3>\n<\/div>\n[\/vc_column_text][vc_single_image image=&#8220;2052&#8243; img_size=&#8220;full&#8220; alignment=&#8220;center&#8220; css_animation=&#8220;appear&#8220;][vc_btn title=&#8220;Entdecken&#8220; style=&#8220;custom&#8220; custom_background=&#8220;#ede0ae&#8220; custom_text=&#8220;#1f6ca0&#8243; size=&#8220;lg&#8220; align=&#8220;center&#8220; css_animation=&#8220;appear&#8220; css=&#8220;.vc_custom_1593600673614{margin-top: 15px !important;margin-right: 15px !important;margin-bottom: 15px !important;margin-left: 15px !important;}&#8220; link=&#8220;url:http%3A%2F%2Fwww.canavageroapartments.com%2F||target:%20_blank|&#8220;][vc_single_image image=&#8220;2052&#8243; img_size=&#8220;full&#8220; alignment=&#8220;center&#8220; css_animation=&#8220;appear&#8220;][vc_empty_space height=&#8220;100px&#8220;][\/vc_column][\/vc_row][vc_row bg_type=&#8220;image&#8220; parallax_style=&#8220;vcpb-default&#8220; bg_image_repeat=&#8220;no-repeat&#8220; bg_img_attach=&#8220;fixed&#8220; parallax_content=&#8220;parallax_content_value&#8220; el_class=&#8220;sfumata&#8220;][vc_column][vc_column_text el_class=&#8220;box-offerte&#8220;]\n<h3>Sonderangebote<\/h3>\n<\/p><p class=\"ornaments_divider\"><img decoding=\"async\" class=\"aligncenter\" src=\"https:\/\/www.cortegrimani.com\/wp-content\/uploads\/2013\/09\/fregio-bianco.png\" \/><\/p>\n<div class=\"gallery-view\"><div class=\"offer-package-4\"><div style=\"position:relative; margin-left:auto; margin-right:auto; overflow:hidden; width:px;\"><a href=\"https:\/\/www.cortegrimani.com\/de\/offers\/advanced-booking\/\"><img loading=\"lazy\" decoding=\"async\" width=\"210\" height=\"210\" src=\"https:\/\/www.cortegrimani.com\/wp-content\/uploads\/2015\/07\/canalgrande_notte-210x210.jpg\" class=\"size-thumbnail\" alt=\"\" srcset=\"https:\/\/www.cortegrimani.com\/wp-content\/uploads\/2015\/07\/canalgrande_notte-210x210.jpg 210w, https:\/\/www.cortegrimani.com\/wp-content\/uploads\/2015\/07\/canalgrande_notte-140x140.jpg 140w, https:\/\/www.cortegrimani.com\/wp-content\/uploads\/2015\/07\/canalgrande_notte-32x32.jpg 32w, https:\/\/www.cortegrimani.com\/wp-content\/uploads\/2015\/07\/canalgrande_notte-128x128.jpg 128w, https:\/\/www.cortegrimani.com\/wp-content\/uploads\/2015\/07\/canalgrande_notte-268x268.jpg 268w, https:\/\/www.cortegrimani.com\/wp-content\/uploads\/2015\/07\/canalgrande_notte-440x440.jpg 440w\" sizes=\"auto, (max-width: 210px) 100vw, 210px\" \/><\/a><div class=\"background-offer-gallery\"><img decoding=\"async\" src=\"\"\/><div class=\"highlight-text-gallery\"><a href=\"https:\/\/www.cortegrimani.com\/de\/offers\/advanced-booking\/\"><\/a><\/div><\/div><div class=\"background-tag-gallery\"><img decoding=\"async\" src=\"\"\/><\/div><\/div><div class=\"original-price\"><\/div><div class=\"reducted-price\"><\/div><div class=\"clear\"><\/div><div class=\"offer_title\"><a href=\"https:\/\/www.cortegrimani.com\/de\/offers\/advanced-booking\/\">Advanced booking<\/a><\/div><div class=\"package-gallery\"><div>Up to 10% off<\/div><div><\/div><div><\/div><div>All appartments<\/div><\/div><\/div><div class=\"offer-package-4\"><div style=\"position:relative; margin-left:auto; margin-right:auto; overflow:hidden; width:px;\"><a href=\"https:\/\/www.cortegrimani.com\/de\/offers\/book-and-get-the-lowest-rate\/\"><img loading=\"lazy\" decoding=\"async\" width=\"210\" height=\"210\" src=\"https:\/\/www.cortegrimani.com\/wp-content\/uploads\/2013\/09\/sangiorgio_tramonto-210x210.jpg\" class=\"size-thumbnail\" alt=\"\" srcset=\"https:\/\/www.cortegrimani.com\/wp-content\/uploads\/2013\/09\/sangiorgio_tramonto-210x210.jpg 210w, https:\/\/www.cortegrimani.com\/wp-content\/uploads\/2013\/09\/sangiorgio_tramonto-140x140.jpg 140w, https:\/\/www.cortegrimani.com\/wp-content\/uploads\/2013\/09\/sangiorgio_tramonto-32x32.jpg 32w, https:\/\/www.cortegrimani.com\/wp-content\/uploads\/2013\/09\/sangiorgio_tramonto-128x128.jpg 128w, https:\/\/www.cortegrimani.com\/wp-content\/uploads\/2013\/09\/sangiorgio_tramonto-268x268.jpg 268w, https:\/\/www.cortegrimani.com\/wp-content\/uploads\/2013\/09\/sangiorgio_tramonto-440x440.jpg 440w\" sizes=\"auto, (max-width: 210px) 100vw, 210px\" \/><\/a><div class=\"background-offer-gallery\"><img decoding=\"async\" src=\"\"\/><div class=\"highlight-text-gallery\"><a href=\"https:\/\/www.cortegrimani.com\/de\/offers\/book-and-get-the-lowest-rate\/\"><\/a><\/div><\/div><div class=\"background-tag-gallery\"><img decoding=\"async\" src=\"\"\/><\/div><\/div><div class=\"original-price\"><\/div><div class=\"reducted-price\"><\/div><div class=\"clear\"><\/div><div class=\"offer_title\"><a href=\"https:\/\/www.cortegrimani.com\/de\/offers\/book-and-get-the-lowest-rate\/\">Best Price Guarantee &#8211; Book and get the lowest rate!<\/a><\/div><div class=\"package-gallery\"><div>Exclusive discount<\/div><div><\/div><div><\/div><div><\/div><\/div><\/div><\/div>\n<p class=\"lista\"><a title=\"Offerte Speciali\" href=\"https:\/\/www.cortegrimani.com\/de\/angebote\/\">Zur vollst\u00e4ndigen Liste gehen<\/a><\/p>\n[\/vc_column_text][\/vc_column][\/vc_row][vc_row][vc_column][vc_media_grid gap=&#8220;0&#8243; item=&#8220;mediaGrid_FadeInWithIcon&#8220; css=&#8220;&#8220; grid_id=&#8220;vc_gid:1757079879268-94c6bcc2-f0bd-8&#8243; include=&#8220;1922,1923,1924&#8243;][\/vc_column][\/vc_row]\n<\/div>","protected":false},"excerpt":{"rendered":"<p>[vc_row parallax_content=&#8220;parallax_content_value&#8220;][vc_column][vc_column_text el_class=&#8220;payoff&#8220;] Residence Corte Grimani Wohnungen den Charme in Venedig [\/vc_column_text][\/vc_column][\/vc_row][vc_row full_height=&#8220;yes&#8220; content_placement=&#8220;middle&#8220; parallax=&#8220;content-moving&#8220; bg_type=&#8220;image&#8220; parallax_style=&#8220;vcpb-default&#8220; bg_image_new=&#8220;id^2033|url^https:\/\/www.cortegrimani.com\/wp-content\/uploads\/2013\/09\/rialto_notte2.jpg|caption^null|alt^null|title^rialto_notte2|description^null&#8220; bg_image_repeat=&#8220;no-repeat&#8220; bg_img_attach=&#8220;fixed&#8220; parallax_content=&#8220;parallax_content_value&#8220; fadeout_row=&#8220;fadeout_row_value&#8220; el_class=&#8220;hp1&#8243;][vc_column][vc_row_inner el_class=&#8220;wrap&#8220;][vc_column_inner][vc_single_image image=&#8220;2046&#8243; img_size=&#8220;full&#8220; alignment=&#8220;center&#8220; el_class=&#8220;ornament-top&#8220;][vc_column_text el_class=&#8220;sfondo-home&#8220;] Ferienwohnungen in Venedig In Venedig zu leben wie ein Venezianer, in einem entz\u00fcckenden Apartment mit Blick auf die D\u00e4cher, wenige Schritte von Piazza San Marco und [&hellip;]<\/p>\n","protected":false},"author":36,"featured_media":0,"parent":0,"menu_order":0,"comment_status":"open","ping_status":"open","template":"","meta":{"_genesis_hide_title":false,"_genesis_hide_breadcrumbs":false,"_genesis_hide_singular_image":false,"_genesis_hide_footer_widgets":false,"_genesis_custom_body_class":"","_genesis_custom_post_class":"","_genesis_layout":"","footnotes":""},"class_list":{"0":"post-2345","1":"page","2":"type-page","3":"status-publish","5":"entry"},"yoast_head":"<!-- This site is optimized with the Yoast SEO plugin v25.7 - https:\/\/yoast.com\/wordpress\/plugins\/seo\/ -->\n<title>Ferienwohnungen in Venedig | Residenz Corte Grimani Venedig offizielle Webseite| Appartements in einer reizenden Residenz im Viertel San Marco in Venedig<\/title>\n<meta name=\"description\" content=\"Residenz Corte Grimani Ferienwohnungen in Venedig: Markusplatz, elegante Appartaments in einem reizenden Aparthotel, ideal f\u00fcr Familien.\" \/>\n<meta name=\"robots\" content=\"index, follow, max-snippet:-1, max-image-preview:large, max-video-preview:-1\" \/>\n<link rel=\"canonical\" href=\"https:\/\/www.cortegrimani.com\/de\/\" \/>\n<meta property=\"og:locale\" content=\"de_DE\" \/>\n<meta property=\"og:type\" content=\"article\" \/>\n<meta property=\"og:title\" content=\"Ferienwohnungen in Venedig | Residenz Corte Grimani Venedig offizielle Webseite| Appartements in einer reizenden Residenz im Viertel San Marco in Venedig\" \/>\n<meta property=\"og:description\" content=\"Residenz Corte Grimani Ferienwohnungen in Venedig: Markusplatz, elegante Appartaments in einem reizenden Aparthotel, ideal f\u00fcr Familien.\" \/>\n<meta property=\"og:url\" content=\"https:\/\/www.cortegrimani.com\/de\/\" \/>\n<meta property=\"og:site_name\" content=\"Residence Corte Grimani\" \/>\n<meta property=\"article:modified_time\" content=\"2025-09-05T13:44:52+00:00\" \/>\n<meta property=\"og:image\" content=\"https:\/\/www.cortegrimani.com\/wp-content\/uploads\/2013\/09\/fregio-bianco.png\" \/>\n<meta name=\"twitter:label1\" content=\"Gesch\u00e4tzte Lesezeit\" \/>\n\t<meta name=\"twitter:data1\" content=\"3\u00a0Minuten\" \/>\n<script type=\"application\/ld+json\" class=\"yoast-schema-graph\">{\"@context\":\"https:\/\/schema.org\",\"@graph\":[{\"@type\":\"WebPage\",\"@id\":\"https:\/\/www.cortegrimani.com\/de\/\",\"url\":\"https:\/\/www.cortegrimani.com\/de\/\",\"name\":\"Ferienwohnungen in Venedig | Residenz Corte Grimani Venedig offizielle Webseite| Appartements in einer reizenden Residenz im Viertel San Marco in Venedig\",\"isPartOf\":{\"@id\":\"https:\/\/www.cortegrimani.com\/de\/#website\"},\"primaryImageOfPage\":{\"@id\":\"https:\/\/www.cortegrimani.com\/de\/#primaryimage\"},\"image\":{\"@id\":\"https:\/\/www.cortegrimani.com\/de\/#primaryimage\"},\"thumbnailUrl\":\"https:\/\/www.cortegrimani.com\/wp-content\/uploads\/2013\/09\/fregio-bianco.png\",\"datePublished\":\"2013-09-03T14:20:11+00:00\",\"dateModified\":\"2025-09-05T13:44:52+00:00\",\"description\":\"Residenz Corte Grimani Ferienwohnungen in Venedig: Markusplatz, elegante Appartaments in einem reizenden Aparthotel, ideal f\u00fcr Familien.\",\"breadcrumb\":{\"@id\":\"https:\/\/www.cortegrimani.com\/de\/#breadcrumb\"},\"inLanguage\":\"de\",\"potentialAction\":[{\"@type\":\"ReadAction\",\"target\":[\"https:\/\/www.cortegrimani.com\/de\/\"]}]},{\"@type\":\"ImageObject\",\"inLanguage\":\"de\",\"@id\":\"https:\/\/www.cortegrimani.com\/de\/#primaryimage\",\"url\":\"https:\/\/www.cortegrimani.com\/wp-content\/uploads\/2013\/09\/fregio-bianco.png\",\"contentUrl\":\"https:\/\/www.cortegrimani.com\/wp-content\/uploads\/2013\/09\/fregio-bianco.png\"},{\"@type\":\"BreadcrumbList\",\"@id\":\"https:\/\/www.cortegrimani.com\/de\/#breadcrumb\",\"itemListElement\":[{\"@type\":\"ListItem\",\"position\":1,\"name\":\"Home\",\"item\":\"https:\/\/www.cortegrimani.com\/de\/\"},{\"@type\":\"ListItem\",\"position\":2,\"name\":\"Home\"}]},{\"@type\":\"WebSite\",\"@id\":\"https:\/\/www.cortegrimani.com\/de\/#website\",\"url\":\"https:\/\/www.cortegrimani.com\/de\/\",\"name\":\"Residence Corte Grimani\",\"description\":\"\",\"potentialAction\":[{\"@type\":\"SearchAction\",\"target\":{\"@type\":\"EntryPoint\",\"urlTemplate\":\"https:\/\/www.cortegrimani.com\/de\/?s={search_term_string}\"},\"query-input\":{\"@type\":\"PropertyValueSpecification\",\"valueRequired\":true,\"valueName\":\"search_term_string\"}}],\"inLanguage\":\"de\"}]}<\/script>\n<!-- \/ Yoast SEO plugin. -->","yoast_head_json":{"title":"Ferienwohnungen in Venedig | Residenz Corte Grimani Venedig offizielle Webseite| Appartements in einer reizenden Residenz im Viertel San Marco in Venedig","description":"Residenz Corte Grimani Ferienwohnungen in Venedig: Markusplatz, elegante Appartaments in einem reizenden Aparthotel, ideal f\u00fcr Familien.","robots":{"index":"index","follow":"follow","max-snippet":"max-snippet:-1","max-image-preview":"max-image-preview:large","max-video-preview":"max-video-preview:-1"},"canonical":"https:\/\/www.cortegrimani.com\/de\/","og_locale":"de_DE","og_type":"article","og_title":"Ferienwohnungen in Venedig | Residenz Corte Grimani Venedig offizielle Webseite| Appartements in einer reizenden Residenz im Viertel San Marco in Venedig","og_description":"Residenz Corte Grimani Ferienwohnungen in Venedig: Markusplatz, elegante Appartaments in einem reizenden Aparthotel, ideal f\u00fcr Familien.","og_url":"https:\/\/www.cortegrimani.com\/de\/","og_site_name":"Residence Corte Grimani","article_modified_time":"2025-09-05T13:44:52+00:00","og_image":[{"url":"https:\/\/www.cortegrimani.com\/wp-content\/uploads\/2013\/09\/fregio-bianco.png","type":"","width":"","height":""}],"twitter_misc":{"Gesch\u00e4tzte Lesezeit":"3\u00a0Minuten"},"schema":{"@context":"https:\/\/schema.org","@graph":[{"@type":"WebPage","@id":"https:\/\/www.cortegrimani.com\/de\/","url":"https:\/\/www.cortegrimani.com\/de\/","name":"Ferienwohnungen in Venedig | Residenz Corte Grimani Venedig offizielle Webseite| Appartements in einer reizenden Residenz im Viertel San Marco in Venedig","isPartOf":{"@id":"https:\/\/www.cortegrimani.com\/de\/#website"},"primaryImageOfPage":{"@id":"https:\/\/www.cortegrimani.com\/de\/#primaryimage"},"image":{"@id":"https:\/\/www.cortegrimani.com\/de\/#primaryimage"},"thumbnailUrl":"https:\/\/www.cortegrimani.com\/wp-content\/uploads\/2013\/09\/fregio-bianco.png","datePublished":"2013-09-03T14:20:11+00:00","dateModified":"2025-09-05T13:44:52+00:00","description":"Residenz Corte Grimani Ferienwohnungen in Venedig: Markusplatz, elegante Appartaments in einem reizenden Aparthotel, ideal f\u00fcr Familien.","breadcrumb":{"@id":"https:\/\/www.cortegrimani.com\/de\/#breadcrumb"},"inLanguage":"de","potentialAction":[{"@type":"ReadAction","target":["https:\/\/www.cortegrimani.com\/de\/"]}]},{"@type":"ImageObject","inLanguage":"de","@id":"https:\/\/www.cortegrimani.com\/de\/#primaryimage","url":"https:\/\/www.cortegrimani.com\/wp-content\/uploads\/2013\/09\/fregio-bianco.png","contentUrl":"https:\/\/www.cortegrimani.com\/wp-content\/uploads\/2013\/09\/fregio-bianco.png"},{"@type":"BreadcrumbList","@id":"https:\/\/www.cortegrimani.com\/de\/#breadcrumb","itemListElement":[{"@type":"ListItem","position":1,"name":"Home","item":"https:\/\/www.cortegrimani.com\/de\/"},{"@type":"ListItem","position":2,"name":"Home"}]},{"@type":"WebSite","@id":"https:\/\/www.cortegrimani.com\/de\/#website","url":"https:\/\/www.cortegrimani.com\/de\/","name":"Residence Corte Grimani","description":"","potentialAction":[{"@type":"SearchAction","target":{"@type":"EntryPoint","urlTemplate":"https:\/\/www.cortegrimani.com\/de\/?s={search_term_string}"},"query-input":{"@type":"PropertyValueSpecification","valueRequired":true,"valueName":"search_term_string"}}],"inLanguage":"de"}]}},"publishpress_future_action":{"enabled":false,"date":"2026-04-10 20:25:59","action":"change-status","newStatus":"draft","terms":[],"taxonomy":"translation_priority","extraData":[]},"publishpress_future_workflow_manual_trigger":{"enabledWorkflows":[]},"_links":{"self":[{"href":"https:\/\/www.cortegrimani.com\/de\/wp-json\/wp\/v2\/pages\/2345","targetHints":{"allow":["GET"]}}],"collection":[{"href":"https:\/\/www.cortegrimani.com\/de\/wp-json\/wp\/v2\/pages"}],"about":[{"href":"https:\/\/www.cortegrimani.com\/de\/wp-json\/wp\/v2\/types\/page"}],"author":[{"embeddable":true,"href":"https:\/\/www.cortegrimani.com\/de\/wp-json\/wp\/v2\/users\/36"}],"replies":[{"embeddable":true,"href":"https:\/\/www.cortegrimani.com\/de\/wp-json\/wp\/v2\/comments?post=2345"}],"version-history":[{"count":11,"href":"https:\/\/www.cortegrimani.com\/de\/wp-json\/wp\/v2\/pages\/2345\/revisions"}],"predecessor-version":[{"id":3573,"href":"https:\/\/www.cortegrimani.com\/de\/wp-json\/wp\/v2\/pages\/2345\/revisions\/3573"}],"wp:attachment":[{"href":"https:\/\/www.cortegrimani.com\/de\/wp-json\/wp\/v2\/media?parent=2345"}],"curies":[{"name":"wp","href":"https:\/\/api.w.org\/{rel}","templated":true}]}}