{"id":2263,"date":"2013-09-03T14:19:01","date_gmt":"2013-09-03T14:19:01","guid":{"rendered":"https:\/\/www.cortegrimani.com\/de\/request-it\/"},"modified":"2020-07-01T09:23:41","modified_gmt":"2020-07-01T09:23:41","slug":"request-de","status":"publish","type":"page","link":"https:\/\/www.cortegrimani.com\/de\/request-de\/","title":{"rendered":"Anfrage nach Informationen"},"content":{"rendered":"<div class=\"wpb-content-wrapper\">[vc_row el_class=&#8220;sfumata&#8220; css=&#8220;.vc_custom_1464279220061{padding-top: 50px !important;padding-bottom: 50px !important;}&#8220;][vc_column][vc_empty_space height=&#8220;132px&#8220;][vc_column_text el_class=&#8220;wrap&#8220;]\n<h1>Anfrage nach Verf\u00fcgbarkeit und Preise<\/h1>\n\n<div id=\"form\">\n<div class=\"testo-form\">\n<div class=\"introform\">F\u00fcllen Sie bitte die <strong>Pflichtfelder <\/strong>(<em>*<\/em>) des nachfolgenden Formulars aus. Sie werden so schnell wie m\u00f6glich auf Ihre Anfrage <strong>eine R\u00fcckantwort per E-Mail<\/strong> von unserem Personal erhalten. Sollte die R\u00fcckantwort Ihren Anforderungen entsprechen, k\u00f6nnen Sie innerhalb der in der E-Mail angegebenen Zeiten <strong>Ihre Reservierung best\u00e4tigen<\/strong>, indem Sie uns die Daten Ihrer Kreditkarte \u00fcber ein <strong>sicheres Formular<\/strong> oder per Bank\u00fcberweisung oder Postanweisung senden.<\/div>\n<\/div>\n<div class=\"nofloat\"><hr \/><\/div>\n<div id=\"alert\"><p>Nicht alle erforderlichen Felder hervorgehoben werden zusammengestellt<\/p><ol><\/ol><\/div>\n<form id=\"formreq\" action=\" https:\/\/www.netplan.it\/npl\/forms\/npl_de.php\" class=\"secure\" method=\"post\">\n<input type=\"hidden\" name=\"Domain\" value=\"cortegrimani\"\/>\n<input type=\"hidden\" name=\"hotel\" value=\"Residence Corte Grimani\"\/>\n<input type=\"hidden\" name=\"recipient\" value=\"info@cortegrimani.com\"\/>\n<input type=\"hidden\" name=\"redirect\" value=\"https:\/\/www.cortegrimani.com\/de\/sent-request-de\"\/>\n<input type=\"hidden\" name=\"SOReferrer\" value=\"\"\/>\n<input type=\"hidden\" name=\"SOfferName\" value=\"\"\/>\n<input type=\"hidden\" name=\"SOfferValidity\" value=\"\"\/>\n<input type=\"hidden\" name=\"SOfferLang\" value=\"de\"\/>\n<input type=\"hidden\" name=\"NewsID\" value=\"\"\/>\n<input type=\"hidden\" name=\"IDCliente\" value=\"2092384\"\/>\n<input name=\"newform\" type=\"hidden\" value=\"1\" \/> \n<script>\nvar ical= \"https:\/\/www.cortegrimani.com\/wp-content\/plugins\/forms\/function\/request_form\/i_cal.gif\";\n<\/script>\n<fieldset id=\"soggiorno\">\n<h2 class=\"titolo_boxio_form\">ANGABEN ZUM AUFENTHALT<\/h2>\n<div>\n<div id=\"data_nomintivo\">\n\n<div id=\"alertarrivo\" class=\"arrivo\">\n<label>Ankunftsdatum:<em>*<\/em><\/label>\n<br \/>\n<table>\n\t<tr>\n        <td><select class=\"standalone in_day\" id=\"in_day\" name=\"in_day\" size=\"1\"><option value=\"01\">1<\/option>\n<option value=\"02\">2<\/option>\n<option value=\"03\">3<\/option>\n<option value=\"04\">4<\/option>\n<option value=\"05\">5<\/option>\n<option value=\"06\">6<\/option>\n<option value=\"07\">7<\/option>\n<option value=\"08\">8<\/option>\n<option value=\"09\">9<\/option>\n<option value=\"10\">10<\/option>\n<option value=\"11\">11<\/option>\n<option value=\"12\">12<\/option>\n<option value=\"13\">13<\/option>\n<option value=\"14\">14<\/option>\n<option value=\"15\">15<\/option>\n<option value=\"16\">16<\/option>\n<option value=\"17\">17<\/option>\n<option value=\"18\">18<\/option>\n<option value=\"19\">19<\/option>\n<option value=\"20\">20<\/option>\n<option value=\"21\">21<\/option>\n<option value=\"22\">22<\/option>\n<option value=\"23\" selected=\"selected\">23<\/option>\n<option value=\"24\">24<\/option>\n<option value=\"25\">25<\/option>\n<option value=\"26\">26<\/option>\n<option value=\"27\">27<\/option>\n<option value=\"28\">28<\/option>\n<option value=\"29\">29<\/option>\n<option value=\"30\">30<\/option>\n<option value=\"31\">31<\/option>\n<\/select> <select class=\"standalone\" id=\"in_month\" name=\"in_month\"><option value=\"3-2028\">M\u00c4RZ 2028<\/option>\n<option value=\"2-2028\">FEBRUAR 2028<\/option>\n<option value=\"1-2028\">JANUAR 2028<\/option>\n<option value=\"12-2027\">DEZEMBER 2027<\/option>\n<option value=\"11-2027\">NOVEMBER 2027<\/option>\n<option value=\"10-2027\">OKTOBER 2027<\/option>\n<option value=\"9-2027\">SEPTEMBER 2027<\/option>\n<option value=\"8-2027\">AUGUST 2027<\/option>\n<option value=\"7-2027\">JULI 2027<\/option>\n<option value=\"6-2027\">JUNI 2027<\/option>\n<option value=\"5-2027\">MAI 2027<\/option>\n<option value=\"4-2027\">APRIL 2027<\/option>\n<option value=\"3-2027\">M\u00c4RZ 2027<\/option>\n<option value=\"2-2027\">FEBRUAR 2027<\/option>\n<option value=\"1-2027\">JANUAR 2027<\/option>\n<option value=\"12-2026\">DEZEMBER 2026<\/option>\n<option value=\"11-2026\">NOVEMBER 2026<\/option>\n<option value=\"10-2026\">OKTOBER 2026<\/option>\n<option value=\"9-2026\">SEPTEMBER 2026<\/option>\n<option value=\"8-2026\">AUGUST 2026<\/option>\n<option value=\"7-2026\">JULI 2026<\/option>\n<option value=\"6-2026\">JUNI 2026<\/option>\n<option value=\"5-2026\">MAI 2026<\/option>\n<option value=\"4-2026\" selected=\"selected\">APRIL 2026<\/option>\n<\/select><\/td>\n        <td><input type=\"hidden\" size=\"10\" id=\"calendar\" disabled=\"disabled\"\/><\/td>\n\t<\/tr>\n<\/table>\n<input type=\"hidden\" name=\"giorno_arrivo\" \/>\n<input type=\"hidden\" name=\"mese_arrivo\" \/>\n<input type=\"hidden\" name=\"anno_arrivo\" \/>\n<input type=\"hidden\" name=\"giorno_partenza\" \/>\n<input type=\"hidden\" name=\"mese_partenza\" \/>\n<input type=\"hidden\" name=\"anno_partenza\" \/>\n<\/div>\n<div id=\"alertpartenza\" class=\"partenza\">\n<label>Abreisedatum:<em>*<\/em><\/label>\n<br \/>\n<table>\n\t<tr>\n        <td><select class=\"standalone out_day\" id=\"out_day\" name=\"out_day\" size=\"1\"><option value=\"01\">1<\/option>\n<option value=\"02\">2<\/option>\n<option value=\"03\">3<\/option>\n<option value=\"04\">4<\/option>\n<option value=\"05\">5<\/option>\n<option value=\"06\">6<\/option>\n<option value=\"07\">7<\/option>\n<option value=\"08\">8<\/option>\n<option value=\"09\">9<\/option>\n<option value=\"10\">10<\/option>\n<option value=\"11\">11<\/option>\n<option value=\"12\">12<\/option>\n<option value=\"13\">13<\/option>\n<option value=\"14\">14<\/option>\n<option value=\"15\">15<\/option>\n<option value=\"16\">16<\/option>\n<option value=\"17\">17<\/option>\n<option value=\"18\">18<\/option>\n<option value=\"19\">19<\/option>\n<option value=\"20\">20<\/option>\n<option value=\"21\">21<\/option>\n<option value=\"22\">22<\/option>\n<option value=\"23\">23<\/option>\n<option value=\"24\" selected=\"selected\">24<\/option>\n<option value=\"25\">25<\/option>\n<option value=\"26\">26<\/option>\n<option value=\"27\">27<\/option>\n<option value=\"28\">28<\/option>\n<option value=\"29\">29<\/option>\n<option value=\"30\">30<\/option>\n<option value=\"31\">31<\/option>\n<\/select> <select class=\"standalone\" id=\"out_month\" name=\"out_month\"><option value=\"3-2028\">M\u00c4RZ 2028<\/option>\n<option value=\"2-2028\">FEBRUAR 2028<\/option>\n<option value=\"1-2028\">JANUAR 2028<\/option>\n<option value=\"12-2027\">DEZEMBER 2027<\/option>\n<option value=\"11-2027\">NOVEMBER 2027<\/option>\n<option value=\"10-2027\">OKTOBER 2027<\/option>\n<option value=\"9-2027\">SEPTEMBER 2027<\/option>\n<option value=\"8-2027\">AUGUST 2027<\/option>\n<option value=\"7-2027\">JULI 2027<\/option>\n<option value=\"6-2027\">JUNI 2027<\/option>\n<option value=\"5-2027\">MAI 2027<\/option>\n<option value=\"4-2027\">APRIL 2027<\/option>\n<option value=\"3-2027\">M\u00c4RZ 2027<\/option>\n<option value=\"2-2027\">FEBRUAR 2027<\/option>\n<option value=\"1-2027\">JANUAR 2027<\/option>\n<option value=\"12-2026\">DEZEMBER 2026<\/option>\n<option value=\"11-2026\">NOVEMBER 2026<\/option>\n<option value=\"10-2026\">OKTOBER 2026<\/option>\n<option value=\"9-2026\">SEPTEMBER 2026<\/option>\n<option value=\"8-2026\">AUGUST 2026<\/option>\n<option value=\"7-2026\">JULI 2026<\/option>\n<option value=\"6-2026\">JUNI 2026<\/option>\n<option value=\"5-2026\">MAI 2026<\/option>\n<option value=\"4-2026\" selected=\"selected\">APRIL 2026<\/option>\n<\/select><\/td>\n        <td><input type=\"hidden\" size=\"10\" id=\"calendar2\" disabled=\"disabled\"\/><\/td>\n\t<\/tr>\n<\/table>\n<br \/><br \/><\/div><\/div>\n\n<div id=\"tipo_camere\">\n<script type=\"text\/javascript\">\n\/*trad*\/\nvar _bimbo = \"Alter der Kinder \";\nvar _anno = \"Jahr\";\nvar _anni = \"Jahre alt\";\n<\/script>\n    <div id=\"copy\">\n    <div class=\"alloggio_adulti_bambini riga_alloggio riga_alloggio_\">\n    <input name=\"quantita_alloggio_richiesta_1\" type=\"hidden\" value=\"1\" \/>\n            <div id=\"alerttipoalloggioreq\" class=\"tipoalloggioreq\">\n                 <label for=\"tipoalloggioreq\">Unterkunftsart<em>*<\/em><\/label><br \/>\n                 <select id=\"tipoalloggioreq\" title=\"Unterkunftsart\" name =\"tipo_alloggio_richiesta_1\">\n                     <option selected=\"selected\"><\/option>\n                    <option value=\"Residence Grimani &#8211; Superior\">Residence Grimani &#8211; Superior<\/option>\n\r<option value=\"Residence Grimani &#8211; Classic con vista\">Residence Grimani &#8211; Classic mit Ausblick<\/option>\n\r<option value=\"Residence Grimani &#8211; Classic Standard\">Residence Grimani &#8211; Classic Standard<\/option>\n\r<option value=\"Ca&#8216; Nal\">Ca&#8216; Nal<\/option>\n\r<option value=\"Ca&#8216; Navagero\">Ca&#8216; Navagero<\/option>\n\r\n                 <\/select>\n            <\/div>\n\n            <div id=\"alertadulti\" class=\"\">\n                <label class=\"first\" for=\"adulti\">Erwachsene<em>*<\/em><\/label><br \/>\n                <select title=\"Erwachsene\" id=\"adulti\" name=\"adulti_richiesta_1\">\n                  <option value=\"\"><\/option>\n                    <option value=\"01\">01<\/option>\n                    <option value=\"02\">02<\/option>\n                    <option value=\"03\">03<\/option>\n                    <option value=\"04\">04<\/option>\n                    <option value=\"05\">05<\/option>\n                <\/select>\n            <\/div>\n            <div id=\"alertbambini\" class=\"bambini\">\n\n                <div style=\"float:left;\">\n                <label class=\"first\" for=\"bambini\">Kinder<\/label><br \/>\n                    <select class=\"Nbambini\" name=\"Nbambini_richiesta_1\">\n                        <option value=\"--\"><\/option>\n                        <option value=\"01\">01<\/option>\n                        <option value=\"02\">02<\/option>\n                        <option value=\"03\">03<\/option>\n                        <option value=\"04\">04<\/option>\n                        <option value=\"05\">05<\/option>\n                    <\/select>  <\/div>\n      <div class=\"etabambini\" style=\"float:left;\"><\/div>\n\n\n\n        <div class=\"nofloat\"><hr \/>\n    <\/div>       <\/div>\n<\/div>\n<\/div>\n\n\n<noscript>\n    <select id=\"tipoalloggioreq\" name=\"tipoalloggio[]\">\n        <option selected=\"selected\"><\/option>\n        <option value=\"Residence Grimani &#8211; Superior\">Residence Grimani &#8211; Superior<\/option>\n\r<option value=\"Residence Grimani &#8211; Classic con vista\">Residence Grimani &#8211; Classic mit Ausblick<\/option>\n\r<option value=\"Residence Grimani &#8211; Classic Standard\">Residence Grimani &#8211; Classic Standard<\/option>\n\r<option value=\"Ca&#8216; Nal\">Ca&#8216; Nal<\/option>\n\r<option value=\"Ca&#8216; Navagero\">Ca&#8216; Navagero<\/option>\n\r\n    <\/select>\n\n    <select id=\"tipoalloggioreq\" name=\"tipoalloggio[]\">\n        <option selected=\"selected\"><\/option>\n        <option value=\"Residence Grimani &#8211; Superior\">Residence Grimani &#8211; Superior<\/option>\n\r<option value=\"Residence Grimani &#8211; Classic con vista\">Residence Grimani &#8211; Classic mit Ausblick<\/option>\n\r<option value=\"Residence Grimani &#8211; Classic Standard\">Residence Grimani &#8211; Classic Standard<\/option>\n\r<option value=\"Ca&#8216; Nal\">Ca&#8216; Nal<\/option>\n\r<option value=\"Ca&#8216; Navagero\">Ca&#8216; Navagero<\/option>\n\r\n    <\/select>\n<\/noscript>\n<br clear=\"all\" \/>\n\n<script type=\"text\/javascript\">\n    document.write(\"<div class=\\\"addbt\\\"><a href=\\\"#\\\" id=\\\"addbt\\\">Unterkunft hinzuf\u00fcgen <img src=\\\"https:\/\/www.cortegrimani.com\/wp-content\/plugins\/forms\/function\/request_form\/addBtn.gif\\\" alt=\\\"Aggiungi Alloggio\\\" alt=\\\"Aggiungi\\\" \/><\/a><\/div>\");\n<\/script><br clear=\"all\" \/>\n<\/div>\n\n\n<div id=\"alertnominativo\" class=\"nominativo\">\n<label for=\"nominativo\">Auf den Namen von<em>*<\/em>\n<span class=\"formfontina\">(falls nicht der Anfragesteller)<\/span><\/label>\n<br \/>\n<input id=\"nominativo\" name=\"nominativo\" value=\"\" type=\"text\" \/>\n<\/div>\n<div id=\"alertspecifiche\" class=\"specifiche\">\n    <label for=\"specifiche\">Besondere Anmerkungen:<\/label>\n    <br \/>\n    <textarea id=\"specifiche\" name=\"specifiche\" rows=\"4\" cols=\"23\"><\/textarea>\n <\/div>\n\n<div class=\"nofloat\"><hr \/><\/div>\n<\/div><\/fieldset><fieldset id=\"personali\">\n<h2 class=\"titolo_boxio_form\">PERS\u00d6NLICHE DATEN<\/h2>\n<div class=\"campiform\">\n\n\n<div id=\"alertutente\" class=\"utente\" style=\"float:left;width:60px;\">\n<label for=\"utente\">Titel<em>*<\/em><\/label>\n<br \/>\n<select title=\"Titel\" id=\"utente\" name=\"utente\">\n<option><\/option>\n<option value=\"Hr.\">Hr.<\/option>\n<option value=\"Fr.\">Fr.<\/option>\n<\/select>\n<\/div>\n<div id=\"alertnome\" class=\"nome\"  style=\"float:left;width:140px;\">\n<label for=\"nome\">Vorname<em>*<\/em><\/label>\n<br \/>\n<input title=\"Vorname\" style=\"width:120px;\" id=\"nome\" name=\"nome\" value=\"\" type=\"text\" \/>\n<\/div>\n<div id=\"alertcognome\" class=\"cognome\">\n<label for=\"cognome\">Familienname<em>*<\/em><\/label>\n<br \/>\n<input title=\"Familienname\" id=\"cognome\" name=\"cognome\" value=\"\" type=\"text\" \/>\n<\/div>\n\n<\/div>\n<div class=\"campiform\">\n<div id=\"alertpaese\" class=\"paese\">\n<label for=\"paese\">Land<em>*<\/em><\/label>\n<br \/><select id=\"paese\" name=\"nazione\" title=\"Land \"style=\"width:206px;\">\n<option value=\"Italy\" selected=\"selected\">Italy<\/option>\n<option value=\"France\">France<\/option>\n<option value=\"Germany\">Germany<\/option>\n<option value=\"Japan\">Japan<\/option>\n<option value=\"Spain\">Spain<\/option>\n<option value=\"United Kingdom\">United Kingdom<\/option>\n<option value=\"USA\">USA<\/option>\n\n<option value=\"\">-<\/option>\n<option value=\"Afganistan\">Afganistan<\/option>\n<option value=\"Algeria\">Algeria<\/option>\n<option value=\"Argentina\">Argentina<\/option>\n<option value=\"Australia\">Australia<\/option>\n<option value=\"Austria\">Austria<\/option>\n<option value=\"Bahamas\">Bahamas<\/option>\n<option value=\"Barbados\">Barbados<\/option>\n<option value=\"Belgium\">Belgium<\/option>\n\n<option value=\"Belize\">Belize<\/option>\n<option value=\"Benin\">Benin<\/option>\n<option value=\"Bermuda\">Bermuda<\/option>\n<option value=\"Botswana\">Botswana<\/option>\n<option value=\"Brazil\">Brazil<\/option>\n<option value=\"Bulgaria\">Bulgaria<\/option>\n<option value=\"Cameroun\">Cameroun<\/option>\n<option value=\"Canada\">Canada<\/option>\n<option value=\"Cayman Islands\">Cayman Islands<\/option>\n<option value=\"Chile\">Chile<\/option>\n<option value=\"Colombia\">Colombia<\/option>\n<option value=\"Congo\">Congo<\/option>\n<option value=\"Costa Rica\">Costa Rica<\/option>\n<option value=\"Croatia\">Croatia<\/option>\n<option value=\"Czech Republic\">Czech Republic<\/option>\n<option value=\"Denmark\">Denmark<\/option>\n<option value=\"Egypt\">Egypt<\/option>\n<option value=\"Finland\">Finland<\/option>\n<option value=\"France\">France<\/option>\n<option value=\"Germany\">Germany<\/option>\n<option value=\"Ghana\">Ghana<\/option>\n<option value=\"Greece\">Greece<\/option>\n<option value=\"Guam\">Guam<\/option>\n<option value=\"Honduras\">Honduras<\/option>\n<option value=\"Hong Kong\">Hong Kong<\/option>\n<option value=\"Hungary\">Hungary<\/option>\n<option value=\"India\">India<\/option>\n<option value=\"Indonesia\">Indonesia<\/option>\n<option value=\"Irak\">Irak<\/option>\n<option value=\"Iran\">Iran<\/option>\n<option value=\"Ireland\">Ireland<\/option>\n<option value=\"Israel\">Israel<\/option>\n<option value=\"Italy\">Italy<\/option>\n<option value=\"Ivory Coast\">Ivory Coast<\/option>\n<option value=\"Jamaica\">Jamaica<\/option>\n<option value=\"Japan\">Japan<\/option>\n<option value=\"Kandi\">Kandi<\/option>\n<option value=\"Kenya\">Kenya<\/option>\n<option value=\"Korea\">Korea<\/option>\n<option value=\"Lithuania\">Lithuania<\/option>\n<option value=\"Luxembourg\">Luxembourg<\/option>\n<option value=\"Lybia\">Lybia<\/option>\n<option value=\"Macedonia\">Macedonia<\/option>\n<option value=\"Madagascar\">Madagascar<\/option>\n<option value=\"Malaysia\">Malaysia<\/option>\n<option value=\"Malta\">Malta<\/option>\n<option value=\"Marocco\">Marocco<\/option>\n<option value=\"Mexico\">Mexico<\/option>\n<option value=\"Middle East\">Middle East<\/option>\n<option value=\"Nepal\">Nepal<\/option>\n<option value=\"Netherlands\">Netherlands<\/option>\n<option value=\"Netherlands Antilles\">Netherlands Antilles<\/option>\n<option value=\"New Zealand\">New Zealand<\/option>\n<option value=\"Norway\">Norway<\/option>\n<option value=\"Pakistan\">Pakistan<\/option>\n<option value=\"Panama\">Panama<\/option>\n<option value=\"Paraguay\">Paraguay<\/option>\n<option value=\"Peru\">Peru<\/option>\n<option value=\"Philippines\">Philippines<\/option>\n<option value=\"Poland\">Poland<\/option>\n<option value=\"Portugal\">Portugal<\/option>\n<option value=\"Puerto Rico\">Puerto Rico<\/option>\n<option value=\"Romania\">Romania<\/option>\n<option value=\"Russia\">Russia<\/option>\n<option value=\"Saipan\">Saipan<\/option>\n<option value=\"Saudi Arabia\">Saudi Arabia<\/option>\n<option value=\"Singapore\">Singapore<\/option>\n<option value=\"Slovakia\">Slovakia<\/option>\n<option value=\"Slovenia\">Slovenia<\/option>\n<option value=\"South Africa\">South Africa<\/option>\n<option value=\"Spain\">Spain<\/option>\n\n<option value=\"Sri Lanka\">Sri Lanka<\/option>\n<option value=\"Swaziland\">Swaziland<\/option>\n<option value=\"Sweden\">Sweden<\/option>\n<option value=\"Switzerland\">Switzerland<\/option>\n<option value=\"Taiwan\">Taiwan<\/option>\n\n<option value=\"Tanzania\">Tanzania<\/option>\n<option value=\"Thailand\">Thailand<\/option>\n<option value=\"Tobao\">Tobao<\/option>\n<option value=\"Tunisia\">Tunisia<\/option>\n\n<option value=\"Turkey\">Turkey<\/option>\n<option value=\"Ukraine\">Ukraine<\/option>\n<option value=\"United Arab Emirates\">United Arab Emirates<\/option>\n<option value=\"United Kingdom\">United Kingdom<\/option>\n<option value=\"Uruguay\">Uruguay<\/option>\n<option value=\"USA\">USA<\/option>\n<option value=\"Venezuela\">Venezuela<\/option>\n<option value=\"Vietnam\">Vietnam<\/option>\n<option value=\"Virgin Islands\">Virgin Islands<\/option>\n\n<option value=\"Zaire\">Zaire<\/option>\n<option value=\"Zimbabwe\">Zimbabwe<\/option>\n<option value=\"OTHER\">OTHER<\/option>\n<\/select>\n<\/div>\n<div id=\"alertemail\" class=\"email\">\n<label for=\"email\">E-Mail<em>*<\/em><\/label>\n<br \/>\n<input id=\"email\" title=\"E-Mail\" name=\"email\" value=\"\" type=\"text\" \/>\n<\/div>\n<\/div>\n<div class=\"campiform\">\n<div id=\"alertconfermaemail\" class=\"confermaemail\">\n<label for=\"confermaemail\">Best\u00e4tigen Sie Ihre E-Mail<em>*<\/em><\/label>\n<br \/>\n<input id=\"confermaemail\" title=\"Best\u00e4tigen Sie Ihre E-Mail\" name=\"confermaemail\" value=\"\" type=\"text\" \/>\n<\/div>\n<div id=\"alerttelefono\" class=\"telefono\">\n<label for=\"telefono\">Telefon oder Handy Nummer<em>*<\/em><\/label>\n<br \/>\n<input id=\"telefono\" name=\"telefono\" value=\"\" type=\"text\" \/>\n<\/div>\n<\/div>\n<div class=\"nofloat\"><hr \/><\/div>\n<\/fieldset><div class=\"nofloat\"><hr \/><\/div>\n<div>\n<div id=\"privacy_box\">\n <p><strong><a href=\"\/wp-content\/uploads\/2022\/02\/privacy-en.pdf\" target=\"_blank\">Privacy Policy (LINK PDF)<\/a><\/strong><\/p>\n<\/div><\/div>\n<div>\n\n<p class=\"consenso_font\"><input class=\"checkbox\" type=\"checkbox\" id=\"alertconsenso consenso\" name=\"consenso\" value=\"Si\" \/><label for=\"consenso\">I declare that I have read and understood the <strong><a href=\"\/privacy.htm\" target=\"_blank\">privacy policy<\/a><\/strong><\/label><span class=\"formfontrequired\"> *<\/span><\/p>\n<\/div>\n<div style=\"text-align:center; margin:0 0 10px 0;\">\n<input type=\"submit\" class=\"campo_submit\" name=\"submit\" value=\"Verf\u00fcgbarkeit anfragen\" \/>\n<\/div>\n<\/form>\n<\/div>[\/vc_column_text][\/vc_column][\/vc_row]\n<\/div>","protected":false},"excerpt":{"rendered":"<p>[vc_row el_class=&#8220;sfumata&#8220; css=&#8220;.vc_custom_1464279220061{padding-top: 50px !important;padding-bottom: 50px !important;}&#8220;][vc_column][vc_empty_space height=&#8220;132px&#8220;][vc_column_text el_class=&#8220;wrap&#8220;] Anfrage nach Verf\u00fcgbarkeit und Preise [\/vc_column_text][\/vc_column][\/vc_row]<\/p>\n","protected":false},"author":36,"featured_media":0,"parent":0,"menu_order":0,"comment_status":"open","ping_status":"open","template":"","meta":{"_genesis_hide_title":false,"_genesis_hide_breadcrumbs":false,"_genesis_hide_singular_image":false,"_genesis_hide_footer_widgets":false,"_genesis_custom_body_class":"request","_genesis_custom_post_class":"","_genesis_layout":"","footnotes":""},"class_list":{"0":"post-2263","1":"page","2":"type-page","3":"status-publish","5":"entry"},"yoast_head":"<!-- This site is optimized with the Yoast SEO plugin v25.7 - https:\/\/yoast.com\/wordpress\/plugins\/seo\/ -->\n<title>Anfrage nach Informationen - Residence Corte Grimani<\/title>\n<meta name=\"description\" content=\"Anfrage nach Informationen, Residence Corte Grimani:\" \/>\n<meta name=\"robots\" content=\"noindex, nofollow\" \/>\n<meta property=\"og:locale\" content=\"de_DE\" \/>\n<meta property=\"og:type\" content=\"article\" \/>\n<meta property=\"og:title\" content=\"Anfrage nach Informationen - Residence Corte Grimani\" \/>\n<meta property=\"og:description\" content=\"Anfrage nach Informationen, Residence Corte Grimani:\" \/>\n<meta property=\"og:url\" content=\"https:\/\/www.cortegrimani.com\/de\/request-de\/\" \/>\n<meta property=\"og:site_name\" content=\"Residence Corte Grimani\" \/>\n<meta property=\"article:modified_time\" content=\"2020-07-01T09:23:41+00:00\" \/>\n<script type=\"application\/ld+json\" class=\"yoast-schema-graph\">{\"@context\":\"https:\/\/schema.org\",\"@graph\":[{\"@type\":\"WebPage\",\"@id\":\"https:\/\/www.cortegrimani.com\/de\/request-de\/\",\"url\":\"https:\/\/www.cortegrimani.com\/de\/request-de\/\",\"name\":\"Anfrage nach Informationen - Residence Corte Grimani\",\"isPartOf\":{\"@id\":\"https:\/\/www.cortegrimani.com\/de\/#website\"},\"datePublished\":\"2013-09-03T14:19:01+00:00\",\"dateModified\":\"2020-07-01T09:23:41+00:00\",\"description\":\"Anfrage nach Informationen, Residence Corte Grimani:\",\"breadcrumb\":{\"@id\":\"https:\/\/www.cortegrimani.com\/de\/request-de\/#breadcrumb\"},\"inLanguage\":\"de\",\"potentialAction\":[{\"@type\":\"ReadAction\",\"target\":[\"https:\/\/www.cortegrimani.com\/de\/request-de\/\"]}]},{\"@type\":\"BreadcrumbList\",\"@id\":\"https:\/\/www.cortegrimani.com\/de\/request-de\/#breadcrumb\",\"itemListElement\":[{\"@type\":\"ListItem\",\"position\":1,\"name\":\"Home\",\"item\":\"https:\/\/www.cortegrimani.com\/de\/\"},{\"@type\":\"ListItem\",\"position\":2,\"name\":\"Anfrage nach Informationen\"}]},{\"@type\":\"WebSite\",\"@id\":\"https:\/\/www.cortegrimani.com\/de\/#website\",\"url\":\"https:\/\/www.cortegrimani.com\/de\/\",\"name\":\"Residence Corte Grimani\",\"description\":\"\",\"potentialAction\":[{\"@type\":\"SearchAction\",\"target\":{\"@type\":\"EntryPoint\",\"urlTemplate\":\"https:\/\/www.cortegrimani.com\/de\/?s={search_term_string}\"},\"query-input\":{\"@type\":\"PropertyValueSpecification\",\"valueRequired\":true,\"valueName\":\"search_term_string\"}}],\"inLanguage\":\"de\"}]}<\/script>\n<!-- \/ Yoast SEO plugin. -->","yoast_head_json":{"title":"Anfrage nach Informationen - Residence Corte Grimani","description":"Anfrage nach Informationen, Residence Corte Grimani:","robots":{"index":"noindex","follow":"nofollow"},"og_locale":"de_DE","og_type":"article","og_title":"Anfrage nach Informationen - Residence Corte Grimani","og_description":"Anfrage nach Informationen, Residence Corte Grimani:","og_url":"https:\/\/www.cortegrimani.com\/de\/request-de\/","og_site_name":"Residence Corte Grimani","article_modified_time":"2020-07-01T09:23:41+00:00","schema":{"@context":"https:\/\/schema.org","@graph":[{"@type":"WebPage","@id":"https:\/\/www.cortegrimani.com\/de\/request-de\/","url":"https:\/\/www.cortegrimani.com\/de\/request-de\/","name":"Anfrage nach Informationen - Residence Corte Grimani","isPartOf":{"@id":"https:\/\/www.cortegrimani.com\/de\/#website"},"datePublished":"2013-09-03T14:19:01+00:00","dateModified":"2020-07-01T09:23:41+00:00","description":"Anfrage nach Informationen, Residence Corte Grimani:","breadcrumb":{"@id":"https:\/\/www.cortegrimani.com\/de\/request-de\/#breadcrumb"},"inLanguage":"de","potentialAction":[{"@type":"ReadAction","target":["https:\/\/www.cortegrimani.com\/de\/request-de\/"]}]},{"@type":"BreadcrumbList","@id":"https:\/\/www.cortegrimani.com\/de\/request-de\/#breadcrumb","itemListElement":[{"@type":"ListItem","position":1,"name":"Home","item":"https:\/\/www.cortegrimani.com\/de\/"},{"@type":"ListItem","position":2,"name":"Anfrage nach Informationen"}]},{"@type":"WebSite","@id":"https:\/\/www.cortegrimani.com\/de\/#website","url":"https:\/\/www.cortegrimani.com\/de\/","name":"Residence Corte Grimani","description":"","potentialAction":[{"@type":"SearchAction","target":{"@type":"EntryPoint","urlTemplate":"https:\/\/www.cortegrimani.com\/de\/?s={search_term_string}"},"query-input":{"@type":"PropertyValueSpecification","valueRequired":true,"valueName":"search_term_string"}}],"inLanguage":"de"}]}},"publishpress_future_action":{"enabled":false,"date":"2026-04-30 08:42:10","action":"change-status","newStatus":"draft","terms":[],"taxonomy":"translation_priority","extraData":[]},"publishpress_future_workflow_manual_trigger":{"enabledWorkflows":[]},"_links":{"self":[{"href":"https:\/\/www.cortegrimani.com\/de\/wp-json\/wp\/v2\/pages\/2263","targetHints":{"allow":["GET"]}}],"collection":[{"href":"https:\/\/www.cortegrimani.com\/de\/wp-json\/wp\/v2\/pages"}],"about":[{"href":"https:\/\/www.cortegrimani.com\/de\/wp-json\/wp\/v2\/types\/page"}],"author":[{"embeddable":true,"href":"https:\/\/www.cortegrimani.com\/de\/wp-json\/wp\/v2\/users\/36"}],"replies":[{"embeddable":true,"href":"https:\/\/www.cortegrimani.com\/de\/wp-json\/wp\/v2\/comments?post=2263"}],"version-history":[{"count":4,"href":"https:\/\/www.cortegrimani.com\/de\/wp-json\/wp\/v2\/pages\/2263\/revisions"}],"predecessor-version":[{"id":3229,"href":"https:\/\/www.cortegrimani.com\/de\/wp-json\/wp\/v2\/pages\/2263\/revisions\/3229"}],"wp:attachment":[{"href":"https:\/\/www.cortegrimani.com\/de\/wp-json\/wp\/v2\/media?parent=2263"}],"curies":[{"name":"wp","href":"https:\/\/api.w.org\/{rel}","templated":true}]}}